{"id":93,"date":"2015-12-15T13:52:02","date_gmt":"2015-12-15T12:52:02","guid":{"rendered":"http:\/\/spmrowiny.gmina.zarow.pl\/?page_id=93"},"modified":"2020-12-22T00:18:32","modified_gmt":"2020-12-21T23:18:32","slug":"kalendarz-imprez","status":"publish","type":"page","link":"http:\/\/spmrowiny.gmina.zarow.pl\/index.php\/kalendarz-imprez\/","title":{"rendered":"Kalendarz imprez"},"content":{"rendered":"<p style=\"text-align: center;\"><strong><em><u>KALENDARZ IMPREZ W ROKU SZKOLNYM 2020\/2021<\/u><\/em><\/strong><\/p>\n<p>&nbsp;<\/p>\n<p>&nbsp;<\/p>\n<table>\n<tbody>\n<tr>\n<td width=\"215\"><strong>MIESI\u0104C<\/strong><\/td>\n<td width=\"454\"><strong>IMPREZY<\/strong><\/td>\n<td width=\"308\"><strong>ODPOWIEDZIALNI<\/strong><\/td>\n<\/tr>\n<tr>\n<td rowspan=\"12\" width=\"215\">&nbsp;<\/p>\n<p><strong><em><u>WRZESIE\u0143<\/u><\/em><\/strong><\/td>\n<td width=\"454\">1. Uroczyste rozpocz\u0119cie roku szkolnego 2020\/2021<\/p>\n<p>-powitanie uczni\u00f3w<\/p>\n<p>-spotkania z wychowawcami klas<\/td>\n<td width=\"308\">Dyrektor szko\u0142y, Wychowawcy klas.<\/td>\n<\/tr>\n<tr>\n<td width=\"454\">2. Narodowe czytanie w \u017barowie.<\/td>\n<td width=\"308\">B.Bana\u015b<\/td>\n<\/tr>\n<tr>\n<td width=\"454\">3. Zebranie z rodzicami. Rada pedagogiczna.<\/td>\n<td width=\"308\">Wszyscy nauczyciele (14.09.2020 r.)<\/td>\n<\/tr>\n<tr>\n<td width=\"454\">4. Wybory Samorz\u0105du Uczniowskiego.<\/td>\n<td width=\"308\">SU z opiekunem<\/td>\n<\/tr>\n<tr>\n<td width=\"454\">5. Wycieczka na najbli\u017csze skrzy\u017cowanie- \u0107wiczenia praktyczne w poruszaniu si\u0119.<\/td>\n<td width=\"308\">Wychowawcy klas 0 i III<\/td>\n<\/tr>\n<tr>\n<td width=\"454\">6. &#8222;<em>Znamy swoje prawa i szanujemy prawa innych&#8221;- kontrakt klasowy<\/em> <strong>(g.wych)<\/strong>.<\/td>\n<td width=\"308\">Wychowawcy klas<\/td>\n<\/tr>\n<tr>\n<td width=\"454\">7. Sprz\u0105tanie \u015awiata 2020- prace porz\u0105dkowe <strong>(g.wych).<\/strong><\/td>\n<td width=\"308\">B.Hajdasz. Wychowawcy klas.<\/td>\n<\/tr>\n<tr>\n<td width=\"454\">8. Dzie\u0144 ch\u0142opaka- wr\u0119czenie drobnych upomink\u00f3w <strong>(g.wych).<\/strong><\/td>\n<td width=\"308\">Wychowawcy klas, SU<\/td>\n<\/tr>\n<tr>\n<td width=\"454\">9. \u015awi\u0119to pieczonego ziemniaka- wsp\u00f3lne ognisko, pieczenie ziemniak\u00f3w.<\/td>\n<td width=\"308\">B.Hajdasz, S.Grajaszek<\/td>\n<\/tr>\n<tr>\n<td width=\"454\">10. Mi\u0119dzynarodowy Dzie\u0144 Kropki.<\/td>\n<td width=\"308\">M.Rudnicka-Sznabel (0-III)<\/td>\n<\/tr>\n<tr>\n<td width=\"454\">11. Warsztaty integracyjne klasa 4.<\/td>\n<td width=\"308\">M.Rudnicka-Sznabel , E.Mosso\u0144<\/td>\n<\/tr>\n<tr>\n<td width=\"454\">12. Spotkanie z przedstawicielem sanepidu.<\/td>\n<td width=\"308\">E. Mosso\u0144<\/td>\n<\/tr>\n<\/tbody>\n<\/table>\n<p>&nbsp;<\/p>\n<table>\n<tbody>\n<tr>\n<td width=\"208\"><strong>MIESI\u0104C<\/strong><\/td>\n<td width=\"461\"><strong>IMPREZY<\/strong><\/td>\n<td width=\"308\"><strong>ODPOWIEDZIALNI<\/strong><\/td>\n<\/tr>\n<tr>\n<td rowspan=\"9\" width=\"208\"><strong><em><u>PA\u0179DZIERNIK<\/u><\/em><\/strong><\/td>\n<td width=\"461\">1. Konsultacje indywidualne.<\/td>\n<td width=\"308\">Wszyscy nauczyciele\u00a0 (26.10.2020 r.)<\/td>\n<\/tr>\n<tr>\n<td width=\"461\">2. Pr\u00f3bna ewakuacja i spotkanie ze stra\u017cakiem (profilaktyka).<\/td>\n<td width=\"308\">Dyrektor Szko\u0142y<\/td>\n<\/tr>\n<tr>\n<td width=\"461\">3.\u00a0 Mi\u0119dzynarodowy Dzie\u0144 Zwierz\u0105t- rozpocz\u0119cie zbi\u00f3rki karmy (profilaktyka). Akcja Dzik- zbieranie \u017co\u0142\u0119dzi i kasztan\u00f3w (profilaktyka).<\/td>\n<td width=\"308\"><u>B.Hajdasz<\/u>, R.Frycz<\/td>\n<\/tr>\n<tr>\n<td width=\"461\">4. Dzie\u0144 Papieski.<\/td>\n<td width=\"308\">A.Szmajda, B.Lesiak<\/td>\n<\/tr>\n<tr>\n<td width=\"461\">5. Wewn\u0105trzszkolny Konkurs Pi\u0119knego Czytania: &#8222;\u0141amacze j\u0119zykowe&#8221;.<\/td>\n<td width=\"308\"><u>B.Bana\u015b<\/u>, M.Mision<\/td>\n<\/tr>\n<tr>\n<td width=\"461\">6. Marzycielska poczta.<\/td>\n<td width=\"308\"><u>S.Grajaszek<\/u>, Wychowawcy klas<\/td>\n<\/tr>\n<tr>\n<td width=\"461\">7. Dzie\u0144 Drzewa <strong>(g.wych).<\/strong><\/td>\n<td width=\"308\">Wychowawcy klas<\/td>\n<\/tr>\n<tr>\n<td width=\"461\">8. Pa\u017adziernik miesi\u0105cem biblioteki.<\/td>\n<td width=\"308\">M.Mision<\/td>\n<\/tr>\n<tr>\n<td width=\"461\">9. Spotkanie z policjantem.<\/td>\n<td width=\"308\">M.Mision<\/td>\n<\/tr>\n<\/tbody>\n<\/table>\n<p>&nbsp;<\/p>\n<table>\n<tbody>\n<tr>\n<td width=\"208\"><strong>MIESI\u0104C<\/strong><\/td>\n<td width=\"461\"><strong>IMPREZY<\/strong><\/td>\n<td width=\"306\"><strong>ODPOWIEDZIALNI<\/strong><\/td>\n<\/tr>\n<tr>\n<td rowspan=\"6\" width=\"208\"><strong><em><u>LISTOPAD<\/u><\/em><\/strong><\/td>\n<td width=\"461\">1. Uroczysty apel z okazji Dnia 11 listopada. Dzie\u0144 Patrona. (Wieczornica)<\/td>\n<td width=\"306\"><u>B.Hajdasz<\/u>,\u00a0 A. Szmajda<\/td>\n<\/tr>\n<tr>\n<td width=\"461\">2. Dzie\u0144 pluszowego misia- dzie\u0144 z w\u0142asn\u0105 zabawk\u0105 (metoda projektu).<\/td>\n<td width=\"306\">R.Frycz, M. Zi\u0119ba<\/td>\n<\/tr>\n<tr>\n<td width=\"461\">3. &#8222;Prosz\u0119, przepraszam, dzi\u0119kuj\u0119&#8221;- Dzie\u0144 \u017cyczliwo\u015bci. Savoir-vivre<\/td>\n<td width=\"306\">Pedagog, psycholog<\/p>\n<p>&nbsp;<\/td>\n<\/tr>\n<tr>\n<td width=\"461\">4. \u015awi\u0119to Niepodleg\u0142o\u015bci- sztandar \u017bar\u00f3w.<\/td>\n<td width=\"306\">A.\u017bydek(11.11.2020 r.)<\/td>\n<\/tr>\n<tr>\n<td width=\"461\">5. Spotkanie z psychoterapeut\u0105 (dzieci + rodzice).<\/td>\n<td width=\"306\">M.Perzy\u0144ski<\/td>\n<\/tr>\n<tr>\n<td width=\"461\">6. Rada pedagogiczna szkoleniowa.<\/td>\n<td width=\"306\">Dyrektor szko\u0142y. Wszyscy nauczyciele\u00a0 (16.11.2020 r.)<\/td>\n<\/tr>\n<\/tbody>\n<\/table>\n<p>&nbsp;<\/p>\n<table>\n<tbody>\n<tr>\n<td width=\"208\"><strong>MIESI\u0104C<\/strong><\/td>\n<td width=\"461\"><strong>IMPREZY<\/strong><\/td>\n<td width=\"306\"><strong>ODPOWIEDZIALNI<\/strong><\/td>\n<\/tr>\n<tr>\n<td rowspan=\"7\" width=\"208\"><strong><em><u>GRUDZIE\u0143<\/u><\/em><\/strong><\/td>\n<td width=\"461\">1. Spotkanie ze \u015awi\u0119tym Miko\u0142ajem-prezenty dla dzieci.<\/td>\n<td width=\"306\">Wychowawcy klas, Rada Rodzic\u00f3w<\/td>\n<\/tr>\n<tr>\n<td width=\"461\">2. Jase\u0142ka, wigilia szkolna.<\/td>\n<td width=\"306\">A.Szmajda<\/td>\n<\/tr>\n<tr>\n<td width=\"461\">3. Szkolenie pierwszej pomocy dla rodzic\u00f3w (profilaktyka).<\/td>\n<td width=\"306\">B.Majchrzak<\/td>\n<\/tr>\n<tr>\n<td width=\"461\">4. IV Turniej ma\u0142ej hali-klasy.<\/td>\n<td width=\"306\"><u>E.Mosso\u0144<\/u><\/td>\n<\/tr>\n<tr>\n<td width=\"461\">5. Zebranie z rodzicami.<\/td>\n<td width=\"306\">Wychowawcy klas\u00a0 (07.12.2020 r.)<\/td>\n<\/tr>\n<tr>\n<td width=\"461\">6. Paczuszka dla maluszka.<\/td>\n<td width=\"306\">A.Szmajda<\/td>\n<\/tr>\n<tr>\n<td width=\"461\">7. Przerwa \u015bwi\u0105teczna.<\/td>\n<td width=\"306\">23.12.2020 r. &#8211; 03.01.2021 r.<\/td>\n<\/tr>\n<\/tbody>\n<\/table>\n<p>&nbsp;<\/p>\n<table>\n<tbody>\n<tr>\n<td width=\"205\"><strong>MIESI\u0104C<\/strong><\/td>\n<td width=\"462\"><strong>IMPREZY<\/strong><\/td>\n<td width=\"309\"><strong>ODPOWIEDZIALNI<\/strong><\/td>\n<\/tr>\n<tr>\n<td rowspan=\"7\" width=\"205\"><strong><em><u>STYCZE\u0143<\/u><\/em><\/strong><\/td>\n<td width=\"462\">1.\u00a0Propozycje ocen \u015br\u00f3drocznych:<\/p>\n<p>&#8211; zagro\u017cenia ocen\u0105 niedostateczn\u0105<\/p>\n<p>&#8211; ostateczny termin wystawienia ocen<\/p>\n<p>&#8211; Rada klasyfikacyjna<\/p>\n<p>&#8211; Rada analityczna<\/td>\n<td width=\"309\">24.11.2020 r.<\/p>\n<p>24.11.2020 r.<\/p>\n<p>18.12.2020 r.<\/p>\n<p>21.12.2020 r.<\/p>\n<p>25.01.2021 r.<\/td>\n<\/tr>\n<tr>\n<td width=\"462\">2.\u00a0Spotkanie op\u0142atkowe w TPAJ w \u015awidnicy.<\/td>\n<td width=\"309\">Dyrektor Szko\u0142y, A.Szmajda, R.Frycz,<\/td>\n<\/tr>\n<tr>\n<td width=\"462\">3. Udzia\u0142 szko\u0142y w spotkaniu op\u0142atkowym wsi Mrowiny. Jase\u0142ka.<\/td>\n<td width=\"309\">A.Szmajda, B.Lesiak, Dyrektor Szko\u0142y<\/td>\n<\/tr>\n<tr>\n<td width=\"462\">4. Zabawa karnawa\u0142owa dla uczni\u00f3w.<\/td>\n<td width=\"309\"><u>S.Grajaszek<\/u>, Wychowawcy klas, SU z opiekunem, Rada Rodzic\u00f3w<\/td>\n<\/tr>\n<tr>\n<td width=\"462\">5. WO\u015aP- akcja charytatywna.<\/td>\n<td width=\"309\">\u00a0<u>E.Mosso\u0144 <\/u>(10.01.2021 r.)<\/td>\n<\/tr>\n<tr>\n<td width=\"462\">6. Dzie\u0144 \u201eBaby i Piernika\u201d. Dzie\u0144 Babci i Dziadka.<\/td>\n<td width=\"309\"><u>S.Grajaszek<\/u>, R.Frycz<\/td>\n<\/tr>\n<tr>\n<td width=\"462\">7. Aktywne ferie. Wyjazd na lodowisko.<\/td>\n<td width=\"309\">E. Mosso\u0144<\/td>\n<\/tr>\n<\/tbody>\n<\/table>\n<p>&nbsp;<\/p>\n<table>\n<tbody>\n<tr>\n<td width=\"205\"><strong>MIESI\u0104C<\/strong><\/td>\n<td width=\"462\"><strong>IMPREZY<\/strong><\/td>\n<td width=\"309\"><strong>ODPOWIEDZIALNI<\/strong><\/td>\n<\/tr>\n<tr>\n<td rowspan=\"6\" width=\"205\"><strong><em><u>LUTY<\/u><\/em><\/strong><\/td>\n<td width=\"462\">1. Walentynki- poczta walentynkowa, dyskoteka.<\/td>\n<td width=\"309\">SU z opiekunem, wychowawcy klas<\/td>\n<\/tr>\n<tr>\n<td width=\"462\">2. Zimowa gwiazda- IV Gminny Konkurs Recytatorski.<\/td>\n<td width=\"309\"><u>A.\u017bydek<\/u><\/td>\n<\/tr>\n<tr>\n<td width=\"462\">3. Og\u00f3lnopolski dzie\u0144 walki z depresj\u0105.<\/td>\n<td width=\"309\">M.Rudnicka-Sznabel<\/td>\n<\/tr>\n<tr>\n<td width=\"462\">4. \u201eRandka z ksi\u0105\u017ck\u0105\u201d.<\/td>\n<td width=\"309\">M.Mision<\/td>\n<\/tr>\n<tr>\n<td width=\"462\">5. Dzie\u0144 Bezpiecznego Internetu.<\/td>\n<td width=\"309\">M.Rudnicka-Sznabel<\/td>\n<\/tr>\n<tr>\n<td width=\"462\">6. Rada pedagogiczna szkoleniowa.<\/td>\n<td width=\"309\">Dyrektor szko\u0142y. Wszyscy nauczyciele (15.02.2021 r.)<\/td>\n<\/tr>\n<\/tbody>\n<\/table>\n<p>&nbsp;<\/p>\n<table>\n<tbody>\n<tr>\n<td width=\"205\"><strong>MIESI\u0104C<\/strong><\/td>\n<td width=\"462\"><strong>IMPREZY<\/strong><\/td>\n<td width=\"309\"><strong>ODPOWIEDZIALNI<\/strong><\/td>\n<\/tr>\n<tr>\n<td rowspan=\"9\" width=\"205\"><strong><em><u>\u00a0<\/u><\/em><\/strong><\/p>\n<p><strong><em><u>\u00a0<\/u><\/em><\/strong><\/p>\n<p><strong><em><u>\u00a0<\/u><\/em><\/strong><\/p>\n<p><strong><em><u>\u00a0<\/u><\/em><\/strong><\/p>\n<p><strong><em><u>\u00a0<\/u><\/em><\/strong><\/p>\n<p><strong><em><u>MARZEC<\/u><\/em><\/strong><\/td>\n<td width=\"462\">1. Zebranie z rodzicami.<\/td>\n<td width=\"309\">Wychowawcy klas. Dyrektor Szko\u0142y (15.03.2021 r.)<\/p>\n<p>&nbsp;<\/td>\n<\/tr>\n<tr>\n<td width=\"462\">2. \u015awi\u0119to wiosny- dzie\u0144 przebiera\u0144c\u00f3w, Miss wiosny. Dzie\u0144 j\u0119zykowy.<\/td>\n<td width=\"309\"><u>A.\u017bydek, <\/u>N.Lenart<\/td>\n<\/tr>\n<tr>\n<td width=\"462\">3. Matematyczne Mistrzostwa Szko\u0142y.<\/td>\n<td width=\"309\">S.Grajaszek<\/td>\n<\/tr>\n<tr>\n<td width=\"462\">4. Mi\u0119dzyszkolne Mistrzostwa Matematyczne.<\/td>\n<td width=\"309\">S.Grajaszek<\/td>\n<\/tr>\n<tr>\n<td width=\"462\">5. Akcja- &#8222;Dbamy o z\u0119by&#8221; (profilaktyka), ulotki, plakaty. Spotkanie z piel\u0119gniark\u0105.<\/td>\n<td width=\"309\">M.Zi\u0119ba, R.Frycz<\/td>\n<\/tr>\n<tr>\n<td width=\"462\">6. Wewn\u0105trzszkolny Konkurs Pi\u0119knego Czytania &#8222;Moja ksi\u0105\u017cka- Dla Ciebie&#8221;.<\/td>\n<td width=\"309\">M.Mision<\/td>\n<\/tr>\n<tr>\n<td width=\"462\">7. Przegl\u0105d piosenki \u201eZielono mi\u201d.<\/td>\n<td width=\"309\">\u00a0<u>E.Mosso\u0144<\/u>, klasy II-VIII<\/td>\n<\/tr>\n<tr>\n<td width=\"462\">8. Zbi\u00f3rka karmy dla zwierz\u0105t- profilaktyka.<\/td>\n<td width=\"309\">B.Hajdasz<\/td>\n<\/tr>\n<tr>\n<td width=\"462\">9. Warsztaty- motywacja klasa 8.<\/td>\n<td width=\"309\">M.Rudnicka-Sznabel<\/td>\n<\/tr>\n<\/tbody>\n<\/table>\n<p>&nbsp;<\/p>\n<table>\n<tbody>\n<tr>\n<td width=\"205\"><strong>MIESI\u0104C<\/strong><\/td>\n<td width=\"462\"><strong>IMPREZY<\/strong><\/td>\n<td width=\"309\"><strong>ODPOWIEDZIALNI<\/strong><\/td>\n<\/tr>\n<tr>\n<td rowspan=\"6\" width=\"205\"><strong><em><u>\u00a0<\/u><\/em><\/strong><\/p>\n<p><strong><em><u>\u00a0<\/u><\/em><\/strong><\/p>\n<p><strong><em><u>KWIECIE\u0143<\/u><\/em><\/strong><\/td>\n<td width=\"462\">1. Konsultacje indywidualne. Zebranie klasa 8.<\/td>\n<td width=\"309\">Wszyscy nauczyciele (19.04.2021 r.)<\/td>\n<\/tr>\n<tr>\n<td width=\"462\">2. \u015awi\u0119to 3 maja- gazetki w klasach.<\/td>\n<td width=\"309\">Wychowawcy klas<\/td>\n<\/tr>\n<tr>\n<td width=\"462\">3.\u00a0\u015awiatowy Dzie\u0144 Zdrowia. Spotkanie z kosmetyczk\u0105-\u201eJak dba\u0107\u00a0\u00a0\u00a0\u00a0\u00a0\u00a0\u00a0\u00a0\u00a0\u00a0 o cer\u0119\u201d<\/td>\n<td width=\"309\">M. Rudnicka- Sznabel<\/td>\n<\/tr>\n<tr>\n<td width=\"462\">4. Zbi\u00f3rka nakr\u0119tek.<\/td>\n<td width=\"309\">SU z opiekunem<\/td>\n<\/tr>\n<tr>\n<td width=\"462\">5. \u015awiatowy Dzie\u0144 \u015awiadomo\u015bci Autyzmu.<\/td>\n<td width=\"309\">M. Rudnicka-Sznabel<\/td>\n<\/tr>\n<tr>\n<td width=\"462\">6. Konkurs fotograficzny dla klas starszych- selfie z ksi\u0105\u017ck\u0105.<\/td>\n<td width=\"309\">M.Mision<\/td>\n<\/tr>\n<\/tbody>\n<\/table>\n<p>&nbsp;<\/p>\n<table>\n<tbody>\n<tr>\n<td width=\"208\"><strong>MIESI\u0104C<\/strong><\/td>\n<td width=\"461\"><strong>IMPREZY<\/strong><\/td>\n<td width=\"309\"><strong>ODPOWIEDZIALNI<\/strong><\/td>\n<\/tr>\n<tr>\n<td rowspan=\"6\" width=\"208\"><strong><em><u>\u00a0<\/u><\/em><\/strong><\/p>\n<p><strong><em><u>MAJ<\/u><\/em><\/strong><\/td>\n<td width=\"461\">1.\u00a0IV Gminna Olimpiada Sportowa Przedszkolak\u00f3w.<\/td>\n<td width=\"309\">\u00a0R.Frycz, E.Mosso\u0144<\/td>\n<\/tr>\n<tr>\n<td width=\"461\">2. Informacja o uczniach zagro\u017conych ocen\u0105 niedostateczn\u0105<\/p>\n<p>&#8211; propozycje ocen ko\u0144coworocznych<\/p>\n<p>&#8211; zebranie z rodzicami<\/td>\n<td width=\"309\">\u00a017.05.2021 r.<\/p>\n<p>17.05.2021 r.<\/p>\n<p>17.05.2021 r.<\/td>\n<\/tr>\n<tr>\n<td width=\"461\">3. \u015awi\u0119to 3 maja. (sztandar)<\/td>\n<td width=\"309\">A.\u017bydek<\/td>\n<\/tr>\n<tr>\n<td width=\"461\">4. Zebranie z rodzicami.<\/td>\n<td width=\"309\">Wszyscy nauczyciele. (17.05.2021 r.)<\/td>\n<\/tr>\n<tr>\n<td width=\"461\">5. Piknik rodzinny- Dzie\u0144 Sportu, Dzie\u0144 Mamy i Taty.<\/td>\n<td width=\"309\"><u>S.Grajaszek,<\/u> E.Mosso\u0144. Pozostali nauczyciele (29.05.2021 r.)<\/td>\n<\/tr>\n<tr>\n<td width=\"461\">6. Egzamin VIII-klasisty.<\/td>\n<td width=\"309\">N.Lenart, S.Grajaszek, B.Bana\u015b<\/td>\n<\/tr>\n<\/tbody>\n<\/table>\n<p>&nbsp;<\/p>\n<table>\n<tbody>\n<tr>\n<td width=\"208\"><strong>MIESI\u0104C<\/strong><\/td>\n<td width=\"461\"><strong>IMPREZY<\/strong><\/td>\n<td width=\"308\"><strong>ODPOWIEDZIALNI<\/strong><\/td>\n<\/tr>\n<tr>\n<td rowspan=\"6\" width=\"208\"><strong><em><u>\u00a0<\/u><\/em><\/strong><\/p>\n<p><strong><em><u>\u00a0<\/u><\/em><\/strong><\/p>\n<p><strong><em><u>\u00a0<\/u><\/em><\/strong><\/p>\n<p><strong><em><u>\u00a0<\/u><\/em><\/strong><\/p>\n<p><strong><em><u>CZERWIEC<\/u><\/em><\/strong><\/td>\n<td width=\"461\">1. Turniej wiedzy o zagro\u017ceniach i bezpiecze\u0144stwie.<\/td>\n<td width=\"308\">E.Mosso\u0144<\/td>\n<\/tr>\n<tr>\n<td width=\"461\">2. Zachowaj trze\u017awy umys\u0142- akcja profilaktyczna w szkole.<\/td>\n<td width=\"308\">Pedagog, Wychowawcy klas<\/td>\n<\/tr>\n<tr>\n<td width=\"461\">3. Dni \u017barowa<\/td>\n<td width=\"308\">M.Zi\u0119ba, A.Szmajda<\/td>\n<\/tr>\n<tr>\n<td width=\"461\">4. Propozycje ocen ko\u0144coworocznych:<\/p>\n<p>&#8211; zagro\u017cenia ocen\u0105 niedostateczn\u0105<\/p>\n<p>&#8211; ostateczny termin wystawienia ocen<\/p>\n<p>&#8211; Rada klasyfikacyjna<\/p>\n<p>&#8211; Rada analityczna<\/td>\n<td width=\"308\">17.05.2021 r.<\/p>\n<p>17.05.2021r.<\/p>\n<p>14.06.2021 r.<\/p>\n<p>17.06.2021 r.<\/p>\n<p>23.06.2021 r.<\/td>\n<\/tr>\n<tr>\n<td width=\"461\">5. Dzie\u0144 Godno\u015bci.<\/td>\n<td width=\"308\">M.Zi\u0119ba.<\/td>\n<\/tr>\n<tr>\n<td width=\"461\">6. Uroczyste zako\u0144czenie roku szkolnego.<\/td>\n<td width=\"308\">Klasa VII-VIII (25.06.2021 r.)<\/td>\n<\/tr>\n<\/tbody>\n<\/table>\n<p>&nbsp;<\/p>\n","protected":false},"excerpt":{"rendered":"<p>KALENDARZ IMPREZ W ROKU SZKOLNYM 2020\/2021 &nbsp; &nbsp; MIESI\u0104C IMPREZY ODPOWIEDZIALNI &nbsp; WRZESIE\u0143 1. Uroczyste rozpocz\u0119cie roku szkolnego 2020\/2021 -powitanie uczni\u00f3w -spotkania z wychowawcami klas Dyrektor szko\u0142y, Wychowawcy klas. 2. Narodowe czytanie w \u017barowie. B.Bana\u015b 3. Zebranie z rodzicami. Rada pedagogiczna. Wszyscy nauczyciele (14.09.2020 r.) 4. Wybory Samorz\u0105du Uczniowskiego. SU z opiekunem 5. Wycieczka na [&hellip;]<\/p>\n","protected":false},"author":1,"featured_media":0,"parent":0,"menu_order":0,"comment_status":"closed","ping_status":"closed","template":"","meta":[],"_links":{"self":[{"href":"http:\/\/spmrowiny.gmina.zarow.pl\/index.php\/wp-json\/wp\/v2\/pages\/93"}],"collection":[{"href":"http:\/\/spmrowiny.gmina.zarow.pl\/index.php\/wp-json\/wp\/v2\/pages"}],"about":[{"href":"http:\/\/spmrowiny.gmina.zarow.pl\/index.php\/wp-json\/wp\/v2\/types\/page"}],"author":[{"embeddable":true,"href":"http:\/\/spmrowiny.gmina.zarow.pl\/index.php\/wp-json\/wp\/v2\/users\/1"}],"replies":[{"embeddable":true,"href":"http:\/\/spmrowiny.gmina.zarow.pl\/index.php\/wp-json\/wp\/v2\/comments?post=93"}],"version-history":[{"count":18,"href":"http:\/\/spmrowiny.gmina.zarow.pl\/index.php\/wp-json\/wp\/v2\/pages\/93\/revisions"}],"predecessor-version":[{"id":15852,"href":"http:\/\/spmrowiny.gmina.zarow.pl\/index.php\/wp-json\/wp\/v2\/pages\/93\/revisions\/15852"}],"wp:attachment":[{"href":"http:\/\/spmrowiny.gmina.zarow.pl\/index.php\/wp-json\/wp\/v2\/media?parent=93"}],"curies":[{"name":"wp","href":"https:\/\/api.w.org\/{rel}","templated":true}]}}