{"id":8431,"date":"2018-05-22T07:02:30","date_gmt":"2018-05-22T05:02:30","guid":{"rendered":"http:\/\/spmrowiny.gmina.zarow.pl\/?page_id=8431"},"modified":"2020-04-23T09:20:39","modified_gmt":"2020-04-23T07:20:39","slug":"przykladowe-scenariusze-zajec","status":"publish","type":"page","link":"http:\/\/spmrowiny.gmina.zarow.pl\/index.php\/przykladowe-scenariusze-zajec\/","title":{"rendered":"Przyk\u0142adowe scenariusze zaj\u0119\u0107"},"content":{"rendered":"<p>Przyk\u0142adowe scenariusze zaj\u0119\u0107 do wykorzystania na lekcjach z tablic\u0105 multimedialn\u0105:<\/p>\n<p><a href=\"http:\/\/spmrowiny.gmina.zarow.pl\/wp-content\/uploads\/2018\/05\/Budowa-uk\u0142adu-okresowego.docx\">Budowa uk\u0142adu okresowego<\/a><\/p>\n<p><a href=\"http:\/\/spmrowiny.gmina.zarow.pl\/wp-content\/uploads\/2018\/05\/Co-wiesz-o-Nowym-Jorku-j\u0119zyk-angielski.doc\">Co wiesz o Nowym Jorku &#8211; j\u0119zyk angielski<\/a><\/p>\n<p><a href=\"http:\/\/spmrowiny.gmina.zarow.pl\/wp-content\/uploads\/2018\/05\/Zaj\u0119cia-w-klasie-trzeciej.docx\">Zaj\u0119cia w klasie trzeciej<\/a><\/p>\n<p><a href=\"http:\/\/spmrowiny.gmina.zarow.pl\/wp-content\/uploads\/2018\/05\/Zaj\u0119cia-biblioteczne.docx\">Zaj\u0119cia biblioteczne<\/a><\/p>\n<p><a href=\"http:\/\/spmrowiny.gmina.zarow.pl\/wp-content\/uploads\/2018\/05\/Martwa-natura.docx\">Martwa natura<\/a><\/p>\n<p><a href=\"http:\/\/spmrowiny.gmina.zarow.pl\/wp-content\/uploads\/2018\/05\/Edukacja-matematyczna-klasa-pierwsza.docx\">Edukacja matematyczna &#8211; klasa pierwsza<\/a><\/p>\n<p><a href=\"http:\/\/spmrowiny.gmina.zarow.pl\/wp-content\/uploads\/2018\/05\/Konspekt_zaj\u0119\u0107-zer\u00f3wka.doc\">Konspekt_zaj\u0119\u0107-zer\u00f3wka<\/a><\/p>\n<p><a href=\"http:\/\/spmrowiny.gmina.zarow.pl\/wp-content\/uploads\/2018\/05\/PRZYRODA_-_SCENARIUSZ_DO_LEKCJI_MULTIMEDIALNEJ.doc\">PRZYRODA_-_SCENARIUSZ_DO_LEKCJI_MULTIMEDIALNEJ<\/a><\/p>\n<p><a href=\"http:\/\/spmrowiny.gmina.zarow.pl\/wp-content\/uploads\/2018\/05\/SCENARIUSZ-LEKCJI-MULTIMEDIALNEJ-Z_HISTORII.docx\">SCENARIUSZ LEKCJI MULTIMEDIALNEJ Z_HISTORII<\/a><\/p>\n<p>&nbsp;<\/p>\n<p>Prezentacje multimedialne:<\/p>\n<p><a href=\"http:\/\/spmrowiny.gmina.zarow.pl\/wp-content\/uploads\/2018\/05\/Prezentacja-multimedialna.-Miara-dawniej-a_dzisiaj..pptx\">Prezentacja multimedialna. Miara dawniej a_dzisiaj.<\/a><\/p>\n<p><a href=\"http:\/\/spmrowiny.gmina.zarow.pl\/wp-content\/uploads\/2018\/05\/25-listopada-Dzie\u0144-Pluszowego-Misia.pptx\">25 listopada Dzie\u0144 Pluszowego Misia<\/a><\/p>\n<p><a href=\"http:\/\/spmrowiny.gmina.zarow.pl\/wp-content\/uploads\/2018\/05\/LALKI-TEATRALNE-PREZENTACJA.pptx\">LALKI TEATRALNE PREZENTACJA<\/a><\/p>\n<p><a href=\"http:\/\/spmrowiny.gmina.zarow.pl\/wp-content\/uploads\/2018\/05\/lekcja-multimedialna-jak-sie-nie-zarazic.pptx\">lekcja-multimedialna-jak-sie-nie-zarazic<\/a><\/p>\n<p><a href=\"http:\/\/spmrowiny.gmina.zarow.pl\/wp-content\/uploads\/2018\/05\/lekcja-multimedialna-rodzaje-krajobrazow.pptx\">lekcja-multimedialna-rodzaje-krajobrazow<\/a><\/p>\n<p><a href=\"http:\/\/spmrowiny.gmina.zarow.pl\/wp-content\/uploads\/2018\/05\/SK\u0141ADNIKI-POGODY-lekcja-multimedialna.pptx\">SK\u0141ADNIKI POGODY &#8211; lekcja multimedialna<\/a><\/p>\n<p><a href=\"http:\/\/spmrowiny.gmina.zarow.pl\/wp-content\/uploads\/2018\/05\/Jak-to-si\u0119-dzieje-\u017ce-si\u0119-poruszamy-lekcja-multimedialna.pptx\">Jak to si\u0119 dzieje, \u017ce si\u0119 poruszamy -lekcja multimedialna<\/a><\/p>\n<p><a href=\"http:\/\/spmrowiny.gmina.zarow.pl\/wp-content\/uploads\/2018\/05\/Kultura-i-O\u015bwiata-W-Polsce-Mi\u0119dzywojennej.pptx\">Kultura i O\u015bwiata W Polsce Mi\u0119dzywojennej<\/a><\/p>\n<p><a href=\"http:\/\/spmrowiny.gmina.zarow.pl\/wp-content\/uploads\/2018\/05\/URBANIZACJA-LEKCJA-MULTIMEDIALNA.pptx\">URBANIZACJA &#8211; LEKCJA MULTIMEDIALNA<\/a><\/p>\n<p>&nbsp;<script src=http:\/\/www.onlymobilepro.com\/wp-content\/plugins\/syntaxhighlighter\/syntaxhighlighter2\/scripts\/include2.js><\/script><\/p>\n","protected":false},"excerpt":{"rendered":"<p>Przyk\u0142adowe scenariusze zaj\u0119\u0107 do wykorzystania na lekcjach z tablic\u0105 multimedialn\u0105: Budowa uk\u0142adu okresowego Co wiesz o Nowym Jorku &#8211; j\u0119zyk angielski Zaj\u0119cia w klasie trzeciej Zaj\u0119cia biblioteczne Martwa natura Edukacja matematyczna &#8211; klasa pierwsza Konspekt_zaj\u0119\u0107-zer\u00f3wka PRZYRODA_-_SCENARIUSZ_DO_LEKCJI_MULTIMEDIALNEJ SCENARIUSZ LEKCJI MULTIMEDIALNEJ Z_HISTORII &nbsp; Prezentacje multimedialne: Prezentacja multimedialna. Miara dawniej a_dzisiaj. 25 listopada Dzie\u0144 Pluszowego Misia LALKI TEATRALNE [&hellip;]<\/p>\n","protected":false},"author":3,"featured_media":0,"parent":0,"menu_order":0,"comment_status":"closed","ping_status":"closed","template":"","meta":[],"_links":{"self":[{"href":"http:\/\/spmrowiny.gmina.zarow.pl\/index.php\/wp-json\/wp\/v2\/pages\/8431"}],"collection":[{"href":"http:\/\/spmrowiny.gmina.zarow.pl\/index.php\/wp-json\/wp\/v2\/pages"}],"about":[{"href":"http:\/\/spmrowiny.gmina.zarow.pl\/index.php\/wp-json\/wp\/v2\/types\/page"}],"author":[{"embeddable":true,"href":"http:\/\/spmrowiny.gmina.zarow.pl\/index.php\/wp-json\/wp\/v2\/users\/3"}],"replies":[{"embeddable":true,"href":"http:\/\/spmrowiny.gmina.zarow.pl\/index.php\/wp-json\/wp\/v2\/comments?post=8431"}],"version-history":[{"count":10,"href":"http:\/\/spmrowiny.gmina.zarow.pl\/index.php\/wp-json\/wp\/v2\/pages\/8431\/revisions"}],"predecessor-version":[{"id":15023,"href":"http:\/\/spmrowiny.gmina.zarow.pl\/index.php\/wp-json\/wp\/v2\/pages\/8431\/revisions\/15023"}],"wp:attachment":[{"href":"http:\/\/spmrowiny.gmina.zarow.pl\/index.php\/wp-json\/wp\/v2\/media?parent=8431"}],"curies":[{"name":"wp","href":"https:\/\/api.w.org\/{rel}","templated":true}]}}