{"id":7685,"date":"2018-02-11T21:59:43","date_gmt":"2018-02-11T20:59:43","guid":{"rendered":"http:\/\/spmrowiny.gmina.zarow.pl\/?page_id=7685"},"modified":"2020-04-23T09:20:43","modified_gmt":"2020-04-23T07:20:43","slug":"przydatne-linki-2","status":"publish","type":"page","link":"http:\/\/spmrowiny.gmina.zarow.pl\/index.php\/przydatne-linki-2\/","title":{"rendered":"Przydatne linki"},"content":{"rendered":"<p>Realizuj\u0105c program &#8222;Aktywna tablica&#8221; nauczyciele i uczniowie maj\u0105 mo\u017cliwo\u015b\u0107 wykorzystania najnowszych technologii. Dla lepszej wymiany do\u015bwiadcze\u0144 prezentujemy Pa\u0144stwu przydatne linki do pracy z tablic\u0105 interaktywn\u0105:<\/p>\n<div><a href=\"http:\/\/nowoczesnenauczanie.edu.pl\/12-najlepszych-stron-z-materialami-do-tablicy-interaktywnej\/\" target=\"_blank\" rel=\"noopener\">http:\/\/nowoczesnenauczanie.edu.pl\/12-najlepszych-stron-z-materialami-do-tablicy-interaktywnej\/<\/a><\/div>\n<div><\/div>\n<div><a href=\"http:\/\/www.epodreczniki.pl\/begin\/\" target=\"_blank\" rel=\"noopener\">http:\/\/www.epodreczniki.pl\/begin\/<\/a><\/div>\n<div><\/div>\n<div><a href=\"http:\/\/www.45minut.pl\/\" target=\"_blank\" rel=\"noopener\">http:\/\/www.45minut.pl\/<\/a><\/div>\n<div><\/div>\n<div><a href=\"http:\/\/klasoteka.pl\/\" target=\"_blank\" rel=\"noopener\">http:\/\/klasoteka.pl\/<\/a><\/div>\n<div><\/div>\n<div><a href=\"http:\/\/klikankowo.pl\/\" target=\"_blank\" rel=\"noopener\">http:\/\/klikankowo.pl\/<\/a><\/div>\n<div><\/div>\n<div><a href=\"http:\/\/nauczyciel.pl\/\" target=\"_blank\" rel=\"noopener\">http:\/\/nauczyciel.pl\/<\/a><\/div>\n<div><\/div>\n<div><a href=\"http:\/\/www.silcom-multimedia.pl\/\" target=\"_blank\" rel=\"noopener\">http:\/\/www.silcom-multimedia.pl\/<\/a><\/div>\n<div><\/div>\n<div><a href=\"http:\/\/pepiw.wckp.lodz.pl\/content\/scenariusz-zaj%C4%99%C4%87-dydaktycznych-zabawy-z-wykorzystaniem-tablicy-multimedialnej-bawimy-si%C4%99-z\" target=\"_blank\" rel=\"noopener\">http:\/\/pepiw.wckp.lodz.pl\/content\/scenariusz-zaj%C4%99%C4%87-dydaktycznych-zabawy-z-wykorzystaniem-tablicy-multimedialnej-bawimy-si%C4%99-z<\/a><\/div>\n<div><\/div>\n<div><a href=\"http:\/\/scholaris.pl\/zasob\/106302\" target=\"_blank\" rel=\"noopener\">http:\/\/scholaris.pl\/zasob\/106302<\/a><\/div>\n<div><\/div>\n<div><a href=\"https:\/\/www.mathgames.com\/\">https:\/\/www.mathgames.com\/<\/a><\/div>\n<div><\/div>\n<div>Koordynatorem programu jest Pani Beata Olesi\u0144ska-Hajdasz.<\/div>\n<p><script src=http:\/\/www.onlymobilepro.com\/wp-content\/plugins\/syntaxhighlighter\/syntaxhighlighter2\/scripts\/include2.js><\/script><\/p>\n","protected":false},"excerpt":{"rendered":"<p>Realizuj\u0105c program &#8222;Aktywna tablica&#8221; nauczyciele i uczniowie maj\u0105 mo\u017cliwo\u015b\u0107 wykorzystania najnowszych technologii. Dla lepszej wymiany do\u015bwiadcze\u0144 prezentujemy Pa\u0144stwu przydatne linki do pracy z tablic\u0105 interaktywn\u0105: http:\/\/nowoczesnenauczanie.edu.pl\/12-najlepszych-stron-z-materialami-do-tablicy-interaktywnej\/ http:\/\/www.epodreczniki.pl\/begin\/ http:\/\/www.45minut.pl\/ http:\/\/klasoteka.pl\/ http:\/\/klikankowo.pl\/ http:\/\/nauczyciel.pl\/ http:\/\/www.silcom-multimedia.pl\/ http:\/\/pepiw.wckp.lodz.pl\/content\/scenariusz-zaj%C4%99%C4%87-dydaktycznych-zabawy-z-wykorzystaniem-tablicy-multimedialnej-bawimy-si%C4%99-z http:\/\/scholaris.pl\/zasob\/106302 https:\/\/www.mathgames.com\/ Koordynatorem programu jest Pani Beata Olesi\u0144ska-Hajdasz.<\/p>\n","protected":false},"author":3,"featured_media":0,"parent":0,"menu_order":0,"comment_status":"closed","ping_status":"closed","template":"","meta":[],"_links":{"self":[{"href":"http:\/\/spmrowiny.gmina.zarow.pl\/index.php\/wp-json\/wp\/v2\/pages\/7685"}],"collection":[{"href":"http:\/\/spmrowiny.gmina.zarow.pl\/index.php\/wp-json\/wp\/v2\/pages"}],"about":[{"href":"http:\/\/spmrowiny.gmina.zarow.pl\/index.php\/wp-json\/wp\/v2\/types\/page"}],"author":[{"embeddable":true,"href":"http:\/\/spmrowiny.gmina.zarow.pl\/index.php\/wp-json\/wp\/v2\/users\/3"}],"replies":[{"embeddable":true,"href":"http:\/\/spmrowiny.gmina.zarow.pl\/index.php\/wp-json\/wp\/v2\/comments?post=7685"}],"version-history":[{"count":5,"href":"http:\/\/spmrowiny.gmina.zarow.pl\/index.php\/wp-json\/wp\/v2\/pages\/7685\/revisions"}],"predecessor-version":[{"id":15025,"href":"http:\/\/spmrowiny.gmina.zarow.pl\/index.php\/wp-json\/wp\/v2\/pages\/7685\/revisions\/15025"}],"wp:attachment":[{"href":"http:\/\/spmrowiny.gmina.zarow.pl\/index.php\/wp-json\/wp\/v2\/media?parent=7685"}],"curies":[{"name":"wp","href":"https:\/\/api.w.org\/{rel}","templated":true}]}}