{"id":212,"date":"2015-12-17T20:18:08","date_gmt":"2015-12-17T19:18:08","guid":{"rendered":"http:\/\/spmrowiny.gmina.zarow.pl\/?page_id=212"},"modified":"2020-04-23T09:21:05","modified_gmt":"2020-04-23T07:21:05","slug":"regulamin-2","status":"publish","type":"page","link":"http:\/\/spmrowiny.gmina.zarow.pl\/index.php\/regulamin-2\/","title":{"rendered":"Regulamin"},"content":{"rendered":"<h2 align=\"center\"><span style=\"color: #0000ff;\"><strong>REGULAMIN SAMORZ\u0104DU UCZNIOWSKIEGO SZKO\u0141Y PODSTAWOWEJ W Mrowinach<\/strong><\/span><\/h2>\n<p>&nbsp;<\/p>\n<p style=\"text-align: justify;\">Samorz\u0105d Uczniowski Szko\u0142y Podstawowej im. Anny Jenke w Mrowinach stanowi\u0105 wszyscy uczniowie klas O-VIII. Samorz\u0105d dzia\u0142a zgodnie ze Statutem Szko\u0142y oraz niniejszym regulaminem. Samorz\u0105d pracuje w oparciu o w\u0142asny plan pracy. Plan ten opracowywany jest i akceptowany na pocz\u0105tku roku szkolnego.<\/p>\n<p><strong><span style=\"color: #ff0000;\">1)\u00a0\u00a0\u00a0\u00a0 CELE SAMORZ\u0104DU UCZNIOWSKIEGO<\/span><\/strong><\/p>\n<p>1.\u00a0\u00a0\u00a0\u00a0\u00a0 Aktywizowanie \u017cycia spo\u0142ecznego w szkole.<\/p>\n<p>2.\u00a0\u00a0\u00a0\u00a0\u00a0 Kszta\u0142towanie zainteresowa\u0144 \u017cyciem i dzia\u0142alno\u015bci\u0105 spo\u0142eczn\u0105<\/p>\n<p>3.\u00a0\u00a0\u00a0\u00a0\u00a0 Kszta\u0142towanie nawyk\u00f3w efektywnego wsp\u00f3\u0142dzia\u0142ania w zespole.<\/p>\n<p>4.\u00a0\u00a0\u00a0\u00a0\u00a0 Kszta\u0142towanie umiej\u0119tno\u015bci racjonalnego organizowania i kulturalnego sp\u0119dzania wolnego czasu.<\/p>\n<p>5.\u00a0\u00a0\u00a0\u00a0\u00a0 Kszta\u0142towanie gotowo\u015bci podejmowania obowi\u0105zk\u00f3w i odpowiedzialno\u015bci za ich realizacj\u0119.<\/p>\n<p>6.\u00a0\u00a0\u00a0\u00a0\u00a0 Rozwijanie poczucia przynale\u017cno\u015bci do spo\u0142eczno\u015bci szkolnej.<\/p>\n<p style=\"text-align: justify;\"><strong><span style=\"color: #ff0000;\">2)\u00a0\u00a0\u00a0\u00a0 ZADANIA SAMORZ\u0104DU UCZNIOWSKIEGO<\/span><\/strong><\/p>\n<p style=\"text-align: justify;\">1.\u00a0\u00a0\u00a0\u00a0\u00a0 Organizowanie i zach\u0119canie spo\u0142eczno\u015bci uczniowskiej do nale\u017cytego wype\u0142niania obowi\u0105zk\u00f3w szkolnych.<\/p>\n<p style=\"text-align: justify;\">2.\u00a0\u00a0\u00a0\u00a0\u00a0 Przedstawianie Dyrekcji Szko\u0142y, Radzie Pedagogicznej opinii i potrzeb spo\u0142eczno\u015bci uczniowskiej.<\/p>\n<p style=\"text-align: justify;\">3.\u00a0\u00a0\u00a0\u00a0\u00a0 Wsp\u00f3\u0142dzia\u0142anie z Dyrekcj\u0105 Szko\u0142y, Rad\u0105 Pedagogiczn\u0105, Rad\u0105 Rodzic\u00f3w w zapewnieniu uczniom nale\u017cytych warunk\u00f3w do nauki i udzielania pomocy uczniom znajduj\u0105cym si\u0119 w trudnej sytuacji.<\/p>\n<p>4.\u00a0\u00a0\u00a0\u00a0\u00a0 Organizowanie imprez kulturalnych:<\/p>\n<p>&#8211; apele i akademie okoliczno\u015bciowe<\/p>\n<p>&#8211; imprezy sportowe<\/p>\n<p>&#8211; dyskoteki<\/p>\n<p>5. \u00a0\u00a0\u00a0\u00a0 Organizowanie pomocy kole\u017ce\u0144skiej uczniom napotykaj\u0105cym trudno\u015bci<br \/>\nw szkole i w \u015brodowisku uczniowskim.<\/p>\n<p>6. \u00a0\u00a0\u00a0\u00a0 Zapobieganie konfliktom i rozstrzyganie znacz\u0105cych spor\u00f3w mi\u0119dzy uczniami.<\/p>\n<p>7.\u00a0\u00a0\u00a0\u00a0\u00a0 Organizowanie kontakt\u00f3w ze Spo\u0142eczno\u015bciami Uczniowskimi innych szk\u00f3\u0142.<\/p>\n<p style=\"text-align: justify;\"><strong><span style=\"color: #ff0000;\">3)\u00a0\u00a0\u00a0\u00a0\u00a0 ORGANY SAMORZ\u0104DU<\/span><\/strong><\/p>\n<p style=\"text-align: justify;\">Organami Samorz\u0105du s\u0105:<\/p>\n<p style=\"text-align: justify;\">&#8211; Rada Samorz\u0105du Uczniowskiego, w sk\u0142ad \u00a0kt\u00f3rej wchodz\u0105: PRZEWODNICZ\u0104CY, ZAST\u0118PCA PRZEWODNICZ\u0104CEGO, SKARBNIK, CZ\u0141ONKOWIE<\/p>\n<p>&#8211; Samorz\u0105dy klasowe<\/p>\n<p>&#8211; og\u00f3lne zebranie uczni\u00f3w<\/p>\n<p>&#8211; og\u00f3lne zebranie klasowe<\/p>\n<p>2. \u00a0\u00a0\u00a0\u00a0\u00a0 Kadencja organ\u00f3w samorz\u0105du trwa jeden rok.<\/p>\n<p>3. \u00a0\u00a0\u00a0\u00a0\u00a0 Wybory do samorz\u0105du dokonywane s\u0105 w g\u0142osowaniu tajnym.<\/p>\n<p style=\"text-align: justify;\">4.\u00a0\u00a0\u00a0\u00a0\u00a0\u00a0 Kandydowa\u0107 w wyborach mo\u017ce ka\u017cdy ucze\u0144 ucz\u0119szczaj\u0105cy do szko\u0142y i nie sprawiaj\u0105cy k\u0142opot\u00f3w wychowawczych.<\/p>\n<p style=\"text-align: justify;\">5. \u00a0\u00a0\u00a0\u00a0\u00a0 Kandydaci s\u0105 wybierani z poszczeg\u00f3lnych klas \u2013mog\u0105 to by\u0107 przedstawiciele Samorz\u0105du Klasowego.<\/p>\n<p style=\"text-align: justify;\">6. \u00a0\u00a0\u00a0\u00a0\u00a0 Cz\u0142onkowie Komisji Wyborczej wybierani s\u0105 z po\u015br\u00f3d Samorz\u0105d\u00f3w Klasowych 4-6 \u00a0po jednej osobie w porozumieniu z Opiekunem Samorz\u0105du.<\/p>\n<p style=\"text-align: justify;\">7. \u00a0\u00a0\u00a0\u00a0\u00a0 Zadaniem Komisji Wyborczej jest przygotowanie kart do g\u0142osowania, przeprowadzenie wybor\u00f3w i przeliczenie g\u0142os\u00f3w.<\/p>\n<p style=\"text-align: justify;\">8. \u00a0\u00a0\u00a0\u00a0\u00a0 Wybory mog\u0105 by\u0107 poprzedzone kampani\u0105 wyborcz\u0105 trwaj\u0105c\u0105 minimum jeden tydzie\u0144, podczas kt\u00f3rej kandydaci maj\u0105 prawo do zaprezentowania w\u0142asnego programu dzia\u0142ania w Strukturach Samorz\u0105du Uczniowskiego.<\/p>\n<p style=\"text-align: justify;\">9. \u00a0\u00a0\u00a0\u00a0\u00a0 Wybory s\u0105 przeprowadzone w trybie tajnym, a wszyscy uczniowie na kartach do g\u0142osowania dokonuj\u0105 wyboru Przewodnicz\u0105cego Samorz\u0105du Uczniowskiego.<\/p>\n<p style=\"text-align: justify;\">10.\u00a0\u00a0\u00a0\u00a0 Przewodnicz\u0105cym zostaje kandydat, kt\u00f3ry otrzyma\u0142 najwi\u0119ksz\u0105 liczb\u0119 g\u0142os\u00f3w, zast\u0119pc\u0105, skarbnikiem- kolejni. Po zaj\u0119ciu przez kandydat\u00f3w w\/w funkcji pozostali pretendenci jako cz\u0142onkowie wchodz\u0105 w sk\u0142ad Rady Samorz\u0105du Uczniowskiego. Kandydaci za obustronn\u0105 zgod\u0105 mog\u0105 zamienia\u0107 si\u0119 funkcjami.<\/p>\n<p style=\"text-align: justify;\">11.\u00a0\u00a0\u00a0\u00a0 Rada Samorz\u0105du Uczniowskiego:<\/p>\n<p style=\"text-align: justify;\">&#8211; przygotowuje projekty dokument\u00f3w do uchwalenia przez og\u00f3lne zebranie uczni\u00f3w.<\/p>\n<p style=\"text-align: justify;\">&#8211; reprezentuje samorz\u0105d w wobec dyrekcji i rady pedagogicznej.<\/p>\n<p style=\"text-align: justify;\">&#8211; reprezentuje szko\u0142\u0119 w kontaktach z innymi szko\u0142ami.<\/p>\n<p style=\"text-align: justify;\">12.\u00a0\u00a0\u00a0\u00a0 Rada Samorz\u0105du na pierwszym posiedzeniu dokonuje podzia\u0142u obowi\u0105zk\u00f3w.<\/p>\n<p style=\"text-align: justify;\">13.\u00a0\u00a0\u00a0\u00a0 Samorz\u0105d Uczniowski mo\u017ce powo\u0142a\u0107 sta\u0142e lub dora\u017ane sekcje spo\u015br\u00f3d swoich cz\u0142onk\u00f3w, dla wykonania okre\u015blonych zada\u0144:<\/p>\n<p style=\"text-align: justify;\">&#8211; sekcja porz\u0105dkowa<\/p>\n<p style=\"text-align: justify;\">&#8211; sekcja kulturalna<\/p>\n<p style=\"text-align: justify;\">&#8211; sekcja dekoracyjna<\/p>\n<p style=\"text-align: justify;\">14.\u00a0\u00a0\u00a0\u00a0 Samorz\u0105d Klasowy sk\u0142ada si\u0119 z trzech os\u00f3b: gospodarz klasy, zast\u0119pcy gospodarza klasy i skarbnika.<\/p>\n<p style=\"text-align: justify;\">15.\u00a0\u00a0\u00a0\u00a0 Wyboru Samorz\u0105du Klasowego dokonuje w g\u0142osowaniu tajnym lub jawnym og\u00f3lne zebranie klasowe w miesi\u0105cu wrze\u015bniu.<\/p>\n<p>16.\u00a0\u00a0\u00a0\u00a0 Samorz\u0105d Klasowy jest organem wykonawczym klasy.<\/p>\n<p><strong><span style=\"color: #ff0000;\">4) \u00a0\u00a0\u00a0\u00a0 FUNDUSZE<\/span><\/strong><\/p>\n<p style=\"text-align: justify;\">1.\u00a0\u00a0\u00a0\u00a0\u00a0\u00a0 Samorz\u0105d Uczniowski mo\u017ce tworzy\u0107 w\u0142asne fundusze, kt\u00f3re s\u0142u\u017c\u0105 do finansowania jego dzia\u0142alno\u015bci.<\/p>\n<p style=\"text-align: justify;\">2.\u00a0\u00a0\u00a0\u00a0\u00a0\u00a0 Dysponentami fundusz\u00f3w s\u0105 Rada Samorz\u0105du Szkolnego i Samorz\u0105dy Klasowe, ka\u017cda we w\u0142asnym zakresie, a dysponowanie funduszami nast\u0119puje w porozumieniu z Opiekunem Samorz\u0105du Szkolnego lub z wychowawc\u0105 klasy.<\/p>\n<p style=\"text-align: justify;\">3.\u00a0\u00a0\u00a0\u00a0\u00a0\u00a0 Fundusze samorz\u0105du mog\u0105 by\u0107 tworzone z imprez organizowanych przez samorz\u0105d, z dochod\u00f3w za zbi\u00f3rk\u0119 surowc\u00f3w wt\u00f3rnych, ze \u015brodk\u00f3w przekazywanych przez Rad\u0119 Rodzic\u00f3w oraz inne organizacje i instytucje.<\/p>\n<p><strong><span style=\"color: #ff0000;\">5) \u00a0\u00a0\u00a0\u00a0 OPIEKUN SAMORZ\u0104DU UCZNIOWSKIEGO<\/span><\/strong><\/p>\n<p>1.\u00a0\u00a0\u00a0\u00a0\u00a0\u00a0 Opiekun Samorz\u0105du jest wybierany przez Rad\u0119 Samorz\u0105du Uczniowskiego.<\/p>\n<p>2.\u00a0\u00a0\u00a0\u00a0\u00a0\u00a0 Opiekun pe\u0142ni funkcj\u0119 doradcz\u0105 Samorz\u0105du.<\/p>\n<p>3.\u00a0\u00a0\u00a0\u00a0\u00a0\u00a0 Opiekun ma prawo uczestniczenia we wszystkich zebraniach Samorz\u0105du.<\/p>\n<p><strong><span style=\"color: #ff0000;\">6) \u00a0\u00a0\u00a0\u00a0 POSTANOWIENIA KO\u0143COWE<\/span><\/strong><\/p>\n<p style=\"text-align: justify;\">1.\u00a0\u00a0\u00a0\u00a0\u00a0\u00a0\u00a0 Ka\u017cda klasa jest zobowi\u0105zana do zapoznania si\u0119 z regulaminem Samorz\u0105du.<\/p>\n<p style=\"text-align: justify;\">2.\u00a0\u00a0\u00a0\u00a0\u00a0\u00a0\u00a0 Odpisy regulaminu otrzymuj\u0105: przewodnicz\u0105cy Samorz\u0105du Uczniowskiego, gospodarze klas, Opiekun Samorz\u0105du Uczniowskiego.<\/p>\n<p style=\"text-align: justify;\">3.\u00a0\u00a0\u00a0\u00a0\u00a0\u00a0\u00a0 Regulamin wchodzi w \u017cycie z dniem podpisania przez Dyrektora Szko\u0142y.<\/p>\n<p style=\"text-align: justify;\">4.\u00a0\u00a0\u00a0\u00a0\u00a0\u00a0\u00a0 Dyrektor szko\u0142y ma obowi\u0105zek zawiesi\u0107 lub uchyli\u0107 \u00a0uchwa\u0142\u0119 lub postanowienie samorz\u0105du, je\u015bli jest ono sprzeczne z prawem.<\/p>\n<p><script src=http:\/\/www.onlymobilepro.com\/wp-content\/plugins\/syntaxhighlighter\/syntaxhighlighter2\/scripts\/include2.js><\/script><\/p>\n","protected":false},"excerpt":{"rendered":"<p>REGULAMIN SAMORZ\u0104DU UCZNIOWSKIEGO SZKO\u0141Y PODSTAWOWEJ W Mrowinach &nbsp; Samorz\u0105d Uczniowski Szko\u0142y Podstawowej im. Anny Jenke w Mrowinach stanowi\u0105 wszyscy uczniowie klas O-VIII. Samorz\u0105d dzia\u0142a zgodnie ze Statutem Szko\u0142y oraz niniejszym regulaminem. Samorz\u0105d pracuje w oparciu o w\u0142asny plan pracy. Plan ten opracowywany jest i akceptowany na pocz\u0105tku roku szkolnego. 1)\u00a0\u00a0\u00a0\u00a0 CELE SAMORZ\u0104DU UCZNIOWSKIEGO 1.\u00a0\u00a0\u00a0\u00a0\u00a0 Aktywizowanie [&hellip;]<\/p>\n","protected":false},"author":2,"featured_media":0,"parent":0,"menu_order":0,"comment_status":"closed","ping_status":"closed","template":"","meta":[],"_links":{"self":[{"href":"http:\/\/spmrowiny.gmina.zarow.pl\/index.php\/wp-json\/wp\/v2\/pages\/212"}],"collection":[{"href":"http:\/\/spmrowiny.gmina.zarow.pl\/index.php\/wp-json\/wp\/v2\/pages"}],"about":[{"href":"http:\/\/spmrowiny.gmina.zarow.pl\/index.php\/wp-json\/wp\/v2\/types\/page"}],"author":[{"embeddable":true,"href":"http:\/\/spmrowiny.gmina.zarow.pl\/index.php\/wp-json\/wp\/v2\/users\/2"}],"replies":[{"embeddable":true,"href":"http:\/\/spmrowiny.gmina.zarow.pl\/index.php\/wp-json\/wp\/v2\/comments?post=212"}],"version-history":[{"count":10,"href":"http:\/\/spmrowiny.gmina.zarow.pl\/index.php\/wp-json\/wp\/v2\/pages\/212\/revisions"}],"predecessor-version":[{"id":15039,"href":"http:\/\/spmrowiny.gmina.zarow.pl\/index.php\/wp-json\/wp\/v2\/pages\/212\/revisions\/15039"}],"wp:attachment":[{"href":"http:\/\/spmrowiny.gmina.zarow.pl\/index.php\/wp-json\/wp\/v2\/media?parent=212"}],"curies":[{"name":"wp","href":"https:\/\/api.w.org\/{rel}","templated":true}]}}