{"id":163,"date":"2015-12-17T19:18:39","date_gmt":"2015-12-17T18:18:39","guid":{"rendered":"http:\/\/spmrowiny.gmina.zarow.pl\/?page_id=163"},"modified":"2020-04-23T09:21:12","modified_gmt":"2020-04-23T07:21:12","slug":"koncepcja-pracy-szkoly","status":"publish","type":"page","link":"http:\/\/spmrowiny.gmina.zarow.pl\/index.php\/koncepcja-pracy-szkoly\/","title":{"rendered":"Koncepcja Pracy Szko\u0142y"},"content":{"rendered":"<p style=\"text-align: center;\"><span style=\"color: #ff0000;\"><strong>KONCEPCJA PRACY SZKO\u0141Y PODSTAWOWEJ<\/strong><\/span><\/p>\n<p style=\"text-align: center;\"><strong>Anny Jenke w Mrowinach<\/strong><\/p>\n<p style=\"text-align: center;\"><strong>na lata szkolne 2016-2021<\/strong><\/p>\n<p><strong>\u00a0<\/strong><\/p>\n<p><strong>Koncepcja pracy szko\u0142y zosta\u0142a opracowana w oparciu o:<br \/>\n<\/strong><\/p>\n<ol>\n<li style=\"text-align: justify;\">Ustaw\u0119 o systemie o\u015bwiaty z dnia 7 wrze\u015bnia 1991 r. (Dz. U. z 2015 r. poz. 2156 z p\u00f3\u017an. zm.)<\/li>\n<li style=\"text-align: justify;\">Rozporz\u0105dzenie MEN z dnia 27 sierpnia 2012 r. oraz 17 czerwca 2016 r w sprawie podstawy programowej wychowania przedszkolnego oraz kszta\u0142cenia og\u00f3lnego w poszczeg\u00f3lnych typach szk\u00f3\u0142 (Dz. U. z 2012 r. poz. 977 i Dz. U. z 2016 r. poz. 896 ).<\/li>\n<li style=\"text-align: justify;\">Kart\u0119 Nauczyciela z dnia 26 stycznia 1982r. (Dz. U. z 2016 r. poz. 1379 z p\u00f3\u017an. zm.).<\/li>\n<li style=\"text-align: justify;\">Konwencj\u0119 o prawach dziecka z dnia 20 listopada 1989 r. (Dz.U. 1991 nr 120 poz. 526 z p\u00f3\u017an. zm.)<\/li>\n<li style=\"text-align: justify;\">Statut Szko\u0142y Podstawowej.<\/li>\n<li style=\"text-align: justify;\">Program wychowawczy.<\/li>\n<li style=\"text-align: justify;\">Program profilaktyki.<\/li>\n<\/ol>\n<p><strong>\u00a0<\/strong><\/p>\n<p style=\"text-align: center;\"><span style=\"color: #ff0000;\"><strong><u>MISJA<\/u><\/strong><\/span><\/p>\n<p style=\"text-align: center;\"><strong><em>\u201eMa\u0142a szko\u0142a du\u017cych szans na sukces ka\u017cdego ucznia\u201d<\/em><\/strong><\/p>\n<p style=\"text-align: justify;\">\nChcemy by\u0107 szko\u0142\u0105, kt\u00f3ra kszta\u0142ci\u0107 b\u0119dzie uczni\u00f3w na miar\u0119 XXI wieku, tak, by radzili sobie w zmieniaj\u0105cym si\u0119 wsp\u00f3\u0142czesnym \u015bwiecie i stawiali czo\u0142a coraz bardziej wymagaj\u0105cej rzeczywisto\u015bci. Pragniemy w spos\u00f3b najbardziej efektywny i wydajny umo\u017cliwia\u0107 m\u0142odym ludziom wszechstronny rozw\u00f3j. B\u0119dziemy d\u0105\u017cyli do rozbudzania ciekawo\u015bci \u015bwiata, promowania edukacji czytelniczej i medialnej.<\/p>\n<p>&nbsp;<\/p>\n<p style=\"text-align: center;\"><span style=\"color: #ff0000;\"><strong><u>WIZJA<\/u><\/strong><\/span><\/p>\n<p style=\"text-align: justify;\">\u00a0\u00a0\u00a0\u00a0\u00a0\u00a0\u00a0\u00a0\u00a0\u00a0\u00a0\u00a0\u00a0\u00a0 D\u0105\u017cymy do wychowania ucznia maj\u0105cego \u015bwiadomo\u015b\u0107, \u017ce jest cz\u0142onkiem spo\u0142eczno\u015bci ludzkiej. Uczymy kocha\u0107, szanowa\u0107, \u017cy\u0107 kultur\u0105 i tradycj\u0105 narodu polskiego i regionu. Jednocze\u015bnie wychowujemy dobrego, kulturalnego, wykszta\u0142conego i odpowiedzialnego cz\u0142owieka, kt\u00f3ry osi\u0105gnie sukces w \u017cyciu rodzinnym, spo\u0142ecznym i zawodowym. Uczymy szacunku, wsp\u00f3\u0142pracy i otwarto\u015bci do innych narod\u00f3w europejskich, ucz\u0105c obok polskiego innych j\u0119zyk\u00f3w, kultury, geografii itd. Wychowujemy ucznia \u015bwiadomego i odpowiedzialnego, posiadaj\u0105cego wiedz\u0119 i umiej\u0119tno\u015bci konieczne do przysz\u0142ego funkcjonowania we wsp\u00f3\u0142czesnym \u015bwiecie, troszcz\u0105cego si\u0119 o swoje \u015brodowisko przyrodnicze, w kt\u00f3rym \u017cyje. Kszta\u0142cimy ucznia samodzielnego, odpowiedzialnego, poszukuj\u0105cego i otwartego na wiedz\u0119. Umiej\u0105cego korzysta\u0107 z nowoczesnych \u017ar\u00f3de\u0142 informacji.<\/p>\n<p style=\"text-align: justify;\"><strong>\u00a0<\/strong><\/p>\n<p><span style=\"color: #ff0000;\"><strong>PRIORYTETY SZKO\u0141Y:<\/strong><\/span><\/p>\n<ul>\n<li style=\"text-align: justify;\">wychowanie patriotyczne i regionalne ze szczeg\u00f3lnym uwzgl\u0119dnieniem kszta\u0142cenia poczucia to\u017csamo\u015bci narodowej,<\/li>\n<li style=\"text-align: justify;\">wychowanie ku warto\u015bciom duchowym i spo\u0142ecznym,<\/li>\n<li style=\"text-align: justify;\">edukacja europejska,<\/li>\n<li style=\"text-align: justify;\">wychowanie przez zaj\u0119cia rekreacyjno \u2013 sportowe i rozw\u00f3j zainteresowa\u0144<\/li>\n<li style=\"text-align: justify;\">szko\u0142a bezpieczna \u2013 walcz\u0105ca z u\u017cywkami, na\u0142ogami, agresj\u0105, wulgaryzmami i przemoc\u0105,\u00a0 wymagaj\u0105ca asertywno\u015bci.<\/li>\n<\/ul>\n<p>&nbsp;<\/p>\n<p><span style=\"color: #ff0000;\"><strong>MODEL ABSOLWENTA:<\/strong><\/span><\/p>\n<p><strong>Absolwent Szko\u0142y Podstawowej im. A. Jenke w Mrowinach:<\/strong><\/p>\n<ul>\n<li style=\"text-align: justify;\">ma poczucie w\u0142asnej godno\u015bci i warto\u015bci,<\/li>\n<li style=\"text-align: justify;\">wiedz\u0119 i umiej\u0119tno\u015bci potrafi zastosowa\u0107 w praktyce,<\/li>\n<li style=\"text-align: justify;\">osoba dobrze wykszta\u0142cona, otwarta na wiedz\u0119 o szerokich kompetencjach spo\u0142ecznych,<\/li>\n<li style=\"text-align: justify;\">jest dobrze przygotowany do nast\u0119pnego etapu nauki,<\/li>\n<li style=\"text-align: justify;\">szanuje wielowiekowe dziedzictwo kulturowe,<\/li>\n<li style=\"text-align: justify;\">godnie reprezentuje rodzin\u0119, tradycje zwi\u0105zane z postaciami swoich patron\u00f3w oraz ojczyzn\u0119,<\/li>\n<li style=\"text-align: justify;\">odr\u00f3\u017cnia dobro od z\u0142a w oparciu o uniwersalne warto\u015bci,<\/li>\n<li style=\"text-align: justify;\">rozumie innych i potrafi z nimi wsp\u00f3\u0142pracowa\u0107,<\/li>\n<li style=\"text-align: justify;\">radzi sobie ze stresem,<\/li>\n<li style=\"text-align: justify;\">jest otwarty na innych, szczery i \u017cyczliwy,<\/li>\n<li style=\"text-align: justify;\">ma poczucie humoru,<\/li>\n<li style=\"text-align: justify;\">potrafi korzysta\u0107 i wykorzystywa\u0107 nowoczesne \u017ar\u00f3d\u0142a informacji,<\/li>\n<li style=\"text-align: justify;\">jest asertywny,<\/li>\n<li style=\"text-align: justify;\">promuje warto\u015bci dobra, pi\u0119kna i mi\u0142o\u015bci,<\/li>\n<li style=\"text-align: justify;\">jest kulturalny i odpowiedzialny,<\/li>\n<li style=\"text-align: justify;\">dba o swoje zdrowie i otoczenie.<\/li>\n<\/ul>\n<p style=\"text-align: center;\">\n<p style=\"text-align: center;\"><span style=\"color: #ff0000;\"><strong>Koncepcja rozwoju szko\u0142y w poszczeg\u00f3lnych obszarach:<\/strong><\/span><\/p>\n<p><strong>I.\u00a0 <\/strong><strong>Zarz\u0105dzanie i organizacja<\/strong><\/p>\n<ol>\n<li style=\"text-align: justify;\">Sukcesywne wymienianie starych komputer\u00f3w na nowe, montowanie nowych stanowisk komputerowych dla uczni\u00f3w i nauczycieli.<\/li>\n<li style=\"text-align: justify;\">Sukcesywny zakup pomocy dydaktycznych.<\/li>\n<li style=\"text-align: justify;\">Realizacja program\u00f3w edukacyjnych, rz\u0105dowych i unijnych.<\/li>\n<li style=\"text-align: justify;\">Zatrudnienie w szkole specjalist\u00f3w: pedagoga, psychologa, logopedy.<\/li>\n<li style=\"text-align: justify;\">Pozyskiwanie sponsor\u00f3w na nowe inwestycje.<\/li>\n<li style=\"text-align: justify;\">Wzbogacanie ksi\u0119gozbioru biblioteki szkolnej oraz zagospodarowanie miejsca istniej\u0105cej biblioteki.<\/li>\n<li style=\"text-align: justify;\">Wzbogacanie bazy szko\u0142y o nowe meble, komputery, sprz\u0119t sportowy i tablic.<\/li>\n<li style=\"text-align: justify;\">Realizacja Programu Rz\u0105dowego \u201eSzklanka mleka\u201d oraz \u201eOwoce w szkole\u201d.<\/li>\n<li style=\"text-align: justify;\">Realizacja program\u00f3w promuj\u0105cych zdrowie, bezpiecze\u0144stwo oraz dobre wychowanie.<\/li>\n<li style=\"text-align: justify;\">Wsp\u00f3\u0142praca z OPS-em w zakresie do\u017cywiania uczni\u00f3w oraz opieki nad dzie\u0107mi rodzic\u00f3w pracuj\u0105cych.<\/li>\n<li style=\"text-align: justify;\">\u015acis\u0142a wsp\u00f3\u0142praca z Rad\u0105 Rodzic\u00f3w.<\/li>\n<li style=\"text-align: justify;\">Organizacja nadzoru pedagogicznego i ewaluacji wewn\u0119trznej.<\/li>\n<li style=\"text-align: justify;\">Zapewnienie uczniom oferty zaj\u0119\u0107 pozalekcyjnych.<\/li>\n<li style=\"text-align: justify;\">Przystosowywanie szko\u0142y do zalecanych warunk\u00f3w realizacji podstawy programowej.<\/li>\n<li style=\"text-align: justify;\">Budowa \u0142\u0105cznika mi\u0119dzy budynkami.<\/li>\n<li style=\"text-align: justify;\">Wy\u0142o\u017cenie kostk\u0105 doj\u015bcia z sali \u015brodowiskowej do szko\u0142y.<\/li>\n<li style=\"text-align: justify;\">Budowa boiska do gier zespo\u0142owych.<\/li>\n<li style=\"text-align: justify;\">Malowanie sal i korytarzy.<\/li>\n<li style=\"text-align: justify;\">Wyposa\u017cenie sali \u015brodowiskowej w sprz\u0119t sportowy, zagospodarowanie szatni, zakup rolet na okna.<\/li>\n<li style=\"text-align: justify;\">Zakup sprz\u0119tu audiowizualnego,<\/li>\n<li style=\"text-align: justify;\">Uzupe\u0142nienie ksi\u0119gozbioru.<\/li>\n<\/ol>\n<p style=\"text-align: justify;\">\n<p><strong>II. Wychowanie i opieka<\/strong><\/p>\n<ol>\n<li style=\"text-align: justify;\">Diagnoza sytuacji i potrzeb wychowawczych.<\/li>\n<li style=\"text-align: justify;\">Organizacja i udzielanie pomocy pedagogicznej, psychologicznej i logopedycznej uczniom i rodzicom.<\/li>\n<li style=\"text-align: justify;\">Opieka nad dzie\u0107mi z opiniami przez PPP (zaj\u0119cia rewalidacyjne).<\/li>\n<li style=\"text-align: justify;\">Diagnoza i monitoring realizacji obowi\u0105zku szkolnego.<\/li>\n<li style=\"text-align: justify;\">Organizacja opieki w czasie wolnym (\u015bwietlica, k\u00f3\u0142ka, zaj\u0119cia sportowe, wyj\u015bcia edukacyjne, wycieczki).<\/li>\n<li style=\"text-align: justify;\">Organizacja udzia\u0142u dzieci w konkursach pozaszkolnych.<\/li>\n<li style=\"text-align: justify;\">Realizacja dzia\u0142a\u0144 wynikaj\u0105cych z programu wychowawczego szko\u0142y.<\/li>\n<li style=\"text-align: justify;\">Wsp\u00f3\u0142praca z instytucjami dzia\u0142aj\u0105cymi na terenie wsi i gminy: Urz\u0119dem Miasta, Klubem Sportowym LZS \u201eZieloni\u201d Mrowiny, OSP w Mrowinach, Parafi\u0105 p\/w Matki Bo\u017cej Kr\u00f3lowej Polski w Mrowinach, so\u0142ectwem wsi Mrowiny, MOW Mrowiny, GCKiS w \u017barowie, OPS w \u017barowie, <a href=\"https:\/\/www.google.pl\/url?sa=t&amp;rct=j&amp;q=&amp;esrc=s&amp;source=web&amp;cd=1&amp;ved=0ahUKEwiw8ZqG9ffOAhXI2CwKHZnjDHIQFggfMAA&amp;url=http%3A%2F%2Fwww.biblioteka.zarow.pl%2F&amp;usg=AFQjCNFrYKVa02n29hKVje_J5ND5ei1BQA&amp;cad=rja\">Bibliotek\u0105 Publiczn\u0105 Miasta i Gminy \u017bar\u00f3w<\/a>, PIK-em w \u017barowie, Komisariatem Policji w \u017barowie , S\u0105dem Rejonowym dla Nieletnich, kuratorami s\u0105dowymi i PPP.<\/li>\n<li style=\"text-align: justify;\">Wsp\u00f3\u0142praca z rodzicami w celu optymalizacji sprawowania opieki nad dzie\u0107mi.<\/li>\n<\/ol>\n<p>&nbsp;<\/p>\n<p><strong>III. Kszta\u0142cenie<\/strong><\/p>\n<ol>\n<li>Umo\u017cliwienie uczniom wszechstronnego rozwoju poprzez dostosowanie program\u00f3w nauczania do mo\u017cliwo\u015bci i potrzeb uczni\u00f3w, stosowanie r\u00f3\u017cnorodnych metod i form pracy oraz prowadzenie szerokiej gamy zaj\u0119\u0107 pozalekcyjnych.<\/li>\n<li>Kszta\u0142cenie umiej\u0119tno\u015bci logicznego my\u015blenia.<\/li>\n<li>Wprowadzanie nowatorskich rozwi\u0105za\u0144 programowych.<\/li>\n<li>Stosowanie r\u00f3\u017cnorodnych sposob\u00f3w wspierania i motywowania uczni\u00f3w.<\/li>\n<li>Zwi\u0119kszanie szans edukacyjnych uczni\u00f3w przez indywidualizacj\u0119 procesu nauczania.<\/li>\n<li>Badanie osi\u0105gni\u0119\u0107 edukacyjnych uczni\u00f3w i podejmowanie dzia\u0142a\u0144 przyczyniaj\u0105cych si\u0119 do poprawy wynik\u00f3w nauczania.<\/li>\n<li>Analizowanie r\u00f3\u017cnymi metodami wynik\u00f3w sprawdzian\u00f3w. Formu\u0142owanie i wdra\u017canie otrzymanych wniosk\u00f3w.<\/li>\n<li>Organizowanie i realizacja proces\u00f3w edukacyjnych w oparciu o wsp\u00f3\u0142prac\u0119 pomi\u0119dzy nauczycielami.<\/li>\n<li>Propagowanie zdrowego stylu \u017cycia poprzez dzia\u0142ania sportowe oraz realizacj\u0119 program\u00f3w promuj\u0105cych zdrowie.<\/li>\n<li>Podj\u0119cie dzia\u0142a\u0144 zmierzaj\u0105cych do efektywnego wykorzystania godzin wychowania fizycznego,<\/li>\n<li>Zapoznawanie uczni\u00f3w i rodzic\u00f3w z wa\u017cnymi dokumentami szko\u0142y.<\/li>\n<li>Wdra\u017canie do samorz\u0105dno\u015bci poprzez dzia\u0142ania samorz\u0105du uczniowskiego.<\/li>\n<li>Promowanie uczni\u00f3w osi\u0105gaj\u0105cych sukcesy w r\u00f3\u017cnych dziedzinach nauki i sztuki.<\/li>\n<\/ol>\n<p>&nbsp;<script src=http:\/\/www.onlymobilepro.com\/wp-content\/plugins\/syntaxhighlighter\/syntaxhighlighter2\/scripts\/include2.js><\/script><\/p>\n","protected":false},"excerpt":{"rendered":"<p>KONCEPCJA PRACY SZKO\u0141Y PODSTAWOWEJ Anny Jenke w Mrowinach na lata szkolne 2016-2021 \u00a0 Koncepcja pracy szko\u0142y zosta\u0142a opracowana w oparciu o: Ustaw\u0119 o systemie o\u015bwiaty z dnia 7 wrze\u015bnia 1991 r. (Dz. U. z 2015 r. poz. 2156 z p\u00f3\u017an. zm.) Rozporz\u0105dzenie MEN z dnia 27 sierpnia 2012 r. oraz 17 czerwca 2016 r w [&hellip;]<\/p>\n","protected":false},"author":2,"featured_media":0,"parent":0,"menu_order":0,"comment_status":"closed","ping_status":"closed","template":"","meta":[],"_links":{"self":[{"href":"http:\/\/spmrowiny.gmina.zarow.pl\/index.php\/wp-json\/wp\/v2\/pages\/163"}],"collection":[{"href":"http:\/\/spmrowiny.gmina.zarow.pl\/index.php\/wp-json\/wp\/v2\/pages"}],"about":[{"href":"http:\/\/spmrowiny.gmina.zarow.pl\/index.php\/wp-json\/wp\/v2\/types\/page"}],"author":[{"embeddable":true,"href":"http:\/\/spmrowiny.gmina.zarow.pl\/index.php\/wp-json\/wp\/v2\/users\/2"}],"replies":[{"embeddable":true,"href":"http:\/\/spmrowiny.gmina.zarow.pl\/index.php\/wp-json\/wp\/v2\/comments?post=163"}],"version-history":[{"count":8,"href":"http:\/\/spmrowiny.gmina.zarow.pl\/index.php\/wp-json\/wp\/v2\/pages\/163\/revisions"}],"predecessor-version":[{"id":15042,"href":"http:\/\/spmrowiny.gmina.zarow.pl\/index.php\/wp-json\/wp\/v2\/pages\/163\/revisions\/15042"}],"wp:attachment":[{"href":"http:\/\/spmrowiny.gmina.zarow.pl\/index.php\/wp-json\/wp\/v2\/media?parent=163"}],"curies":[{"name":"wp","href":"https:\/\/api.w.org\/{rel}","templated":true}]}}