{"id":16113,"date":"2021-07-23T08:40:44","date_gmt":"2021-07-23T06:40:44","guid":{"rendered":"http:\/\/spmrowiny.gmina.zarow.pl\/?page_id=16113"},"modified":"2021-07-26T13:26:32","modified_gmt":"2021-07-26T11:26:32","slug":"wyprawka-dla-4-i-5-latkow","status":"publish","type":"page","link":"http:\/\/spmrowiny.gmina.zarow.pl\/index.php\/wyprawka-dla-4-i-5-latkow\/","title":{"rendered":"Wyprawka dla 4- i 5- latk\u00f3w"},"content":{"rendered":"\n<div class=\"wp-block-file\"><a href=\"http:\/\/spmrowiny.gmina.zarow.pl\/wp-content\/uploads\/2021\/07\/WYPRAWKA-DLA-PRZEDSZKOLAKOW.doc\">WYPRAWKA-DLA-PRZEDSZKOLAKOW<\/a><a href=\"http:\/\/spmrowiny.gmina.zarow.pl\/wp-content\/uploads\/2021\/07\/WYPRAWKA-DLA-PRZEDSZKOLAKOW.doc\" class=\"wp-block-file__button\" download>Pobierz<\/a><\/div>\n\n\n\n<p><strong>PRZYBORY SZKOLNE:<\/strong><\/p>\n\n\n\n<ul><li>TECZKA NA PRACE (Z GUMK\u0104)<\/li><li>RYZA PAPIERU KSERO<\/li><li>BLOK RYSUNKOWY A4 \u2013 BIA\u0141Y<\/li><li>BLOK RYSUNKOWY A4 \u2013 KOLOROWY<\/li><li>BLOK TECHNICZNY A4 \u2013 BIA\u0141Y<\/li><li>BLOK TECHNICZNY A4 \u2013 KOLOROWY<\/li><li>PAPIER KOLOROWY-WYCINANKA<\/li><li>KOLOROWA BIBU\u0141A<\/li><li>KREDKI \u015aWIECOWE<\/li><li>KREDKI O\u0141\u00d3WKOWE DOBRZE RYSUJ\u0104CE, NP. BAMBINO (JE\u017bELI TO MO\u017bLIWE-TR\u00d3JK\u0104TNE)<\/li><li>KLEJ W SZTYFCIE -2 SZT.<\/li><li>PLASTELINA (12 KOLOR\u00d3W)<\/li><li>FARBY PLAKATOWE<\/li><li>FARBY AKWARELOWE<\/li><li>2 P\u0118DZLE \u2013 CIENKI I GRUBY<\/li><li>KUBEK NA WOD\u0118 (MO\u017bE BY\u0106 NP. PO JOGURCIE)<\/li><li>2 MI\u0118KKIE O\u0141\u00d3WKI<\/li><li>GUMKA<\/li><li>TEMPER\u00d3WKA<\/li><li>NO\u017bYCZKI (DZIECI LEWOR\u0118CZNE \u2013 NO\u017bYCZKI DLA LEWOR\u0118CZNYCH)<\/li><li>ZESZYT 16-KARTKOWY W KRATK\u0118 (DO KORESPONDENCJI)<\/li><\/ul>\n\n\n\n<p><strong>UBRANIA:<\/strong><\/p>\n\n\n\n<ul><li>OBUWIE ZMIENNE (NA RZEPY, ZATRZASKI;&nbsp; UMO\u017bLIWIAJ\u0104CE SAMODZIELNE PR\u00d3BY ZAK\u0141ADANIA I \u015aCI\u0104GANIA)<\/li><li>STR\u00d3J DO \u0106WICZE\u0143 RUCHOWYCH W PODPISANYM WORKU (KOSZULKA BAWE\u0141NIANA, SPODENKI)<\/li><li>ZAPASOWE UBRANIE NA ZMIAN\u0118<\/li><\/ul>\n\n\n\n<p><strong>ARTYKU\u0141Y HIGIENICZNE:<\/strong><\/p>\n\n\n\n<ul><li>CHUSTECZKI NAWIL\u017bANE (PACZKA)<\/li><li>CHUSTECZKI DO NOSA\u00a0W KARTONIE<\/li><\/ul>\n\n\n\n<p><strong>WSZYSTKIE RZECZY PROSZ\u0118 PODPISA\u0106 LUB OZNACZY\u0106<\/strong><\/p>\n\n\n\n<p><strong>(NAJLEPIEJ ZROBI\u0106 TO WSP\u00d3LNIE Z&nbsp;DZIECKIEM)<\/strong><\/p>\n","protected":false},"excerpt":{"rendered":"<p>PRZYBORY SZKOLNE: TECZKA NA PRACE (Z GUMK\u0104) RYZA PAPIERU KSERO BLOK RYSUNKOWY A4 \u2013 BIA\u0141Y BLOK RYSUNKOWY A4 \u2013 KOLOROWY BLOK TECHNICZNY A4 \u2013 BIA\u0141Y BLOK TECHNICZNY A4 \u2013 KOLOROWY PAPIER KOLOROWY-WYCINANKA KOLOROWA BIBU\u0141A KREDKI \u015aWIECOWE KREDKI O\u0141\u00d3WKOWE DOBRZE RYSUJ\u0104CE, NP. BAMBINO (JE\u017bELI TO MO\u017bLIWE-TR\u00d3JK\u0104TNE) KLEJ W SZTYFCIE -2 SZT. PLASTELINA (12 KOLOR\u00d3W) FARBY PLAKATOWE [&hellip;]<\/p>\n","protected":false},"author":3,"featured_media":0,"parent":0,"menu_order":0,"comment_status":"closed","ping_status":"closed","template":"","meta":[],"_links":{"self":[{"href":"http:\/\/spmrowiny.gmina.zarow.pl\/index.php\/wp-json\/wp\/v2\/pages\/16113"}],"collection":[{"href":"http:\/\/spmrowiny.gmina.zarow.pl\/index.php\/wp-json\/wp\/v2\/pages"}],"about":[{"href":"http:\/\/spmrowiny.gmina.zarow.pl\/index.php\/wp-json\/wp\/v2\/types\/page"}],"author":[{"embeddable":true,"href":"http:\/\/spmrowiny.gmina.zarow.pl\/index.php\/wp-json\/wp\/v2\/users\/3"}],"replies":[{"embeddable":true,"href":"http:\/\/spmrowiny.gmina.zarow.pl\/index.php\/wp-json\/wp\/v2\/comments?post=16113"}],"version-history":[{"count":2,"href":"http:\/\/spmrowiny.gmina.zarow.pl\/index.php\/wp-json\/wp\/v2\/pages\/16113\/revisions"}],"predecessor-version":[{"id":16119,"href":"http:\/\/spmrowiny.gmina.zarow.pl\/index.php\/wp-json\/wp\/v2\/pages\/16113\/revisions\/16119"}],"wp:attachment":[{"href":"http:\/\/spmrowiny.gmina.zarow.pl\/index.php\/wp-json\/wp\/v2\/media?parent=16113"}],"curies":[{"name":"wp","href":"https:\/\/api.w.org\/{rel}","templated":true}]}}