{"id":16050,"date":"2021-03-17T10:06:25","date_gmt":"2021-03-17T09:06:25","guid":{"rendered":"http:\/\/spmrowiny.gmina.zarow.pl\/?page_id=16050"},"modified":"2021-03-17T10:06:26","modified_gmt":"2021-03-17T09:06:26","slug":"deklaracja-dostepnosci","status":"publish","type":"page","link":"http:\/\/spmrowiny.gmina.zarow.pl\/index.php\/deklaracja-dostepnosci\/","title":{"rendered":"Deklaracja dost\u0119pno\u015bci"},"content":{"rendered":"\n<p><strong>Deklaracja dost\u0119pno\u015bci<\/strong><\/p>\n\n\n\n<p>Szko\u0142a Podstawowa im. Anny Jenke w Mrowinach&nbsp;zobowi\u0105zuje si\u0119 zapewni\u0107 dost\u0119pno\u015b\u0107 swojej strony internetowej zgodnie z przepisami ustawy z dnia 4 kwietnia 2019 r. o dost\u0119pno\u015bci cyfrowej stron internetowych i aplikacji mobilnych podmiot\u00f3w publicznych. O\u015bwiadczenie w sprawie dost\u0119pno\u015bci ma zastosowanie do strony internetowej&nbsp;https:\/\/sppastuchow.szkolnastrona.pl.<\/p>\n\n\n\n<p>Data publikacji strony internetowej:&nbsp;2015 r.<\/p>\n\n\n\n<p>Data ostatniej istotnej aktualizacji:&nbsp;17.03.2021 r.<\/p>\n\n\n\n<p><strong>Status pod wzgl\u0119dem zgodno\u015bci z ustaw\u0105<\/strong><\/p>\n\n\n\n<p>Strona internetowa jest&nbsp;zgodna&nbsp;z ustaw\u0105 z dnia 4 kwietnia 2019 r. o dost\u0119pno\u015bci cyfrowej stron internetowych i aplikacji mobilnych podmiot\u00f3w publicznych<\/p>\n\n\n\n<p><strong>Data sporz\u0105dzenia Deklaracji i metoda oceny dost\u0119pno\u015bci cyfrowej<\/strong><\/p>\n\n\n\n<p>O\u015bwiadczenie sporz\u0105dzono dnia:&nbsp;17.03.2021 r.<\/p>\n\n\n\n<p>&nbsp;Deklaracj\u0119 sporz\u0105dzono na podstawie samooceny przeprowadzonej przez podmiot publiczny.<\/p>\n\n\n\n<p><strong>Informacje zwrotne i dane kontaktowe<\/strong><\/p>\n\n\n\n<p>W przypadku problem\u00f3w z dost\u0119pno\u015bci\u0105 strony internetowej prosimy o kontakt. Osob\u0105 kontaktow\u0105 jest&nbsp;Marta Dani\u0142owicz, e-mail:&nbsp;spmrowiny@wp.pl. Kontaktowa\u0107 mo\u017cna si\u0119 tak\u017ce dzwoni\u0105c na numer telefonu&nbsp;748580575.. T\u0105 sam\u0105 drog\u0105 mo\u017cna sk\u0142ada\u0107 wnioski o udost\u0119pnienie informacji niedost\u0119pnej oraz sk\u0142ada\u0107 \u017c\u0105dania zapewnienia dost\u0119pno\u015bci.<\/p>\n\n\n\n<p><strong>Informacje na temat procedury odwo\u0142awczej<\/strong><\/p>\n\n\n\n<p>Ka\u017cdy ma prawo do wyst\u0105pienia z \u017c\u0105daniem zapewnienia dost\u0119pno\u015bci cyfrowej strony internetowej, aplikacji mobilnej lub jakiego\u015b ich elementu. Mo\u017cna tak\u017ce za\u017c\u0105da\u0107 udost\u0119pnienia informacji za pomoc\u0105 alternatywnego sposobu dost\u0119pu, na przyk\u0142ad przez odczytanie niedost\u0119pnego cyfrowo dokumentu, opisanie zawarto\u015bci filmu bez audiodeskrypcji itp.\u00a0\u017c\u0105danie\u00a0powinno zawiera\u0107 dane osoby zg\u0142aszaj\u0105cej \u017c\u0105danie, wskazanie, o kt\u00f3r\u0105 stron\u0119 internetow\u0105 lub aplikacj\u0119 mobiln\u0105 chodzi oraz spos\u00f3b kontaktu. Je\u017celi osoba \u017c\u0105daj\u0105ca zg\u0142asza potrzeb\u0119 otrzymania informacji za pomoc\u0105 alternatywnego sposobu dost\u0119pu, powinna tak\u017ce okre\u015bli\u0107 dogodny dla niej spos\u00f3b przedstawienia tej informacji. Podmiot publiczny powinien zrealizowa\u0107 \u017c\u0105danie niezw\u0142ocznie, nie p\u00f3\u017aniej ni\u017c w ci\u0105gu 7 dni od dnia wyst\u0105pienia z \u017c\u0105daniem. Je\u017celi dotrzymanie tego terminu nie jest mo\u017cliwe, podmiot publiczny niezw\u0142ocznie informuje o tym wnosz\u0105cego \u017c\u0105danie, kiedy realizacja \u017c\u0105dania b\u0119dzie mo\u017cliwa, przy czym termin ten nie mo\u017ce by\u0107 d\u0142u\u017cszy ni\u017c 2 miesi\u0105ce od dnia wyst\u0105pienia z \u017c\u0105daniem. Je\u017celi zapewnienie dost\u0119pno\u015bci cyfrowej nie jest mo\u017cliwe, podmiot publiczny mo\u017ce zaproponowa\u0107 alternatywny spos\u00f3b dost\u0119pu do informacji. W przypadku, gdy podmiot publiczny odm\u00f3wi realizacji \u017c\u0105dania zapewnienia dost\u0119pno\u015bci lub alternatywnego sposobu dost\u0119pu do informacji, wnosz\u0105cy \u017c\u0105danie mo\u017cne z\u0142o\u017cy\u0107 skarg\u0119 w sprawie zapewniana dost\u0119pno\u015bci cyfrowej strony internetowej, aplikacji mobilnej lub elementu strony internetowej, lub aplikacji mobilnej. Po wyczerpaniu wskazanej wy\u017cej procedury mo\u017cna tak\u017ce z\u0142o\u017cy\u0107 wniosek do Rzecznika Praw Obywatelskich.<\/p>\n\n\n\n<p><strong>Dost\u0119pno\u015b\u0107 architektoniczna<\/strong><\/p>\n\n\n\n<ol type=\"1\"><li>Opis dost\u0119pno\u015bci wej\u015bcia do budynku i przechodzenie przez obszar kontroli.<br>Wej\u015bcie do budynku Szko\u0142y Podstawowej im. Anny Jenke w Mrowinach jest usytuowane od ulicy Wojska Polskiego. Wej\u015bcie do budynku jest zadaszone i wykonane z kilku stopni schodowych, nie ma podjazdu dla os\u00f3b niepe\u0142nosprawnych.<\/li><li>Opis dost\u0119pno\u015bci korytarzy, schod\u00f3w i wind.<br>W budynku\u00a0 szko\u0142y korytarze, schody i balustrady schod\u00f3w s\u0105 zgodne z prawem budowlanym. W budynku trzykondygnacyjnym nie ma wind, kt\u00f3re umo\u017cliwia\u0142yby osobom niepe\u0142nosprawnym przedostanie si\u0119 na wy\u017csze kondygnacje.\u00a0<\/li><li>Opis dostosowa\u0144, na przyk\u0142ad pochylni, platform, informacji g\u0142osowych, p\u0119tlach indukcyjnych<br>W budynku szko\u0142y nie ma zamontowanych platform, informacji g\u0142osowych, p\u0119tli indukcyjnych.\u00a0<\/li><li>Informacje o miejscu i sposobie korzystania z miejsc parkingowych wyznaczonych dla os\u00f3b niepe\u0142nosprawnych<br>Na terenie plac\u00f3wki nie ma parkingu z wyznaczonym miejscem postojowym dla pojazd\u00f3w przeznaczonych dla os\u00f3b niepe\u0142nosprawnych.<\/li><li>Informacja o prawie wst\u0119pu z psem asystuj\u0105cym i ewentualnych uzasadnionych ograniczeniach<br>Do szko\u0142y mo\u017ce wej\u015b\u0107 osoba z psem asystuj\u0105cym.<\/li><li>Informacja o mo\u017cliwo\u015bci skorzystania z t\u0142umacza\u00a0\u00a0 j\u0119zyka migowego na miejscu\u00a0\u00a0 lub online.\u00a0 W przypadku braku takiej mo\u017cliwo\u015bci, tak\u0105 informacj\u0105 nale\u017cy zawrze\u0107.<br>Na terenie Szko\u0142y Podstawowej im. Anny Jenke w Mrowinach jest mo\u017cliwo\u015bci skorzystania z t\u0142umacza j\u0119zyka migowego po wcze\u015bniejszym um\u00f3wieniu.<br><br><\/li><\/ol>\n\n\n\n<p><\/p>\n","protected":false},"excerpt":{"rendered":"<p>Deklaracja dost\u0119pno\u015bci Szko\u0142a Podstawowa im. Anny Jenke w Mrowinach&nbsp;zobowi\u0105zuje si\u0119 zapewni\u0107 dost\u0119pno\u015b\u0107 swojej strony internetowej zgodnie z przepisami ustawy z dnia 4 kwietnia 2019 r. o dost\u0119pno\u015bci cyfrowej stron internetowych i aplikacji mobilnych podmiot\u00f3w publicznych. O\u015bwiadczenie w sprawie dost\u0119pno\u015bci ma zastosowanie do strony internetowej&nbsp;https:\/\/sppastuchow.szkolnastrona.pl. Data publikacji strony internetowej:&nbsp;2015 r. Data ostatniej istotnej aktualizacji:&nbsp;17.03.2021 r. Status [&hellip;]<\/p>\n","protected":false},"author":3,"featured_media":0,"parent":0,"menu_order":0,"comment_status":"closed","ping_status":"closed","template":"","meta":[],"_links":{"self":[{"href":"http:\/\/spmrowiny.gmina.zarow.pl\/index.php\/wp-json\/wp\/v2\/pages\/16050"}],"collection":[{"href":"http:\/\/spmrowiny.gmina.zarow.pl\/index.php\/wp-json\/wp\/v2\/pages"}],"about":[{"href":"http:\/\/spmrowiny.gmina.zarow.pl\/index.php\/wp-json\/wp\/v2\/types\/page"}],"author":[{"embeddable":true,"href":"http:\/\/spmrowiny.gmina.zarow.pl\/index.php\/wp-json\/wp\/v2\/users\/3"}],"replies":[{"embeddable":true,"href":"http:\/\/spmrowiny.gmina.zarow.pl\/index.php\/wp-json\/wp\/v2\/comments?post=16050"}],"version-history":[{"count":1,"href":"http:\/\/spmrowiny.gmina.zarow.pl\/index.php\/wp-json\/wp\/v2\/pages\/16050\/revisions"}],"predecessor-version":[{"id":16051,"href":"http:\/\/spmrowiny.gmina.zarow.pl\/index.php\/wp-json\/wp\/v2\/pages\/16050\/revisions\/16051"}],"wp:attachment":[{"href":"http:\/\/spmrowiny.gmina.zarow.pl\/index.php\/wp-json\/wp\/v2\/media?parent=16050"}],"curies":[{"name":"wp","href":"https:\/\/api.w.org\/{rel}","templated":true}]}}