{"id":15991,"date":"2021-02-17T07:11:15","date_gmt":"2021-02-17T06:11:15","guid":{"rendered":"http:\/\/spmrowiny.gmina.zarow.pl\/?page_id=15991"},"modified":"2021-02-17T07:11:15","modified_gmt":"2021-02-17T06:11:15","slug":"zespol-szkol-ekonomicznych","status":"publish","type":"page","link":"http:\/\/spmrowiny.gmina.zarow.pl\/index.php\/zespol-szkol-ekonomicznych\/","title":{"rendered":"Zesp\u00f3\u0142 Szk\u00f3\u0142 Ekonomicznych"},"content":{"rendered":"<p>Przedstawiamy ofert\u0119 Zespo\u0142u Szk\u00f3\u0142 Ekonomicznych:<\/p>\n<div id='gallery-1' class='gallery galleryid-15991 gallery-columns-3 gallery-size-thumbnail'><figure class='gallery-item'>\n\t\t\t<div class='gallery-icon portrait'>\n\t\t\t\t<a href=\"http:\/\/spmrowiny.gmina.zarow.pl\/wp-content\/uploads\/2021\/02\/IMG-20210204-WA0007.jpg\" title=\"IMG-20210204-WA0007\" data-description=\"\"><img width=\"150\" height=\"150\" src=\"http:\/\/spmrowiny.gmina.zarow.pl\/wp-content\/uploads\/2021\/02\/IMG-20210204-WA0007-150x150.jpg\" class=\"attachment-thumbnail size-thumbnail\" alt=\"\" loading=\"lazy\"><\/a>\n\t\t\t<\/div><\/figure><figure class='gallery-item'>\n\t\t\t<div class='gallery-icon portrait'>\n\t\t\t\t<a href=\"http:\/\/spmrowiny.gmina.zarow.pl\/wp-content\/uploads\/2021\/02\/IMG-20210204-WA0009.jpg\" title=\"IMG-20210204-WA0009\" data-description=\"\"><img width=\"150\" height=\"150\" src=\"http:\/\/spmrowiny.gmina.zarow.pl\/wp-content\/uploads\/2021\/02\/IMG-20210204-WA0009-150x150.jpg\" class=\"attachment-thumbnail size-thumbnail\" alt=\"\" loading=\"lazy\"><\/a>\n\t\t\t<\/div><\/figure><figure class='gallery-item'>\n\t\t\t<div class='gallery-icon portrait'>\n\t\t\t\t<a href=\"http:\/\/spmrowiny.gmina.zarow.pl\/wp-content\/uploads\/2021\/02\/IMG-20210204-WA0008.jpg\" title=\"IMG-20210204-WA0008\" data-description=\"\"><img width=\"150\" height=\"150\" src=\"http:\/\/spmrowiny.gmina.zarow.pl\/wp-content\/uploads\/2021\/02\/IMG-20210204-WA0008-150x150.jpg\" class=\"attachment-thumbnail size-thumbnail\" alt=\"\" loading=\"lazy\"><\/a>\n\t\t\t<\/div><\/figure>\n\t\t<\/div>\n\n","protected":false},"excerpt":{"rendered":"<p>Przedstawiamy ofert\u0119 Zespo\u0142u Szk\u00f3\u0142 Ekonomicznych:<\/p>\n","protected":false},"author":3,"featured_media":0,"parent":0,"menu_order":0,"comment_status":"closed","ping_status":"closed","template":"","meta":[],"_links":{"self":[{"href":"http:\/\/spmrowiny.gmina.zarow.pl\/index.php\/wp-json\/wp\/v2\/pages\/15991"}],"collection":[{"href":"http:\/\/spmrowiny.gmina.zarow.pl\/index.php\/wp-json\/wp\/v2\/pages"}],"about":[{"href":"http:\/\/spmrowiny.gmina.zarow.pl\/index.php\/wp-json\/wp\/v2\/types\/page"}],"author":[{"embeddable":true,"href":"http:\/\/spmrowiny.gmina.zarow.pl\/index.php\/wp-json\/wp\/v2\/users\/3"}],"replies":[{"embeddable":true,"href":"http:\/\/spmrowiny.gmina.zarow.pl\/index.php\/wp-json\/wp\/v2\/comments?post=15991"}],"version-history":[{"count":1,"href":"http:\/\/spmrowiny.gmina.zarow.pl\/index.php\/wp-json\/wp\/v2\/pages\/15991\/revisions"}],"predecessor-version":[{"id":15995,"href":"http:\/\/spmrowiny.gmina.zarow.pl\/index.php\/wp-json\/wp\/v2\/pages\/15991\/revisions\/15995"}],"wp:attachment":[{"href":"http:\/\/spmrowiny.gmina.zarow.pl\/index.php\/wp-json\/wp\/v2\/media?parent=15991"}],"curies":[{"name":"wp","href":"https:\/\/api.w.org\/{rel}","templated":true}]}}