{"id":15871,"date":"2021-02-02T22:06:32","date_gmt":"2021-02-02T21:06:32","guid":{"rendered":"http:\/\/spmrowiny.gmina.zarow.pl\/?page_id=15871"},"modified":"2021-02-02T22:06:32","modified_gmt":"2021-02-02T21:06:32","slug":"terminarz-rekrutacji-do-szkol-ponadpodstawowych","status":"publish","type":"page","link":"http:\/\/spmrowiny.gmina.zarow.pl\/index.php\/terminarz-rekrutacji-do-szkol-ponadpodstawowych\/","title":{"rendered":"Terminarz rekrutacji do szk\u00f3\u0142 ponadpodstawowych"},"content":{"rendered":"<p>Na stronach ministerialnych ukaza\u0142 si\u0119 szczeg\u00f3\u0142owy terminarz dotycz\u0105cy naboru do szk\u00f3\u0142 \u015brednich. Zapraszamy do zapoznania si\u0119 z informacjami na stronie:<br \/>\n<a href=\"https:\/\/www.gov.pl\/web\/edukacja-i-nauka\/terminy-rekrutacji-do-szkol\" target=\"_blank\" rel=\"noopener\">terminarz rekrutacji do szk\u00f3\u0142 ponadpodstawowych<\/a><\/p>\n","protected":false},"excerpt":{"rendered":"<p>Na stronach ministerialnych ukaza\u0142 si\u0119 szczeg\u00f3\u0142owy terminarz dotycz\u0105cy naboru do szk\u00f3\u0142 \u015brednich. Zapraszamy do zapoznania si\u0119 z informacjami na stronie: terminarz rekrutacji do szk\u00f3\u0142 ponadpodstawowych<\/p>\n","protected":false},"author":3,"featured_media":0,"parent":0,"menu_order":0,"comment_status":"closed","ping_status":"closed","template":"","meta":[],"_links":{"self":[{"href":"http:\/\/spmrowiny.gmina.zarow.pl\/index.php\/wp-json\/wp\/v2\/pages\/15871"}],"collection":[{"href":"http:\/\/spmrowiny.gmina.zarow.pl\/index.php\/wp-json\/wp\/v2\/pages"}],"about":[{"href":"http:\/\/spmrowiny.gmina.zarow.pl\/index.php\/wp-json\/wp\/v2\/types\/page"}],"author":[{"embeddable":true,"href":"http:\/\/spmrowiny.gmina.zarow.pl\/index.php\/wp-json\/wp\/v2\/users\/3"}],"replies":[{"embeddable":true,"href":"http:\/\/spmrowiny.gmina.zarow.pl\/index.php\/wp-json\/wp\/v2\/comments?post=15871"}],"version-history":[{"count":1,"href":"http:\/\/spmrowiny.gmina.zarow.pl\/index.php\/wp-json\/wp\/v2\/pages\/15871\/revisions"}],"predecessor-version":[{"id":15872,"href":"http:\/\/spmrowiny.gmina.zarow.pl\/index.php\/wp-json\/wp\/v2\/pages\/15871\/revisions\/15872"}],"wp:attachment":[{"href":"http:\/\/spmrowiny.gmina.zarow.pl\/index.php\/wp-json\/wp\/v2\/media?parent=15871"}],"curies":[{"name":"wp","href":"https:\/\/api.w.org\/{rel}","templated":true}]}}