{"id":15638,"date":"2020-08-30T23:20:37","date_gmt":"2020-08-30T21:20:37","guid":{"rendered":"http:\/\/spmrowiny.gmina.zarow.pl\/?page_id=15638"},"modified":"2020-08-30T23:24:23","modified_gmt":"2020-08-30T21:24:23","slug":"bezpieczenstwo-w-szkole","status":"publish","type":"page","link":"http:\/\/spmrowiny.gmina.zarow.pl\/index.php\/bezpieczenstwo-w-szkole\/","title":{"rendered":"Bezpiecze\u0144stwo w szkole"},"content":{"rendered":"<p>Nadchodz\u0105cy rok szkolny b\u0119dzie trudny dla wszystkich. Od nas wszystkich zale\u017cy to, czy przejdziemy przez czas pandemii bez zaka\u017cenia. Prosimy wszystkich o stosowanie si\u0119 do obowi\u0105zuj\u0105cych procedur.<\/p>\n<p>Przedstawiamy wytyczne MEN, MZ i GIS dla szk\u00f3\u0142: <a href=\"http:\/\/spmrowiny.gmina.zarow.pl\/wp-content\/uploads\/2020\/08\/wytyczne_szkoly_mengis2020.docx\" target=\"_blank\" rel=\"noopener\">wytyczne<\/a><\/p>\n<p>Na pocz\u0105tek prosimy o stosowanie si\u0119 do zalece\u0144 skierowanych do uczni\u00f3w i rodzic\u00f3w przez MEN.<\/p>\n<div id='gallery-1' class='gallery galleryid-15638 gallery-columns-2 gallery-size-thumbnail'><figure class='gallery-item'>\n\t\t\t<div class='gallery-icon portrait'>\n\t\t\t\t<a href=\"http:\/\/spmrowiny.gmina.zarow.pl\/wp-content\/uploads\/2020\/08\/10zasadplakat_rodzice_plakat.jpeg\" title=\"10 zasad\" data-description=\"\"><img width=\"150\" height=\"150\" src=\"http:\/\/spmrowiny.gmina.zarow.pl\/wp-content\/uploads\/2020\/08\/10zasadplakat_rodzice_plakat-150x150.jpeg\" class=\"attachment-thumbnail size-thumbnail\" alt=\"\" loading=\"lazy\" aria-describedby=\"gallery-1-15641\"><\/a>\n\t\t\t<\/div>\n\t\t\t\t<figcaption class='wp-caption-text gallery-caption' id='gallery-1-15641'>\n\t\t\t\tdla rodzica\n\t\t\t\t<\/figcaption><\/figure><figure class='gallery-item'>\n\t\t\t<div class='gallery-icon portrait'>\n\t\t\t\t<a href=\"http:\/\/spmrowiny.gmina.zarow.pl\/wp-content\/uploads\/2020\/08\/10zasadplakat_uczniowie_plakat.jpeg\" title=\"10 zasad\" data-description=\"\"><img width=\"150\" height=\"150\" src=\"http:\/\/spmrowiny.gmina.zarow.pl\/wp-content\/uploads\/2020\/08\/10zasadplakat_uczniowie_plakat-150x150.jpeg\" class=\"attachment-thumbnail size-thumbnail\" alt=\"\" loading=\"lazy\" aria-describedby=\"gallery-1-15642\"><\/a>\n\t\t\t<\/div>\n\t\t\t\t<figcaption class='wp-caption-text gallery-caption' id='gallery-1-15642'>\n\t\t\t\tdla ucznia\n\t\t\t\t<\/figcaption><\/figure>\n\t\t<\/div>\n\n","protected":false},"excerpt":{"rendered":"<p>Nadchodz\u0105cy rok szkolny b\u0119dzie trudny dla wszystkich. Od nas wszystkich zale\u017cy to, czy przejdziemy przez czas pandemii bez zaka\u017cenia. Prosimy wszystkich o stosowanie si\u0119 do obowi\u0105zuj\u0105cych procedur. Przedstawiamy wytyczne MEN, MZ i GIS dla szk\u00f3\u0142: wytyczne Na pocz\u0105tek prosimy o stosowanie si\u0119 do zalece\u0144 skierowanych do uczni\u00f3w i rodzic\u00f3w przez MEN.<\/p>\n","protected":false},"author":3,"featured_media":0,"parent":0,"menu_order":0,"comment_status":"closed","ping_status":"closed","template":"","meta":[],"_links":{"self":[{"href":"http:\/\/spmrowiny.gmina.zarow.pl\/index.php\/wp-json\/wp\/v2\/pages\/15638"}],"collection":[{"href":"http:\/\/spmrowiny.gmina.zarow.pl\/index.php\/wp-json\/wp\/v2\/pages"}],"about":[{"href":"http:\/\/spmrowiny.gmina.zarow.pl\/index.php\/wp-json\/wp\/v2\/types\/page"}],"author":[{"embeddable":true,"href":"http:\/\/spmrowiny.gmina.zarow.pl\/index.php\/wp-json\/wp\/v2\/users\/3"}],"replies":[{"embeddable":true,"href":"http:\/\/spmrowiny.gmina.zarow.pl\/index.php\/wp-json\/wp\/v2\/comments?post=15638"}],"version-history":[{"count":3,"href":"http:\/\/spmrowiny.gmina.zarow.pl\/index.php\/wp-json\/wp\/v2\/pages\/15638\/revisions"}],"predecessor-version":[{"id":15647,"href":"http:\/\/spmrowiny.gmina.zarow.pl\/index.php\/wp-json\/wp\/v2\/pages\/15638\/revisions\/15647"}],"wp:attachment":[{"href":"http:\/\/spmrowiny.gmina.zarow.pl\/index.php\/wp-json\/wp\/v2\/media?parent=15638"}],"curies":[{"name":"wp","href":"https:\/\/api.w.org\/{rel}","templated":true}]}}