{"id":14662,"date":"2020-02-18T11:00:58","date_gmt":"2020-02-18T10:00:58","guid":{"rendered":"http:\/\/spmrowiny.gmina.zarow.pl\/?page_id=14662"},"modified":"2021-03-17T09:59:52","modified_gmt":"2021-03-17T08:59:52","slug":"1-podatku-dla-sp-w-mrowinach","status":"publish","type":"page","link":"http:\/\/spmrowiny.gmina.zarow.pl\/index.php\/1-podatku-dla-sp-w-mrowinach\/","title":{"rendered":"1% podatku dla SP w Mrowinach"},"content":{"rendered":"<p>Jak co roku zwracamy si\u0119 do Pa\u0144stwa z pro\u015bb\u0105 o przekazanie 1% podatku na rzecz naszej szko\u0142y.<\/p>\n<div id='gallery-1' class='gallery galleryid-14662 gallery-columns-1 gallery-size-thumbnail'><figure class='gallery-item'>\n\t\t\t<div class='gallery-icon landscape'>\n\t\t\t\t<a href=\"http:\/\/spmrowiny.gmina.zarow.pl\/wp-content\/uploads\/2019\/02\/pit37.jpg\" title=\"pit37\" data-description=\"\"><img width=\"150\" height=\"150\" src=\"http:\/\/spmrowiny.gmina.zarow.pl\/wp-content\/uploads\/2019\/02\/pit37-150x150.jpg\" class=\"attachment-thumbnail size-thumbnail\" alt=\"\" loading=\"lazy\"><\/a>\n\t\t\t<\/div><\/figure>\n\t\t<\/div>\n\n","protected":false},"excerpt":{"rendered":"<p>Jak co roku zwracamy si\u0119 do Pa\u0144stwa z pro\u015bb\u0105 o przekazanie 1% podatku na rzecz naszej szko\u0142y.<\/p>\n","protected":false},"author":3,"featured_media":0,"parent":0,"menu_order":0,"comment_status":"closed","ping_status":"closed","template":"","meta":[],"_links":{"self":[{"href":"http:\/\/spmrowiny.gmina.zarow.pl\/index.php\/wp-json\/wp\/v2\/pages\/14662"}],"collection":[{"href":"http:\/\/spmrowiny.gmina.zarow.pl\/index.php\/wp-json\/wp\/v2\/pages"}],"about":[{"href":"http:\/\/spmrowiny.gmina.zarow.pl\/index.php\/wp-json\/wp\/v2\/types\/page"}],"author":[{"embeddable":true,"href":"http:\/\/spmrowiny.gmina.zarow.pl\/index.php\/wp-json\/wp\/v2\/users\/3"}],"replies":[{"embeddable":true,"href":"http:\/\/spmrowiny.gmina.zarow.pl\/index.php\/wp-json\/wp\/v2\/comments?post=14662"}],"version-history":[{"count":5,"href":"http:\/\/spmrowiny.gmina.zarow.pl\/index.php\/wp-json\/wp\/v2\/pages\/14662\/revisions"}],"predecessor-version":[{"id":16049,"href":"http:\/\/spmrowiny.gmina.zarow.pl\/index.php\/wp-json\/wp\/v2\/pages\/14662\/revisions\/16049"}],"wp:attachment":[{"href":"http:\/\/spmrowiny.gmina.zarow.pl\/index.php\/wp-json\/wp\/v2\/media?parent=14662"}],"curies":[{"name":"wp","href":"https:\/\/api.w.org\/{rel}","templated":true}]}}