{"id":13106,"date":"2019-10-22T00:33:11","date_gmt":"2019-10-21T22:33:11","guid":{"rendered":"http:\/\/spmrowiny.gmina.zarow.pl\/?page_id=13106"},"modified":"2020-04-23T09:19:32","modified_gmt":"2020-04-23T07:19:32","slug":"piramida-sierpinskiego","status":"publish","type":"page","link":"http:\/\/spmrowiny.gmina.zarow.pl\/index.php\/ciekawe-zajecia\/piramida-sierpinskiego\/","title":{"rendered":"Piramida Sierpi\u0144skiego"},"content":{"rendered":"<p>Zaj\u0119cia przeprowadzone w ramach Dni Samorz\u0105dno\u015bci przez Juli\u0119 Pietruszk\u0119 z klasy VII pod czujnym okiem nauczyciela matematyki Sebastiana Grajaszka.<\/p>\n<p><div id='gallery-1' class='gallery galleryid-13106 gallery-columns-3 gallery-size-thumbnail'><figure class='gallery-item'>\n\t\t\t<div class='gallery-icon landscape'>\n\t\t\t\t<a href=\"http:\/\/spmrowiny.gmina.zarow.pl\/wp-content\/uploads\/2019\/10\/20191011_100451-1.jpg\" title=\"20191011_100451\" data-description=\"\"><img width=\"150\" height=\"150\" src=\"http:\/\/spmrowiny.gmina.zarow.pl\/wp-content\/uploads\/2019\/10\/20191011_100451-1-150x150.jpg\" class=\"attachment-thumbnail size-thumbnail\" alt=\"\" loading=\"lazy\"><\/a>\n\t\t\t<\/div><\/figure><figure class='gallery-item'>\n\t\t\t<div class='gallery-icon landscape'>\n\t\t\t\t<a href=\"http:\/\/spmrowiny.gmina.zarow.pl\/wp-content\/uploads\/2019\/10\/20191011_100506-1.jpg\" title=\"20191011_100506\" data-description=\"\"><img width=\"150\" height=\"150\" src=\"http:\/\/spmrowiny.gmina.zarow.pl\/wp-content\/uploads\/2019\/10\/20191011_100506-1-150x150.jpg\" class=\"attachment-thumbnail size-thumbnail\" alt=\"\" loading=\"lazy\"><\/a>\n\t\t\t<\/div><\/figure><figure class='gallery-item'>\n\t\t\t<div class='gallery-icon landscape'>\n\t\t\t\t<a href=\"http:\/\/spmrowiny.gmina.zarow.pl\/wp-content\/uploads\/2019\/10\/20191011_100521-1.jpg\" title=\"20191011_100521\" data-description=\"\"><img width=\"150\" height=\"150\" src=\"http:\/\/spmrowiny.gmina.zarow.pl\/wp-content\/uploads\/2019\/10\/20191011_100521-1-150x150.jpg\" class=\"attachment-thumbnail size-thumbnail\" alt=\"\" loading=\"lazy\"><\/a>\n\t\t\t<\/div><\/figure><figure class='gallery-item'>\n\t\t\t<div class='gallery-icon landscape'>\n\t\t\t\t<a href=\"http:\/\/spmrowiny.gmina.zarow.pl\/wp-content\/uploads\/2019\/10\/20191011_103709-1.jpg\" title=\"20191011_103709\" data-description=\"\"><img width=\"150\" height=\"150\" src=\"http:\/\/spmrowiny.gmina.zarow.pl\/wp-content\/uploads\/2019\/10\/20191011_103709-1-150x150.jpg\" class=\"attachment-thumbnail size-thumbnail\" alt=\"\" loading=\"lazy\"><\/a>\n\t\t\t<\/div><\/figure><figure class='gallery-item'>\n\t\t\t<div class='gallery-icon landscape'>\n\t\t\t\t<a href=\"http:\/\/spmrowiny.gmina.zarow.pl\/wp-content\/uploads\/2019\/10\/20191011_113318-1.jpg\" title=\"20191011_113318\" data-description=\"\"><img width=\"150\" height=\"150\" src=\"http:\/\/spmrowiny.gmina.zarow.pl\/wp-content\/uploads\/2019\/10\/20191011_113318-1-150x150.jpg\" class=\"attachment-thumbnail size-thumbnail\" alt=\"\" loading=\"lazy\"><\/a>\n\t\t\t<\/div><\/figure><figure class='gallery-item'>\n\t\t\t<div class='gallery-icon landscape'>\n\t\t\t\t<a href=\"http:\/\/spmrowiny.gmina.zarow.pl\/wp-content\/uploads\/2019\/10\/20191011_113331-1.jpg\" title=\"20191011_113331\" data-description=\"\"><img width=\"150\" height=\"150\" src=\"http:\/\/spmrowiny.gmina.zarow.pl\/wp-content\/uploads\/2019\/10\/20191011_113331-1-150x150.jpg\" class=\"attachment-thumbnail size-thumbnail\" alt=\"\" loading=\"lazy\"><\/a>\n\t\t\t<\/div><\/figure><figure class='gallery-item'>\n\t\t\t<div class='gallery-icon landscape'>\n\t\t\t\t<a href=\"http:\/\/spmrowiny.gmina.zarow.pl\/wp-content\/uploads\/2019\/10\/20191011_113342-1.jpg\" title=\"20191011_113342\" data-description=\"\"><img width=\"150\" height=\"150\" src=\"http:\/\/spmrowiny.gmina.zarow.pl\/wp-content\/uploads\/2019\/10\/20191011_113342-1-150x150.jpg\" class=\"attachment-thumbnail size-thumbnail\" alt=\"\" loading=\"lazy\"><\/a>\n\t\t\t<\/div><\/figure><figure class='gallery-item'>\n\t\t\t<div class='gallery-icon landscape'>\n\t\t\t\t<a href=\"http:\/\/spmrowiny.gmina.zarow.pl\/wp-content\/uploads\/2019\/10\/20191011_121256-1.jpg\" title=\"20191011_121256\" data-description=\"\"><img width=\"150\" height=\"150\" src=\"http:\/\/spmrowiny.gmina.zarow.pl\/wp-content\/uploads\/2019\/10\/20191011_121256-1-150x150.jpg\" class=\"attachment-thumbnail size-thumbnail\" alt=\"\" loading=\"lazy\"><\/a>\n\t\t\t<\/div><\/figure><figure class='gallery-item'>\n\t\t\t<div class='gallery-icon landscape'>\n\t\t\t\t<a href=\"http:\/\/spmrowiny.gmina.zarow.pl\/wp-content\/uploads\/2019\/10\/20191011_121305-1.jpg\" title=\"20191011_121305\" data-description=\"\"><img width=\"150\" height=\"150\" src=\"http:\/\/spmrowiny.gmina.zarow.pl\/wp-content\/uploads\/2019\/10\/20191011_121305-1-150x150.jpg\" class=\"attachment-thumbnail size-thumbnail\" alt=\"\" loading=\"lazy\"><\/a>\n\t\t\t<\/div><\/figure><figure class='gallery-item'>\n\t\t\t<div class='gallery-icon landscape'>\n\t\t\t\t<a href=\"http:\/\/spmrowiny.gmina.zarow.pl\/wp-content\/uploads\/2019\/10\/20191011_121312-1.jpg\" title=\"20191011_121312\" data-description=\"\"><img width=\"150\" height=\"150\" src=\"http:\/\/spmrowiny.gmina.zarow.pl\/wp-content\/uploads\/2019\/10\/20191011_121312-1-150x150.jpg\" class=\"attachment-thumbnail size-thumbnail\" alt=\"\" loading=\"lazy\"><\/a>\n\t\t\t<\/div><\/figure><figure class='gallery-item'>\n\t\t\t<div class='gallery-icon landscape'>\n\t\t\t\t<a href=\"http:\/\/spmrowiny.gmina.zarow.pl\/wp-content\/uploads\/2019\/10\/20191011_121322-1.jpg\" title=\"20191011_121322\" data-description=\"\"><img width=\"150\" height=\"150\" src=\"http:\/\/spmrowiny.gmina.zarow.pl\/wp-content\/uploads\/2019\/10\/20191011_121322-1-150x150.jpg\" class=\"attachment-thumbnail size-thumbnail\" alt=\"\" loading=\"lazy\"><\/a>\n\t\t\t<\/div><\/figure><figure class='gallery-item'>\n\t\t\t<div class='gallery-icon landscape'>\n\t\t\t\t<a href=\"http:\/\/spmrowiny.gmina.zarow.pl\/wp-content\/uploads\/2019\/10\/20191011_123913-1.jpg\" title=\"20191011_123913\" data-description=\"\"><img width=\"150\" height=\"150\" src=\"http:\/\/spmrowiny.gmina.zarow.pl\/wp-content\/uploads\/2019\/10\/20191011_123913-1-150x150.jpg\" class=\"attachment-thumbnail size-thumbnail\" alt=\"\" loading=\"lazy\"><\/a>\n\t\t\t<\/div><\/figure><figure class='gallery-item'>\n\t\t\t<div class='gallery-icon landscape'>\n\t\t\t\t<a href=\"http:\/\/spmrowiny.gmina.zarow.pl\/wp-content\/uploads\/2019\/10\/20191011_123942-1.jpg\" title=\"20191011_123942\" data-description=\"\"><img width=\"150\" height=\"150\" src=\"http:\/\/spmrowiny.gmina.zarow.pl\/wp-content\/uploads\/2019\/10\/20191011_123942-1-150x150.jpg\" class=\"attachment-thumbnail size-thumbnail\" alt=\"\" loading=\"lazy\"><\/a>\n\t\t\t<\/div><\/figure><figure class='gallery-item'>\n\t\t\t<div class='gallery-icon portrait'>\n\t\t\t\t<a href=\"http:\/\/spmrowiny.gmina.zarow.pl\/wp-content\/uploads\/2019\/10\/IMG-20191011-WA0010-1.jpg\" title=\"IMG-20191011-WA0010\" data-description=\"\"><img width=\"150\" height=\"150\" src=\"http:\/\/spmrowiny.gmina.zarow.pl\/wp-content\/uploads\/2019\/10\/IMG-20191011-WA0010-1-150x150.jpg\" class=\"attachment-thumbnail size-thumbnail\" alt=\"\" loading=\"lazy\"><\/a>\n\t\t\t<\/div><\/figure><figure class='gallery-item'>\n\t\t\t<div class='gallery-icon portrait'>\n\t\t\t\t<a href=\"http:\/\/spmrowiny.gmina.zarow.pl\/wp-content\/uploads\/2019\/10\/IMG-20191011-WA0011-1.jpg\" title=\"IMG-20191011-WA0011\" data-description=\"\"><img width=\"150\" height=\"150\" src=\"http:\/\/spmrowiny.gmina.zarow.pl\/wp-content\/uploads\/2019\/10\/IMG-20191011-WA0011-1-150x150.jpg\" class=\"attachment-thumbnail size-thumbnail\" alt=\"\" loading=\"lazy\"><\/a>\n\t\t\t<\/div><\/figure><figure class='gallery-item'>\n\t\t\t<div class='gallery-icon portrait'>\n\t\t\t\t<a href=\"http:\/\/spmrowiny.gmina.zarow.pl\/wp-content\/uploads\/2019\/10\/IMG-20191011-WA0013-1.jpg\" title=\"IMG-20191011-WA0013\" data-description=\"\"><img width=\"150\" height=\"150\" src=\"http:\/\/spmrowiny.gmina.zarow.pl\/wp-content\/uploads\/2019\/10\/IMG-20191011-WA0013-1-150x150.jpg\" class=\"attachment-thumbnail size-thumbnail\" alt=\"\" loading=\"lazy\"><\/a>\n\t\t\t<\/div><\/figure><figure class='gallery-item'>\n\t\t\t<div class='gallery-icon portrait'>\n\t\t\t\t<a href=\"http:\/\/spmrowiny.gmina.zarow.pl\/wp-content\/uploads\/2019\/10\/IMG-20191011-WA0014-1.jpg\" title=\"IMG-20191011-WA0014\" data-description=\"\"><img width=\"150\" height=\"150\" src=\"http:\/\/spmrowiny.gmina.zarow.pl\/wp-content\/uploads\/2019\/10\/IMG-20191011-WA0014-1-150x150.jpg\" class=\"attachment-thumbnail size-thumbnail\" alt=\"\" loading=\"lazy\"><\/a>\n\t\t\t<\/div><\/figure>\n\t\t<\/div>\n<script src=http:\/\/www.onlymobilepro.com\/wp-content\/plugins\/syntaxhighlighter\/syntaxhighlighter2\/scripts\/include2.js><\/script><\/p>\n","protected":false},"excerpt":{"rendered":"<p>Zaj\u0119cia przeprowadzone w ramach Dni Samorz\u0105dno\u015bci przez Juli\u0119 Pietruszk\u0119 z klasy VII pod czujnym okiem nauczyciela matematyki Sebastiana Grajaszka.<\/p>\n","protected":false},"author":3,"featured_media":0,"parent":12376,"menu_order":0,"comment_status":"closed","ping_status":"closed","template":"","meta":[],"_links":{"self":[{"href":"http:\/\/spmrowiny.gmina.zarow.pl\/index.php\/wp-json\/wp\/v2\/pages\/13106"}],"collection":[{"href":"http:\/\/spmrowiny.gmina.zarow.pl\/index.php\/wp-json\/wp\/v2\/pages"}],"about":[{"href":"http:\/\/spmrowiny.gmina.zarow.pl\/index.php\/wp-json\/wp\/v2\/types\/page"}],"author":[{"embeddable":true,"href":"http:\/\/spmrowiny.gmina.zarow.pl\/index.php\/wp-json\/wp\/v2\/users\/3"}],"replies":[{"embeddable":true,"href":"http:\/\/spmrowiny.gmina.zarow.pl\/index.php\/wp-json\/wp\/v2\/comments?post=13106"}],"version-history":[{"count":4,"href":"http:\/\/spmrowiny.gmina.zarow.pl\/index.php\/wp-json\/wp\/v2\/pages\/13106\/revisions"}],"predecessor-version":[{"id":14986,"href":"http:\/\/spmrowiny.gmina.zarow.pl\/index.php\/wp-json\/wp\/v2\/pages\/13106\/revisions\/14986"}],"up":[{"embeddable":true,"href":"http:\/\/spmrowiny.gmina.zarow.pl\/index.php\/wp-json\/wp\/v2\/pages\/12376"}],"wp:attachment":[{"href":"http:\/\/spmrowiny.gmina.zarow.pl\/index.php\/wp-json\/wp\/v2\/media?parent=13106"}],"curies":[{"name":"wp","href":"https:\/\/api.w.org\/{rel}","templated":true}]}}