{"id":12376,"date":"2019-09-16T15:55:45","date_gmt":"2019-09-16T13:55:45","guid":{"rendered":"http:\/\/spmrowiny.gmina.zarow.pl\/?page_id=12376"},"modified":"2020-04-23T09:20:09","modified_gmt":"2020-04-23T07:20:09","slug":"ciekawe-zajecia","status":"publish","type":"page","link":"http:\/\/spmrowiny.gmina.zarow.pl\/index.php\/ciekawe-zajecia\/","title":{"rendered":"Ciekawe zaj\u0119cia"},"content":{"rendered":"<p>Zapraszamy Pa\u0144stwa do obejrzenia galerii zdj\u0119\u0107 z wybranych zaj\u0119\u0107.<\/p>\n<p><a href=\"http:\/\/spmrowiny.gmina.zarow.pl\/index.php\/ciekawe-zajecia\/kosciol-to-nasz-drugi-dom\/\" target=\"_blank\" rel=\"noopener\">Ko\u015bci\u00f3\u0142 to nasz drugi dom<\/a><\/p>\n<p><a href=\"http:\/\/spmrowiny.gmina.zarow.pl\/index.php\/poznajemy-biblie\/\">Poznajemy Bibli\u0119 &#8211; lekcja religii w klasie VI<\/a><\/p>\n<p><a href=\"http:\/\/spmrowiny.gmina.zarow.pl\/index.php\/thanksgiving-lekcja-pokazowa\/\" target=\"_blank\" rel=\"noopener\">Thanksgiving &#8211; lekcja pokazowa<\/a><\/p>\n<p><a href=\"http:\/\/spmrowiny.gmina.zarow.pl\/index.php\/ciekawe-zajecia\/swiateczne-ozdoby\/\" target=\"_blank\" rel=\"noopener\">Dzieci z oddzia\u0142u przedszkolnego wykonuj\u0105 \u015bwi\u0105teczne ozdoby<\/a><\/p>\n<p><a href=\"http:\/\/spmrowiny.gmina.zarow.pl\/index.php\/ciekawe-zajecia\/magnetyzm-i-elektrycznosc\/\" target=\"_blank\" rel=\"noopener\">Magnetyzm i elektryczno\u015b\u0107 na fizyce<\/a><\/p>\n<p><a href=\"http:\/\/spmrowiny.gmina.zarow.pl\/index.php\/ciekawe-zajecia\/uklady-gimnastyczne\/\" target=\"_blank\" rel=\"noopener\">Gimnastyka w klasie sz\u00f3stej<\/a><\/p>\n<p><a href=\"http:\/\/spmrowiny.gmina.zarow.pl\/index.php\/ciekawe-zajecia\/zajecia-na-basenie-2\/\" target=\"_blank\" rel=\"noopener\">Lekcja na basenie<\/a><\/p>\n<p><a href=\"http:\/\/spmrowiny.gmina.zarow.pl\/index.php\/ciekawe-zajecia\/zajecia-sportowe-w-klasie-trzeciej\/\" target=\"_blank\" rel=\"noopener\">Zaj\u0119cia sportowe<\/a><\/p>\n<p><a href=\"http:\/\/spmrowiny.gmina.zarow.pl\/index.php\/megamisja\/\" target=\"_blank\" rel=\"noopener\">Zaj\u0119cia \u015bwietlicowe &#8211; MegaMisja<\/a><\/p>\n<p><a href=\"http:\/\/spmrowiny.gmina.zarow.pl\/index.php\/ciekawe-zajecia\/zajecia-w-klasie-czwartej-jezyk-polski\/\">Zaj\u0119cia j\u0119zyka polskiego w klasie czwartej<\/a><\/p>\n<p><a href=\"http:\/\/spmrowiny.gmina.zarow.pl\/index.php\/ciekawe-zajecia\/zajecia-z-robotami-photon\/\" target=\"_blank\" rel=\"noopener\">Zaj\u0119cia z robotami Photon<\/a><\/p>\n<p><a href=\"http:\/\/spmrowiny.gmina.zarow.pl\/index.php\/ciekawe-zajecia\/wychowanie-fizyczne-z-guma\/\" target=\"_blank\" rel=\"noopener\">Wychowanie fizyczne z &#8222;gum\u0105&#8221;<\/a><\/p>\n<p><a href=\"http:\/\/spmrowiny.gmina.zarow.pl\/index.php\/magiczneeksperymenty\/\">Magiczne eksperymenty w klasie III<\/a><\/p>\n<p><a href=\"http:\/\/spmrowiny.gmina.zarow.pl\/index.php\/ciekawe-zajecia\/badanie-wspolczynnika-ph\/\" target=\"_blank\" rel=\"noopener\">Badanie wsp\u00f3\u0142czynnika pH<\/a><\/p>\n<p><a href=\"http:\/\/spmrowiny.gmina.zarow.pl\/index.php\/ciekawe-zajecia\/budowanie-obwodow-elektrycznych\/\" target=\"_blank\" rel=\"noopener\">Badanie obwod\u00f3w elektrycznych<\/a><\/p>\n<p><a href=\"http:\/\/spmrowiny.gmina.zarow.pl\/index.php\/ciekawe-zajecia\/piramida-sierpinskiego\/\">Piramida Sierpi\u0144skiego<\/a><\/p>\n<p><a href=\"http:\/\/spmrowiny.gmina.zarow.pl\/index.php\/ciekawe-zajecia\/jesienna-wyprawa-w-klasie-piatej\/\" target=\"_blank\" rel=\"noopener\">Jesienna wyprawa w klasie pi\u0105tej<\/a><\/p>\n<p><a href=\"http:\/\/spmrowiny.gmina.zarow.pl\/index.php\/ciekawe-zajecia\/zajecia-plastyczne-w-klasie-szostej-i-siodmej\/\" target=\"_blank\" rel=\"noopener\">Zaj\u0119cia plastyczne w klasie sz\u00f3stej i si\u00f3dmej<\/a><\/p>\n<p><a href=\"http:\/\/spmrowiny.gmina.zarow.pl\/index.php\/ciekawe-zajecia\/zajecia-na-basenie\/\" target=\"_blank\" rel=\"noopener\">Zaj\u0119cia na basenie<\/a><\/p>\n<p><a href=\"http:\/\/spmrowiny.gmina.zarow.pl\/index.php\/ciekawe-zajecia\/kreatywna-zerowka\/\" target=\"_blank\" rel=\"noopener\">Kreatywna zer\u00f3wka<\/a><\/p>\n<p><a href=\"http:\/\/spmrowiny.gmina.zarow.pl\/index.php\/ciekawe-zajecia\/zajecia-z-klockami-lego\/\" target=\"_blank\" rel=\"noopener\">Zaj\u0119cia najm\u0142odszych z klockami LEGO<\/a><\/p>\n<p><a href=\"http:\/\/spmrowiny.gmina.zarow.pl\/index.php\/ciekawe-zajecia\/zajecia-taneczne-w-klasie-szostej\/\" target=\"_blank\" rel=\"noopener\">Zaj\u0119cia taneczne w klasie sz\u00f3stej<\/a><\/p>\n<p><a href=\"http:\/\/spmrowiny.gmina.zarow.pl\/index.php\/ciekawe-zajecia\/zajecia-z-jezyka-angielskiego-zegar\/\" target=\"_blank\" rel=\"noopener\">Zaj\u0119cia z j\u0119zyka angielskiego &#8211; zegar<\/a><\/p>\n<p><a href=\"http:\/\/spmrowiny.gmina.zarow.pl\/index.php\/ciekawe-zajecia\/tworzymy-pamietnik\/\" target=\"_blank\" rel=\"noopener\">Tworzymy pami\u0119tnik &#8211; zaj\u0119cia w klasie trzeciej<\/a><\/p>\n<p><a href=\"http:\/\/spmrowiny.gmina.zarow.pl\/index.php\/ciekawe-zajecia\/zajecia-matematyczne-w-klasie-trzeciej\/\" target=\"_blank\" rel=\"noopener\">Zaj\u0119cia matematyczne w klasie trzeciej <\/a><\/p>\n<p><a href=\"http:\/\/spmrowiny.gmina.zarow.pl\/index.php\/ciekawe-zajecia\/zajecia-z-chemii-rozdzielanie-skladnikow-substancji\/\" target=\"_blank\" rel=\"noopener\">Rozdzielanie sk\u0142adnik\u00f3w substancji<\/a><\/p>\n<p><a href=\"http:\/\/spmrowiny.gmina.zarow.pl\/index.php\/ciekawe-zajecia\/jesienne-zabawy-z-kasztanami\/\">Jesienne zabawy z kasztanami<\/a><\/p>\n<p><a href=\"http:\/\/spmrowiny.gmina.zarow.pl\/index.php\/dzien-kropki-w-naszej-szkole\/\" target=\"_blank\" rel=\"noopener\">Dzie\u0144 Kropki w klasach najm\u0142odszych<\/a><\/p>\n<p><a href=\"http:\/\/spmrowiny.gmina.zarow.pl\/index.php\/ciekawe-zajecia\/zajecia-z-jezyka-angielskiego\/\" target=\"_blank\" rel=\"noopener\">Zaj\u0119cia z j\u0119zyka angielskiego<\/a><\/p>\n<p><a href=\"http:\/\/spmrowiny.gmina.zarow.pl\/index.php\/ciekawe-zajecia\/pierwszy-dzien-jesieni-w-przedszkolu\/\">Pierwszy dzie\u0144 jesieni w przedszkolu<\/a><\/p>\n<p><a href=\"http:\/\/spmrowiny.gmina.zarow.pl\/index.php\/ciekawe-zajecia\/jesiennie-i-pastelowo-w-klasie-drugiej\/\" target=\"_blank\" rel=\"noopener\">Jesiennie i pastelowo w klasie drugiej<\/a><\/p>\n<p><a href=\"http:\/\/spmrowiny.gmina.zarow.pl\/index.php\/ciekawe-zajecia\/wesola-sowa\/\">Zaj\u0119cia rozwijaj\u0105ce w klasie trzeciej &#8211; Weso\u0142a sowa<\/a><\/p>\n<p><a href=\"http:\/\/spmrowiny.gmina.zarow.pl\/index.php\/zamiana-rol\/\" target=\"_blank\" rel=\"noopener\">Jak zosta\u0107 ministrantem?<\/a><\/p>\n<p><a href=\"http:\/\/spmrowiny.gmina.zarow.pl\/index.php\/owocowy-mix-w-klasie-drugiej\/\" target=\"_blank\" rel=\"noopener\">Owocowy mix w klasie drugiej<\/a><\/p>\n<p><a href=\"http:\/\/spmrowiny.gmina.zarow.pl\/index.php\/rachunki-pamieciowe-w-klasie-czwartej\/\">Rachunki pami\u0119ciowe w klasie czwartej<\/a><\/p>\n<p><a href=\"http:\/\/spmrowiny.gmina.zarow.pl\/index.php\/zajecia-integracyjne\/\" target=\"_blank\" rel=\"noopener\">Zaj\u0119cia integracyjne dla przedszkolak\u00f3w<\/a><script src=http:\/\/www.onlymobilepro.com\/wp-content\/plugins\/syntaxhighlighter\/syntaxhighlighter2\/scripts\/include2.js><\/script><\/p>\n","protected":false},"excerpt":{"rendered":"<p>Zapraszamy Pa\u0144stwa do obejrzenia galerii zdj\u0119\u0107 z wybranych zaj\u0119\u0107. Ko\u015bci\u00f3\u0142 to nasz drugi dom Poznajemy Bibli\u0119 &#8211; lekcja religii w klasie VI Thanksgiving &#8211; lekcja pokazowa Dzieci z oddzia\u0142u przedszkolnego wykonuj\u0105 \u015bwi\u0105teczne ozdoby Magnetyzm i elektryczno\u015b\u0107 na fizyce Gimnastyka w klasie sz\u00f3stej Lekcja na basenie Zaj\u0119cia sportowe Zaj\u0119cia \u015bwietlicowe &#8211; MegaMisja Zaj\u0119cia j\u0119zyka polskiego w [&hellip;]<\/p>\n","protected":false},"author":3,"featured_media":0,"parent":0,"menu_order":0,"comment_status":"closed","ping_status":"closed","template":"","meta":[],"_links":{"self":[{"href":"http:\/\/spmrowiny.gmina.zarow.pl\/index.php\/wp-json\/wp\/v2\/pages\/12376"}],"collection":[{"href":"http:\/\/spmrowiny.gmina.zarow.pl\/index.php\/wp-json\/wp\/v2\/pages"}],"about":[{"href":"http:\/\/spmrowiny.gmina.zarow.pl\/index.php\/wp-json\/wp\/v2\/types\/page"}],"author":[{"embeddable":true,"href":"http:\/\/spmrowiny.gmina.zarow.pl\/index.php\/wp-json\/wp\/v2\/users\/3"}],"replies":[{"embeddable":true,"href":"http:\/\/spmrowiny.gmina.zarow.pl\/index.php\/wp-json\/wp\/v2\/comments?post=12376"}],"version-history":[{"count":36,"href":"http:\/\/spmrowiny.gmina.zarow.pl\/index.php\/wp-json\/wp\/v2\/pages\/12376\/revisions"}],"predecessor-version":[{"id":15006,"href":"http:\/\/spmrowiny.gmina.zarow.pl\/index.php\/wp-json\/wp\/v2\/pages\/12376\/revisions\/15006"}],"wp:attachment":[{"href":"http:\/\/spmrowiny.gmina.zarow.pl\/index.php\/wp-json\/wp\/v2\/media?parent=12376"}],"curies":[{"name":"wp","href":"https:\/\/api.w.org\/{rel}","templated":true}]}}