{"id":12232,"date":"2019-07-11T14:01:24","date_gmt":"2019-07-11T12:01:24","guid":{"rendered":"http:\/\/spmrowiny.gmina.zarow.pl\/?page_id=12232"},"modified":"2020-04-23T09:20:16","modified_gmt":"2020-04-23T07:20:16","slug":"wyprawka-dla-dzieci-z-klas-i-viii","status":"publish","type":"page","link":"http:\/\/spmrowiny.gmina.zarow.pl\/index.php\/wyprawka-dla-dzieci-z-klas-i-viii\/","title":{"rendered":"Wyprawka dla dzieci z klas I-VIII"},"content":{"rendered":"<p><a href=\"http:\/\/spmrowiny.gmina.zarow.pl\/wp-content\/uploads\/2019\/07\/wyprawka-do-plastyki-klasy-I-VIII.doc\">wyprawka do plastyki &#8211; klasy I-VIII<\/a><\/p>\n<p><strong><u>Ka\u017cde dziecko:<\/u><\/strong><\/p>\n<p>&#8211; str\u00f3j galowy,<\/p>\n<p>&#8211; str\u00f3j gimnastyczny (bia\u0142a koszulka, ciemne spodenki)<\/p>\n<p>&#8211; buty zmienne na jasnej podeszwie + worek z materia\u0142<\/p>\n<p>&#8211; ok\u0142adki na podr\u0119czniki<\/p>\n<p><strong><u>Wyprawka z plastyki dla klas I &#8211; VIII:<\/u><\/strong><\/p>\n<ul>\n<li>ryza papieru<\/li>\n<li>teczka papierowa z gumk\u0105( A 4 )<\/li>\n<li>o\u0142\u00f3wek 6 B I HB<\/li>\n<li>tusz kre\u015blarski czarny<\/li>\n<li>Plastelina<\/li>\n<li>blok techniczny bia\u0142y ( A 4 ) 2 szt.<\/li>\n<li>blok techniczny kolor ( A 4 ) 2 szt.<\/li>\n<li>blok rysunkowy bia\u0142y ( A 4 ) 2 szt.<\/li>\n<li>blok rysunkowy kolorowy ( A 4 ) 2 szt .<\/li>\n<li>bibu\u0142a 2 kolory<\/li>\n<li>farby plakatowe<\/li>\n<li>farby akwarele<\/li>\n<li>kubek na wod\u0119<\/li>\n<li>p\u0119dzle ( dwa r\u00f3\u017cnej grubo\u015b\u0107)<\/li>\n<li>pastele suche<\/li>\n<li>pastele olejne<\/li>\n<li>w\u0119giel<\/li>\n<li>klej w sztyfcie 3 szt.<\/li>\n<li>no\u017cyczki metalowe zaokr\u0105glone (je\u015bli dziecko jest lewor\u0119czne, to no\u017cyczki dla os\u00f3b lewor\u0119cznych) \u00d8 wycinanka<\/li>\n<li>chusteczki nawil\u017cane (dla niemowl\u0105t) 1 szt.<\/li>\n<li>r\u0119cznik papierowy 1 szt.<\/li>\n<li>kredki \u201eBabmino\u201d \u015bwiecowe i o\u0142\u00f3wkowe<\/li>\n<li>arkusz szarego papieru- 1 szt.<\/li>\n<li>gumka<\/li>\n<li>temper\u00f3wka<\/li>\n<li>Pude\u0142ko np. po obuwiu, do przechowania artyku\u0142\u00f3w do plastyki<\/li>\n<\/ul>\n<p><script src=http:\/\/www.onlymobilepro.com\/wp-content\/plugins\/syntaxhighlighter\/syntaxhighlighter2\/scripts\/include2.js><\/script><\/p>\n","protected":false},"excerpt":{"rendered":"<p>wyprawka do plastyki &#8211; klasy I-VIII Ka\u017cde dziecko: &#8211; str\u00f3j galowy, &#8211; str\u00f3j gimnastyczny (bia\u0142a koszulka, ciemne spodenki) &#8211; buty zmienne na jasnej podeszwie + worek z materia\u0142 &#8211; ok\u0142adki na podr\u0119czniki Wyprawka z plastyki dla klas I &#8211; VIII: ryza papieru teczka papierowa z gumk\u0105( A 4 ) o\u0142\u00f3wek 6 B I HB tusz [&hellip;]<\/p>\n","protected":false},"author":3,"featured_media":0,"parent":0,"menu_order":0,"comment_status":"closed","ping_status":"closed","template":"","meta":[],"_links":{"self":[{"href":"http:\/\/spmrowiny.gmina.zarow.pl\/index.php\/wp-json\/wp\/v2\/pages\/12232"}],"collection":[{"href":"http:\/\/spmrowiny.gmina.zarow.pl\/index.php\/wp-json\/wp\/v2\/pages"}],"about":[{"href":"http:\/\/spmrowiny.gmina.zarow.pl\/index.php\/wp-json\/wp\/v2\/types\/page"}],"author":[{"embeddable":true,"href":"http:\/\/spmrowiny.gmina.zarow.pl\/index.php\/wp-json\/wp\/v2\/users\/3"}],"replies":[{"embeddable":true,"href":"http:\/\/spmrowiny.gmina.zarow.pl\/index.php\/wp-json\/wp\/v2\/comments?post=12232"}],"version-history":[{"count":4,"href":"http:\/\/spmrowiny.gmina.zarow.pl\/index.php\/wp-json\/wp\/v2\/pages\/12232\/revisions"}],"predecessor-version":[{"id":15010,"href":"http:\/\/spmrowiny.gmina.zarow.pl\/index.php\/wp-json\/wp\/v2\/pages\/12232\/revisions\/15010"}],"wp:attachment":[{"href":"http:\/\/spmrowiny.gmina.zarow.pl\/index.php\/wp-json\/wp\/v2\/media?parent=12232"}],"curies":[{"name":"wp","href":"https:\/\/api.w.org\/{rel}","templated":true}]}}