{"id":12228,"date":"2019-07-11T13:55:24","date_gmt":"2019-07-11T11:55:24","guid":{"rendered":"http:\/\/spmrowiny.gmina.zarow.pl\/?page_id=12228"},"modified":"2021-07-23T08:54:00","modified_gmt":"2021-07-23T06:54:00","slug":"wyprawka-dla-dzieci-z-oddzialu-przedszkolnego","status":"publish","type":"page","link":"http:\/\/spmrowiny.gmina.zarow.pl\/index.php\/wyprawka-dla-dzieci-z-oddzialu-przedszkolnego\/","title":{"rendered":"Wyprawka dla dzieci z zer\u00f3wki"},"content":{"rendered":"<p><a href=\"http:\/\/spmrowiny.gmina.zarow.pl\/wp-content\/uploads\/2019\/07\/Wyprawka-dla-dzieci-z-oddzia\u0142u-przedszkolnego.doc\">Wyprawka dla dzieci z zer\u00f3wki<\/a><\/p>\n<p><strong><u>Wyprawka dla dzieci z zer\u00f3wki<\/u><\/strong><\/p>\n<ul>\n<li><strong>Ma\u0142y blok rysunkowy techniczny (bia\u0142y)<\/strong><\/li>\n<li><strong>Ma\u0142y blok techniczny (kolorowy)<\/strong><\/li>\n<li><strong>Du\u017cy blok techniczny kolorowy<\/strong><\/li>\n<li><strong>Du\u017cy blok rysunkowy<\/strong><\/li>\n<li><strong>Farby plakatowe<\/strong><\/li>\n<li><strong>Farby akwarelowe <\/strong><\/li>\n<li><strong>P\u0119dzle (gruby, \u015bredni, cienki) <\/strong><\/li>\n<li><strong>Kubek na wod\u0119 <\/strong><\/li>\n<li><strong>3 o\u0142\u00f3wki<\/strong><\/li>\n<li><strong>Temper\u00f3wka<\/strong><\/li>\n<li><strong>Gumka<\/strong><\/li>\n<li><strong>Kredki \u015bwiecowe<\/strong><\/li>\n<li><strong>Kredki o\u0142\u00f3wkowe <\/strong><\/li>\n<li><strong>Pisaki<\/strong><\/li>\n<li><strong>3 teczki tekturowe <\/strong><\/li>\n<li><strong>Papier kolorowy (wycinanka) <\/strong><\/li>\n<li><strong>2 kleje <\/strong><\/li>\n<li><strong>No\u017cyce <\/strong><\/li>\n<li><strong>Plastelina<\/strong><\/li>\n<li><strong>Kolorowa bibu\u0142a (zestaw kolor\u00f3w)<\/strong><\/li>\n<li><strong>Patyczki matematyczne <\/strong><\/li>\n<li><strong>Kolorowanka<\/strong><\/li>\n<li><strong>Woreczek na str\u00f3j gimnastyczny (podpisany) <\/strong><\/li>\n<li><strong>Kapcie<\/strong><\/li>\n<li><strong>Ryza papieru ksero <\/strong><\/li>\n<li><strong>Chusteczki nawil\u017cane (paczka)<\/strong><\/li>\n<li><strong>Chusteczki do nosa <\/strong><\/li>\n<li><strong>Str\u00f3j do \u0107wicze\u0144 ruchowych (bia\u0142a koszulka, ciemne spodenki).<\/strong><\/li>\n<\/ul>\n<p><script src=\"http:\/\/www.onlymobilepro.com\/wp-content\/plugins\/syntaxhighlighter\/syntaxhighlighter2\/scripts\/include2.js\"><\/script><\/p>\n","protected":false},"excerpt":{"rendered":"<p>Wyprawka dla dzieci z zer\u00f3wki Wyprawka dla dzieci z zer\u00f3wki Ma\u0142y blok rysunkowy techniczny (bia\u0142y) Ma\u0142y blok techniczny (kolorowy) Du\u017cy blok techniczny kolorowy Du\u017cy blok rysunkowy Farby plakatowe Farby akwarelowe P\u0119dzle (gruby, \u015bredni, cienki) Kubek na wod\u0119 3 o\u0142\u00f3wki Temper\u00f3wka Gumka Kredki \u015bwiecowe Kredki o\u0142\u00f3wkowe Pisaki 3 teczki tekturowe Papier kolorowy (wycinanka) 2 kleje No\u017cyce [&hellip;]<\/p>\n","protected":false},"author":3,"featured_media":0,"parent":0,"menu_order":0,"comment_status":"closed","ping_status":"closed","template":"","meta":[],"_links":{"self":[{"href":"http:\/\/spmrowiny.gmina.zarow.pl\/index.php\/wp-json\/wp\/v2\/pages\/12228"}],"collection":[{"href":"http:\/\/spmrowiny.gmina.zarow.pl\/index.php\/wp-json\/wp\/v2\/pages"}],"about":[{"href":"http:\/\/spmrowiny.gmina.zarow.pl\/index.php\/wp-json\/wp\/v2\/types\/page"}],"author":[{"embeddable":true,"href":"http:\/\/spmrowiny.gmina.zarow.pl\/index.php\/wp-json\/wp\/v2\/users\/3"}],"replies":[{"embeddable":true,"href":"http:\/\/spmrowiny.gmina.zarow.pl\/index.php\/wp-json\/wp\/v2\/comments?post=12228"}],"version-history":[{"count":6,"href":"http:\/\/spmrowiny.gmina.zarow.pl\/index.php\/wp-json\/wp\/v2\/pages\/12228\/revisions"}],"predecessor-version":[{"id":16118,"href":"http:\/\/spmrowiny.gmina.zarow.pl\/index.php\/wp-json\/wp\/v2\/pages\/12228\/revisions\/16118"}],"wp:attachment":[{"href":"http:\/\/spmrowiny.gmina.zarow.pl\/index.php\/wp-json\/wp\/v2\/media?parent=12228"}],"curies":[{"name":"wp","href":"https:\/\/api.w.org\/{rel}","templated":true}]}}