{"id":12220,"date":"2019-07-11T13:47:55","date_gmt":"2019-07-11T11:47:55","guid":{"rendered":"http:\/\/spmrowiny.gmina.zarow.pl\/?page_id=12220"},"modified":"2021-06-29T12:56:13","modified_gmt":"2021-06-29T10:56:13","slug":"spis-podrecznikow-20192020","status":"publish","type":"page","link":"http:\/\/spmrowiny.gmina.zarow.pl\/index.php\/spis-podrecznikow-20192020\/","title":{"rendered":"Spis podr\u0119cznik\u00f3w 2021\/2022"},"content":{"rendered":"<p><strong>\u00a0<\/strong><\/p>\n<p><strong>WYKAZ PODR\u0118CZNIK\u00d3W OBOWI\u0104ZUJ\u0104CYCH W SZKOLE PODSTAWOWEJ IM. A. JENKE <\/strong><\/p>\n<p><strong>W MROWINACH W ROKU SZKOLNYM 2021\/2022<\/strong><\/p>\n<p><strong>\u00a0<\/strong><\/p>\n\n\n<!--more-->\n\n\n\n<div class=\"wp-block-file\"><a href=\"http:\/\/spmrowiny.gmina.zarow.pl\/wp-content\/uploads\/2021\/06\/spis-podrecznikow-2021-2022.pdf\">spis-podrecznikow-2021-2022<\/a><a href=\"http:\/\/spmrowiny.gmina.zarow.pl\/wp-content\/uploads\/2021\/06\/spis-podrecznikow-2021-2022.pdf\" class=\"wp-block-file__button\" download>Pobierz<\/a><\/div>\n\n\n\n<p><strong>WYKAZ PODR\u0118CZNIK\u00d3W OBOWI\u0104ZUJ\u0104CYCH W SZKOLE PODSTAWOWEJ IM. A. JENKE&nbsp;<\/strong>&nbsp;<\/p>\n\n\n\n<p><strong>W MROWINACH W ROKU SZKOLNYM&nbsp;2021\/2022<\/strong>&nbsp;<\/p>\n\n\n\n<p><strong>Podr\u0119czniki na rok&nbsp;2021\/2022<\/strong>&nbsp;<\/p>\n\n\n\n<figure class=\"wp-block-table\"><table><tbody><tr><td><strong>L.P<\/strong>&nbsp;<\/td><td><strong>KLASA<\/strong>&nbsp;<\/td><td><strong>PRZEDMIOT<\/strong>&nbsp;<\/td><td><strong>PODR\u0118CZNIK\/AUTOR<\/strong>&nbsp;<\/td><td><strong>\u0106WICZENIA\/AUTOR<\/strong>&nbsp;<\/td><td><strong>WYDAWNICTWO<\/strong>&nbsp;<\/td><\/tr><tr><td>1&nbsp;<\/td><td><strong>ODDZIA\u0141 PRZEDSZKOLNY<\/strong>&nbsp;<\/td><td><strong><\/strong>&nbsp;<\/td><td><strong>Pakiet&nbsp;Supersmyki&nbsp;B+&nbsp;<\/strong>&nbsp;A.&nbsp;Mironiuk, M. Sobkowiak,&nbsp;A. Bana\u015b,&nbsp;W.&nbsp;\u017baba-\u017babi\u0144ska,&nbsp;(karty pracy, wyprawka plastyczna, zeszyt&nbsp;supersmyka, klocki&nbsp;nemi, karta&nbsp;supersmyka)&nbsp;<\/td><td>Pakiet&nbsp;Supersmyki&nbsp;B+&nbsp;Mironiuk,&nbsp;M.Sobkowiak, A. Bana\u015b. W. \u017baba-\u017babi\u0144ska&nbsp;<\/td><td>&nbsp;MAC- Edukacja&nbsp;<\/td><\/tr><tr><td><strong>Religia (6-latki)<\/strong>&nbsp;<\/td><td><strong>Kocham Pana Jezusa (dwie cz\u0119\u015bci)<\/strong>&nbsp;&#8211;&nbsp;ks.&nbsp;dr Pawe\u0142 P\u0142aczek&nbsp;<\/td><td>&nbsp;<\/td><td>\u015awi\u0119ty Wojciech&nbsp;<\/td><\/tr><\/tbody><\/table><\/figure>\n\n\n\n<figure class=\"wp-block-table\"><table><tbody><tr><td>2&nbsp;<\/td><td><strong>KLASA I<\/strong>&nbsp;<\/td><td><strong>Edukacja wczesnoszkolna<\/strong>&nbsp;<\/td><td>\u201cJa i moja szko\u0142a na nowo\u201d J. Faliszewska, G. Lech&nbsp;<\/td><td>\u201cJa i moja szko\u0142a na nowo\u201d J. Faliszewska, G. Lech&nbsp;&nbsp;&nbsp;<\/td><td>MAC&nbsp;<\/td><\/tr><tr><td><strong>Religia<\/strong>&nbsp;<\/td><td><strong>Pan B\u00f3g jest naszym Ojcem (dwie cz\u0119\u015bci)<\/strong>&nbsp;&#8211;&nbsp;ks. dr Pawe\u0142 P\u0142aczek&nbsp;&nbsp;<\/td><td>&nbsp;<\/td><td>\u015awi\u0119ty Wojciech&nbsp;<\/td><\/tr><tr><td><strong>J\u0119zyk angielski<\/strong>&nbsp;<\/td><td><strong>Tiger&nbsp;<\/strong>&nbsp;Carol&nbsp;Read, Mark&nbsp;Ormerod, Magdalena&nbsp;Kondro&nbsp;<\/td><td>Zeszyty \u0107wicze\u0144&nbsp;&nbsp;Tiger&nbsp;Carol&nbsp;Read, Mark&nbsp;Ormerod, Magdalena&nbsp;Kondro&nbsp;<\/td><td>Mcmillan&nbsp;&nbsp;<\/td><\/tr><tr><td>3&nbsp;<\/td><td><strong>KLASA IV<\/strong>&nbsp;<\/td><td><strong>Technika<\/strong>&nbsp;<\/td><td><strong>\u201cJak to dzia\u0142a?\u201d&nbsp;4&nbsp;<\/strong>&nbsp;L.&nbsp;\u0141abecki,&nbsp;M.&nbsp;\u0141abecka&nbsp;<\/td><td>&nbsp;<\/td><td>Nowa Era&nbsp;&nbsp;<\/td><\/tr><tr><td><strong>J\u0119zyk polski<\/strong>&nbsp;<\/td><td><strong>\u201cMi\u0119dzy nami&nbsp;4\u201d&nbsp;<\/strong>&nbsp;A. \u0141uczak, A.&nbsp;Murdzek, K. Krzemieniewska-Kleban&nbsp;<\/td><td><strong>Mi\u0119dzy nami&nbsp;4 wersja&nbsp;B<\/strong>&nbsp;Zeszyt \u0107wicze\u0144 do j\u0119zyka polskiego dla klasy czwartej szko\u0142y podstawowej&nbsp;A. \u0141uczak, A.&nbsp;Murdzek, K. Krzemieniewska-Kleban&nbsp;<\/td><td>GWO&nbsp;<\/td><\/tr><tr><td><strong>Przyroda<\/strong>&nbsp;<\/td><td><strong>\u201cTajemnice przyrody\u201d IV&nbsp;&nbsp;<\/strong>&nbsp;M.Marko-Wor\u0142owska,&nbsp;F.Szlajfer,J.Stawarz&nbsp;<\/td><td><strong>\u201cTajemnnice&nbsp;przyrody\u201d<\/strong>zeszyt&nbsp;\u0107wicze\u0144 dla&nbsp;klasyIV&nbsp;J.Golanko,&nbsp;U.Mo\u017adzierz&nbsp;,J.Stawarz,I.Wr\u00f3bel&nbsp;<\/td><td>Nowa Era&nbsp;<\/td><\/tr><tr><td><strong>Plastyka<\/strong>&nbsp;<\/td><td><strong>Do dzie\u0142a!&nbsp;<\/strong>Podr\u0119cznik do plastyki dla klasy czwartej szko\u0142y podstawowej; Jadwiga Lukas, Krystyna&nbsp;Onak&nbsp;<\/td><td>&nbsp;<\/td><td>Nowa Era&nbsp;<\/td><\/tr><tr><td><strong>J\u0119zyk angielski<\/strong>&nbsp;<\/td><td><strong>Junior Explorer 4<\/strong>&nbsp;Podr\u0119cznik&nbsp;Jennifer Heath, Michele Crawford, Marta Mrozik, Katarzyna&nbsp;K\u0142opska&nbsp;<\/td><td><strong>Junior Explorer 4<\/strong>&nbsp;Zeszyt&nbsp;\u0107wicze\u0144&nbsp;do&nbsp;j\u0119zyka&nbsp;angielskiego&nbsp;dla&nbsp;klasy&nbsp;czwartej&nbsp;&nbsp;Sue Clarke, Marta Mrozik, Dorota&nbsp;Wosi\u0144ska&nbsp;&nbsp;<\/td><td>Nowa Era&nbsp;<\/td><\/tr><tr><td><strong>Historia&nbsp;<\/strong>&nbsp;<\/td><td><strong>\u201cWczoraj i Dzi\u015b\u201d<\/strong><strong><em>&nbsp;4&nbsp;<\/em><\/strong>Bogumi\u0142a Olszewska, Wies\u0142awa&nbsp;Sydruk-Fertsch,Grzegorz&nbsp;Wojciechowski&nbsp;<strong><em><\/em><\/strong>&nbsp;<\/td><td><strong><em><\/em><\/strong>&nbsp;<\/td><td>Nowa Era&nbsp;<\/td><\/tr><tr><td><strong>Muzyka<\/strong>&nbsp;<\/td><td><strong>Lekcja muzyki.<\/strong>&nbsp;Podr\u0119cznik do muzyki dla klasy czwartej szko\u0142y podstawowej; Monika Gromek, Gra\u017cyna&nbsp;Kilbach&nbsp;&nbsp;<\/td><td>&nbsp;<\/td><td>Nowa Era&nbsp;<\/td><\/tr><tr><td><strong>Matematyka<\/strong>&nbsp;<\/td><td><strong>\u201cMatematyka z plusem 4\u201d<\/strong><strong><em>&nbsp;&#8211;&nbsp;<\/em><\/strong>M.Dobrowolska&nbsp;i inni&nbsp;<\/td><td><strong>\u201cMatematyka 4, \u0107wiczenia\u201d<\/strong>&nbsp;&#8211;&nbsp;M.Dobrowolska&nbsp;<\/td><td>Gda\u0144skie Wydawnictwo O\u015bwiatowe&nbsp;<\/td><\/tr><tr><td><strong>Religia<\/strong>&nbsp;<\/td><td><strong>Jestem chrze\u015bcijaninem<\/strong>&nbsp;&#8211;&nbsp;ks. Jan Szpet i Danuta Jackowiak&nbsp;<\/td><td>&nbsp;<\/td><td>\u015awi\u0119ty Wojciech&nbsp;<\/td><\/tr><tr><td>4&nbsp;<\/td><td><strong>KLASA V<\/strong>&nbsp;<\/td><td><strong>J\u0119zyk polski<\/strong>&nbsp;&nbsp;&nbsp;&nbsp;&nbsp;&nbsp;&nbsp;<\/td><td><strong>\u201cMi\u0119dzy nami 5\u201d<\/strong>&nbsp;A. \u0141uczak, A.&nbsp;Murdzek&nbsp;<\/td><td><strong>Mi\u0119dzy nami&nbsp;5&nbsp;<\/strong>&nbsp;Zeszyt \u0107wicze\u0144 do j\u0119zyka polskiego dla klasy&nbsp;pi\u0105tej&nbsp;szko\u0142y podstawowej&nbsp;A. \u0141uczak, A.&nbsp;Murdzek&nbsp;<\/td><td>GWO&nbsp;<\/td><\/tr><tr><td><strong>Matematyka<\/strong>&nbsp;<\/td><td><strong>\u201cMatematyka z plusem 5\u201d &#8211;&nbsp;<\/strong>M.Dobrowolska&nbsp;i inni&nbsp;&nbsp;<\/td><td><strong>\u201cMatematyka 5, \u0107wiczenia\u201d<\/strong>&nbsp;&#8211;&nbsp;M.Dobrowolska&nbsp;<\/td><td>Gda\u0144skie Wydawnictwo O\u015bwiatowe&nbsp;&nbsp;<\/td><\/tr><tr><td><strong>J\u0119zyk angielski<\/strong>&nbsp;<\/td><td><strong>Junior Explorer 5<\/strong>&nbsp;Podr\u0119cznik&nbsp;Jennifer Heath and Michele Crawford,&nbsp;Marta Mrozik, Katarzyna&nbsp;K\u0142opska&nbsp;<strong><\/strong>&nbsp;<\/td><td><strong>Junior Explorer 5<\/strong>&nbsp;Zeszyt&nbsp;\u0107wicze\u0144&nbsp;do&nbsp;j\u0119zyka&nbsp;angielskiego&nbsp;dla&nbsp;klasy&nbsp;pi\u0105tej&nbsp;&nbsp;Sue Clarke, Marta Mrozik, Dorota&nbsp;Wosi\u0144ska&nbsp;<strong><\/strong>&nbsp;<\/td><td>Nowa Era&nbsp;<\/td><\/tr><tr><td><strong>Geografia<\/strong>&nbsp;<\/td><td><strong>Planeta Nowa 5<\/strong>&nbsp;F.Szlajfer,&nbsp;Z.Zaniewicz,T.Rachwa\u0142,R.Malarz&nbsp;<\/td><td><strong>Zeszyt \u0107wicze\u0144 &#8211; Planeta Nowa 5<\/strong>&nbsp;K.Skomorka&nbsp;<\/td><td>Nowa Era&nbsp;<\/td><\/tr><tr><td><strong>Biologia<\/strong>&nbsp;<\/td><td><strong>\u201cPuls \u017cycia\u201d 5<\/strong>&nbsp;M.&nbsp;S\u0119ktas, J. Stawarz&nbsp;&nbsp;<\/td><td>&nbsp;<\/td><td>Nowa Era&nbsp;<\/td><\/tr><tr><td><strong>Historia&nbsp;<\/strong>&nbsp;<\/td><td><strong>Wczoraj i dzi\u015b &#8211; 5<\/strong><strong><em>&nbsp;<\/em><\/strong>G.Wojciechowski&nbsp;<strong><em><\/em><\/strong>&nbsp;<\/td><td>&nbsp;<\/td><td>Nowa Era&nbsp;<\/td><\/tr><tr><td><strong>Technika&nbsp;<\/strong>&nbsp;<\/td><td><strong>\u201cJak to dzia\u0142a?&nbsp;5&nbsp;<\/strong>&nbsp;L.&nbsp;\u0141abecki, M.&nbsp;\u0141abecka&nbsp;&nbsp;<\/td><td>&nbsp;<\/td><td>Nowa Era&nbsp;&nbsp;<\/td><\/tr><tr><td><strong>Plastyka<\/strong>&nbsp;<\/td><td><strong>Plastyka.&nbsp;<\/strong>Podr\u0119cznik. Szko\u0142a podstawowa. Klasa 5; Stanis\u0142aw K.&nbsp;Stopczyk, Barbara&nbsp;Neubart, Joanna&nbsp;Cho\u0142a\u015bci\u0144ska, Katarzyna Janus-Borkowska&nbsp;<strong><\/strong>&nbsp;<\/td><td>&nbsp;<\/td><td>WSIP&nbsp;<\/td><\/tr><tr><td><strong>Muzyka<\/strong>&nbsp;<\/td><td><strong>Lekcja muzyki.<\/strong>&nbsp;Podr\u0119cznik do muzyki dla klasy pi\u0105tej szko\u0142y podstawowej; Monika Gromek, Gra\u017cyna&nbsp;Kilbach&nbsp;&nbsp;&nbsp;<\/td><td>&nbsp;<\/td><td>Nowa Era&nbsp;<\/td><\/tr><tr><td><strong>Religia<\/strong>&nbsp;<\/td><td><strong>B\u00f3g szuka cz\u0142owieka&nbsp;(dwie cz\u0119\u015bci)&nbsp;&#8211;&nbsp;<\/strong>redaktorzy s. Beata Zawi\u015blak, ks.&nbsp;dr Marcin Wojtasik&nbsp;&nbsp;<\/td><td>&nbsp;<\/td><td>\u015awi\u0119ty Wojciech&nbsp;<\/td><\/tr><tr><td>5&nbsp;<\/td><td><strong>KLASA VI<\/strong>&nbsp;<\/td><td><strong>J\u0119zyk polski<\/strong>&nbsp;<\/td><td><strong>\u201cNOWE S\u0142owa na start\u201d 6<\/strong>&nbsp;Anna Klimowicz, Marlena&nbsp;Derlukiewicz&nbsp;&nbsp;<\/td><td><strong>NOWE S\u0142owa na start! Zeszyt \u0107wicze\u0144 do j\u0119zyka polskiego dla klasy 6 szko\u0142y<\/strong>&nbsp;podstawowej, praca zbiorowa&nbsp;<\/td><td>Nowa Era&nbsp;<\/td><\/tr><tr><td><strong>Matematyka<\/strong>&nbsp;<\/td><td><strong>\u201cMatematyka z plusem 6\u201d &#8211;&nbsp;<\/strong>M.Dobrowolska&nbsp;i inni&nbsp;&nbsp;<\/td><td><strong>\u201cMatematyka 6, \u0107wiczenia\u201d<\/strong>&nbsp;&#8211;&nbsp;M.Dobrowolska&nbsp;<\/td><td>Gda\u0144skie Wydawnictwo O\u015bwiatowe&nbsp;&nbsp;<\/td><\/tr><tr><td><strong>J\u0119zyk angielski<\/strong>&nbsp;<\/td><td><strong>Team Up Plus 6&nbsp;Podr\u0119cznik<\/strong>&nbsp;Philippa Bowen and Denis Delaney&nbsp;<strong><\/strong>&nbsp;<\/td><td><strong>Team Up Plus 6&nbsp;<\/strong>Zeszyt&nbsp;\u0107wicze\u0144&nbsp;&nbsp;<\/td><td>Oxford&nbsp;<\/td><\/tr><tr><td><strong>Historia<\/strong>&nbsp;<\/td><td><strong>Wczoraj i dzi\u015b -6<\/strong>&nbsp;\u2013&nbsp;B.Olszewska,&nbsp;W.Sudryk-Fertsch,G.Wojciechowski&nbsp;&nbsp;<\/td><td>&nbsp;<\/td><td>Nowa Era&nbsp;<\/td><\/tr><tr><td><strong>Religia<\/strong>&nbsp;<\/td><td><strong>Jezus nas zbawia (dwie cz\u0119\u015bci)&nbsp;&#8211;&nbsp;<\/strong>s. Beata Zawi\u015blak, ks. Dr Marcin Wojtasik&nbsp;<strong><\/strong>&nbsp;<\/td><td>&nbsp;<\/td><td>\u015awi\u0119ty Wojciech&nbsp;<\/td><\/tr><tr><td>&nbsp;<\/td><td><strong><\/strong>&nbsp;<\/td><td><strong>Plastyka<\/strong>&nbsp;<\/td><td><strong>Do dzie\u0142a!<\/strong>&nbsp;Podr\u0119cznik do plastyki dla klasy sz\u00f3stej szko\u0142y podstawowej; Jadwiga Lukas, Krystyna&nbsp;Onak&nbsp;&nbsp;&nbsp;<\/td><td>&nbsp;<\/td><td>Nowa Era&nbsp;<\/td><\/tr><tr><td><strong>Geografia<\/strong>&nbsp;<\/td><td><strong>Planeta Nowa 6<\/strong>&nbsp;T.Rachwa\u0142,&nbsp;R.Malarz, D. Szczypi\u0144ski&nbsp;<\/td><td><strong>Zeszyt \u0107wicze\u0144 &#8211; Planeta Nowa 6<\/strong>&nbsp;K.Skomorka&nbsp;<\/td><td>Nowa Era&nbsp;<\/td><\/tr><tr><td><strong>Technika&nbsp;<\/strong>&nbsp;<strong><\/strong>&nbsp;<\/td><td><strong>\u201cJak to dzia\u0142a? 6<\/strong>&nbsp;L.&nbsp;\u0141abecki, M.&nbsp;\u0141abecka&nbsp;&nbsp;<\/td><td>&nbsp;<\/td><td>Nowa Era&nbsp;&nbsp;<\/td><\/tr><tr><td><strong>Muzyka<\/strong>&nbsp;<\/td><td><strong>Lekcja muzyki.<\/strong>&nbsp;Podr\u0119cznik dla klasy sz\u00f3stej szko\u0142y podstawowej; Monika Gromek, Gra\u017cyna&nbsp;Kilbach&nbsp;&nbsp;&nbsp;<\/td><td>&nbsp;<\/td><td>Nowa Era&nbsp;<\/td><\/tr><tr><td><strong>Biologia<\/strong>&nbsp;<\/td><td><strong>\u201cPuls \u017cycia\u201d&nbsp;6<\/strong>&nbsp; J.&nbsp;Stawarz&nbsp;<\/td><td>&nbsp;<\/td><td>Nowa Era&nbsp;<\/td><\/tr><\/tbody><\/table><\/figure>\n\n\n\n<figure class=\"wp-block-table\"><table><tbody><tr><td>6&nbsp;<\/td><td><strong>KLASA VII<\/strong>&nbsp;<\/td><td><strong>J\u0119zyk polski<\/strong>&nbsp;<\/td><td><strong>\u201cNOWE S\u0142owa na start\u201d 7&nbsp;<\/strong>&nbsp;Joanna Ko\u015bcierzy\u0144ska, Joanna&nbsp;Ginter, Katarzyna \u0141\u0119ka, Joanna Krzemi\u0144ska, Joanna Kostrzewa, Natalia Bielawska&nbsp;&nbsp;<\/td><td><strong>NOWE S\u0142owa<\/strong>&nbsp;na start! 7&nbsp;Zeszyt \u0107wicze\u0144 do j\u0119zyka polskiego dla klasy si\u00f3dmej szko\u0142y podstawowej, praca zbiorowa&nbsp;&nbsp;<\/td><td>Nowa Era&nbsp;<\/td><\/tr><tr><td><strong>Matematyka<\/strong>&nbsp;<\/td><td><strong>\u201cMatematyka z plusem 7\u201d &#8211;&nbsp;<\/strong>M.Dobrowolska&nbsp;i inni&nbsp;&nbsp;<\/td><td><strong>\u201cMatematyka 7, \u0107wiczenia podstawowe\u201d<\/strong>&nbsp;&#8211;&nbsp;M.Dobrowolska&nbsp;&nbsp;<\/td><td>Gda\u0144skie Wydawnictwo O\u015bwiatowe&nbsp;&nbsp;<\/td><\/tr><tr><td><strong>J\u0119zyk angielski<\/strong>&nbsp;<\/td><td><strong>Teen Explorer&nbsp;New&nbsp;7&nbsp;<\/strong>Podr\u0119cznik<strong>&nbsp;<\/strong>Philip&nbsp;McElmuray&nbsp;<\/td><td><strong>Teen Explorer&nbsp;New&nbsp;7<\/strong>&nbsp;Zeszyt&nbsp;\u0107wicze\u0144&nbsp;Philip&nbsp;McElmuray&nbsp;<\/td><td>Nowa Era&nbsp;<\/td><\/tr><tr><td><strong>Historia&nbsp;<\/strong>&nbsp;<\/td><td>\u201cWczoraj i Dzi\u015b\u201d Jaros\u0142aw&nbsp;K\u0142aczk\u00f3w,Anna&nbsp;\u0141aszkiewicz,Stanis\u0142aw&nbsp;Roszak&nbsp;&nbsp;<\/td><td>&nbsp;<\/td><td>Nowa Era&nbsp;<\/td><\/tr><tr><td><strong>Religia<\/strong>&nbsp;<\/td><td><strong>Spotkanie ze S\u0142owem&nbsp;&#8211;&nbsp;<\/strong>ks. Jan Szpet i Danuta Jackowiak&nbsp;<strong><\/strong>&nbsp;<\/td><td>&nbsp;<\/td><td>\u015awi\u0119ty Wojciech&nbsp;<\/td><\/tr><tr><td><strong>Plastyka<\/strong>&nbsp;<\/td><td><strong>Do dzie\u0142a!<\/strong>&nbsp;Podr\u0119cznik do plastyki dla klasy si\u00f3dmej szko\u0142y podstawowej; Marta&nbsp;Ipczy\u0144ska, Natalia&nbsp;Mrozkowiak&nbsp;&nbsp;<em><\/em>&nbsp;<\/td><td>&nbsp;<\/td><td>Nowa Era&nbsp;<\/td><\/tr><tr><td><strong>Muzyka<\/strong>&nbsp;<\/td><td><strong>Lekcja muzyki<\/strong>. Podr\u0119cznik do muzyki dla klasy si\u00f3dmej szko\u0142y podstawowej; Monika Gromek, Gra\u017cyna&nbsp;Kilbach&nbsp;&nbsp;&nbsp;<\/td><td>&nbsp;<\/td><td>Nowa Era&nbsp;<\/td><\/tr><tr><td><strong>J\u0119zyk niemiecki<\/strong>&nbsp;<\/td><td>&nbsp;<strong>\u201c&nbsp;Deutschtour&nbsp;Fit\u201d&nbsp;<\/strong>&nbsp;&nbsp;&nbsp;Ewa Ko\u015bcielniak&nbsp;\u2013&nbsp;Walewska&nbsp;&nbsp;<\/td><td>&nbsp;<\/td><td>Nowa Era&nbsp;&nbsp;<\/td><\/tr><tr><td><strong>Geografia<\/strong>&nbsp;<\/td><td><strong>Planeta Nowa 7<\/strong>&nbsp;\u2013R.Malarz,M.Szubert,T.Rachwa\u0142&nbsp;<\/td><td><strong>-\u201ePlaneta Nowa\u201d<\/strong>&nbsp;zeszyt \u0107wicze\u0144 do geografii dla kl. 7 K.&nbsp;Skomoroko&nbsp;<\/td><td>Nowa Era&nbsp;<\/td><\/tr><tr><td><strong>Biologia&nbsp;<\/strong>&nbsp;<\/td><td><strong>\u201cPuls \u017cycia\u201d 7<\/strong>&nbsp;M.&nbsp;Jefimow&nbsp;&nbsp;<\/td><td>&nbsp;<\/td><td>Nowa Era&nbsp;<\/td><\/tr><tr><td><strong>Chemia<\/strong>&nbsp;<\/td><td><strong>\u201cChemia Nowej Ery\u201d<\/strong>&nbsp;Podr\u0119cznik do chemii dla klasy si\u00f3dmej szko\u0142y podstawowej&nbsp;J.Kulawik,&nbsp;T.Kulawik,&nbsp;M.Litwin&nbsp;&nbsp;<\/td><td>&nbsp;<\/td><td>Wydawnictwo Nowa Era&nbsp;&nbsp;<\/td><\/tr><tr><td><strong><\/strong>&nbsp;<\/td><td><strong>Fizyka<\/strong>&nbsp;<\/td><td>\u201cTo jest fizyka\u201d Podr\u0119cznik&nbsp;do fizyki&nbsp;dla klasy si\u00f3dmej szko\u0142y podstawowej&nbsp;M.Braun, W. \u015aliwa&nbsp;&nbsp;&nbsp;<\/td><td>&nbsp;<\/td><td>Wydawnictwo Nowa Era&nbsp;&nbsp;<\/td><\/tr><tr><td>7&nbsp;<\/td><td><strong>KLASA VIII<\/strong>&nbsp;<\/td><td><strong>J\u0119zyk polski<\/strong>&nbsp;<\/td><td><strong>\u201cNOWE S\u0142owa na start\u201d 8&nbsp;<\/strong>&nbsp;Joanna Ko\u015bcierzy\u0144ska, Ma\u0142gorzata Chmiel, Maciej Szulc, Agnieszka&nbsp;Gorza\u0142czy\u0144ska-Mr\u00f3z&nbsp;<\/td><td><strong>NOWE S\u0142owa na start! 8<\/strong>&nbsp;Zeszyt \u0107wicze\u0144 do j\u0119zyka polskiego dla klasy \u00f3smej szko\u0142y podstawowej&nbsp;<\/td><td>Nowa Era&nbsp;&nbsp;<\/td><\/tr><tr><td><strong>Matematyka<\/strong>&nbsp;<\/td><td><strong>\u201cMatematyka z plusem 8\u201d &#8211;&nbsp;<\/strong>M.Dobrowolska&nbsp;i inni&nbsp;&nbsp;<\/td><td><strong>\u201cMatematyka 8, \u0107wiczenia podstawowe\u201d<\/strong>&nbsp;&#8211;&nbsp;M.Dobrowolska&nbsp;<\/td><td>Gda\u0144skie Wydawnictwo O\u015bwiatowe&nbsp;&nbsp;<\/td><\/tr><tr><td><strong>J\u0119zyk angielski<\/strong>&nbsp;<\/td><td><strong>Repetytorium&nbsp;\u00d3smoklasisty&nbsp;<\/strong>podr\u0119cznik&nbsp;pod&nbsp;redakcj\u0105&nbsp;Jayne Freeman-Zolotenki&nbsp;<\/td><td><strong>Repetytorium&nbsp;\u00d3smoklasisty&nbsp;zeszyt&nbsp;\u0107wicze\u0144&nbsp;<\/strong>pod&nbsp;redakcj\u0105&nbsp;Jayne Freeman-Zolotenki&nbsp;<\/td><td>Nowa Era&nbsp;<\/td><\/tr><tr><td><strong>Historia&nbsp;<\/strong>&nbsp;<\/td><td><strong>Wczoraj i dzi\u015b 8<\/strong>&nbsp;\u2013R.\u015aniegocki,A.Zieli\u0144ska&nbsp;<\/td><td>&nbsp;<\/td><td>Nowa&nbsp;Era&nbsp;<\/td><\/tr><tr><td><strong>Religia<\/strong>&nbsp;<\/td><td><strong>Aby nie usta\u0107 w drodze<\/strong>&nbsp;&#8211; ks. Jan Szpet i Danuta Jackowiak&nbsp;&nbsp;<\/td><td>&nbsp;<\/td><td>\u015awi\u0119ty Wojciech&nbsp;<\/td><\/tr><tr><td><strong>J\u0119zyk niemiecki<\/strong>&nbsp;<\/td><td><strong>\u201cMeine&nbsp;Deutschtour\u201d 8&nbsp;<\/strong>&nbsp;Ewa Ko\u015bcielniak &#8211; Walewska&nbsp;&nbsp;&nbsp;<\/td><td>&nbsp;<\/td><td>Nowa Era&nbsp;&nbsp;<\/td><\/tr><tr><td><strong>Geografia<\/strong>&nbsp;<\/td><td><strong>Planeta Nowa 8<\/strong>&#8211;&nbsp;T.Rachwa\u0142,&nbsp;D.Szczypi\u0144ski&nbsp;<\/td><td><strong>-\u201ePlaneta Nowa\u201d<\/strong>&nbsp;zeszyt \u0107wicze\u0144 do geografii dla kl. 8 K.&nbsp;Skomoroko&nbsp;<\/td><td>Nowa Era&nbsp;<\/td><\/tr><tr><td><strong>Biologia&nbsp;<\/strong>&nbsp;<\/td><td><strong>\u201cPuls \u017cycia\u201d 8<\/strong>&nbsp;B.&nbsp;S\u0105gin, A.&nbsp;Boczarowski, M.&nbsp;S\u0119ktas&nbsp;&nbsp;<\/td><td>&nbsp;<\/td><td>Nowa Era&nbsp;<\/td><\/tr><tr><td><strong>Wiedza o spo\u0142ecze\u0144stwie<\/strong>&nbsp;<\/td><td><strong>\u201cDzi\u015b i jutro\u201d<\/strong>&nbsp;kl. VIII Iwona Janicka, Arkadiusz Janicki, Aleksandra Kucie-Ma\u0107kowska, Tomasz Ma\u0107kowski&nbsp;&nbsp;<\/td><td>&nbsp;<\/td><td>Nowa Era&nbsp;<\/td><\/tr><tr><td><strong>Chemia<\/strong>&nbsp;<\/td><td><strong>\u201cChemia Nowej Ery\u201d<\/strong>&nbsp;Podr\u0119cznik do chemii dla klasy \u00f3smej szko\u0142y podstawowej&nbsp;J.Kulawik,&nbsp;T.Kulawik,&nbsp;M.Litwin&nbsp;&nbsp;<\/td><td>&nbsp;<\/td><td>Wydawnictwo Nowa Era&nbsp;&nbsp;<\/td><\/tr><tr><td><strong>Fizyka<\/strong>&nbsp;<\/td><td><strong>\u201cTo jest fizyka\u201d<\/strong>&nbsp;Podr\u0119cznik do fizyki dla klasy \u00f3smej szko\u0142y podstawowej&nbsp;M.Braun, W. \u015aliwa&nbsp;&nbsp;<\/td><td>&nbsp;<\/td><td>Wydawnictwo Nowa Era&nbsp;<\/td><\/tr><tr><td><strong>Edukacja dla bezpiecze\u0144stwa<\/strong>&nbsp;<\/td><td><strong>\u201c\u017byj\u0119 i dzia\u0142am bezpiecznie\u201d<\/strong>&nbsp;Jaros\u0142aw S\u0142oma&nbsp;&nbsp;<\/td><td>&nbsp;<\/td><td>Nowa Era&nbsp;<\/td><\/tr><\/tbody><\/table><\/figure>\n","protected":false},"excerpt":{"rendered":"<p>\u00a0 WYKAZ PODR\u0118CZNIK\u00d3W OBOWI\u0104ZUJ\u0104CYCH W SZKOLE PODSTAWOWEJ IM. A. JENKE W MROWINACH W ROKU SZKOLNYM 2021\/2022 \u00a0<\/p>\n","protected":false},"author":3,"featured_media":0,"parent":0,"menu_order":0,"comment_status":"closed","ping_status":"closed","template":"","meta":[],"_links":{"self":[{"href":"http:\/\/spmrowiny.gmina.zarow.pl\/index.php\/wp-json\/wp\/v2\/pages\/12220"}],"collection":[{"href":"http:\/\/spmrowiny.gmina.zarow.pl\/index.php\/wp-json\/wp\/v2\/pages"}],"about":[{"href":"http:\/\/spmrowiny.gmina.zarow.pl\/index.php\/wp-json\/wp\/v2\/types\/page"}],"author":[{"embeddable":true,"href":"http:\/\/spmrowiny.gmina.zarow.pl\/index.php\/wp-json\/wp\/v2\/users\/3"}],"replies":[{"embeddable":true,"href":"http:\/\/spmrowiny.gmina.zarow.pl\/index.php\/wp-json\/wp\/v2\/comments?post=12220"}],"version-history":[{"count":8,"href":"http:\/\/spmrowiny.gmina.zarow.pl\/index.php\/wp-json\/wp\/v2\/pages\/12220\/revisions"}],"predecessor-version":[{"id":16111,"href":"http:\/\/spmrowiny.gmina.zarow.pl\/index.php\/wp-json\/wp\/v2\/pages\/12220\/revisions\/16111"}],"wp:attachment":[{"href":"http:\/\/spmrowiny.gmina.zarow.pl\/index.php\/wp-json\/wp\/v2\/media?parent=12220"}],"curies":[{"name":"wp","href":"https:\/\/api.w.org\/{rel}","templated":true}]}}